{"id":4471,"date":"2022-02-03T09:05:14","date_gmt":"2022-02-03T06:05:14","guid":{"rendered":"https:\/\/betotrade.ee\/tietosuojakaytanto\/"},"modified":"2022-05-31T09:35:11","modified_gmt":"2022-05-31T06:35:11","slug":"tietosuojakaytanto","status":"publish","type":"page","link":"https:\/\/betotrade.ee\/fi\/tietosuojakaytanto\/","title":{"rendered":"Tietosuojak\u00e4yt\u00e4nt\u00f6"},"content":{"rendered":"\r\n<p><strong>Ev\u00e4steiden k\u00e4ytt\u00f6 ja tietosuojaseloste<\/strong><\/p>\r\n<p>T\u00e4m\u00e4 ev\u00e4steiden k\u00e4yt\u00f6n ja tietosuojaseloste (j\u00e4ljemp\u00e4n\u00e4 seloste) sis\u00e4lt\u00e4\u00e4 hy\u00f6dyllisi\u00e4 tietoja siit\u00e4, miten ja mit\u00e4 varten yritys ker\u00e4\u00e4 henkil\u00f6tietoja, k\u00e4sittelee ja siirt\u00e4\u00e4 niit\u00e4. Tietosuojak\u00e4yt\u00e4nt\u00f6 perustuu tietosuoja-asetuksen (GDPR \u2013 General Data Protection Regulation) s\u00e4\u00e4d\u00f6ksiin.<\/p>\r\n<p>Tietosuojak\u00e4yt\u00e4nn\u00f6n tavoitteena on suojata asiakkaan yksityisyytt\u00e4 Viron lains\u00e4\u00e4d\u00e4nn\u00f6n ja EU:n s\u00e4\u00e4d\u00f6sten vaatimalla tavalla.<\/p>\r\n<p>\u201cHenkil\u00f6tiedot\u201d ovat mit\u00e4 tahansa tunnistettua tai tunnistamatonta luonnollista henkil\u00f6\u00e4 koskevat tiedot, mm. nimi, osoite, s\u00e4hk\u00f6postiosoite sek\u00e4 sivustomme k\u00e4ytt\u00f6\u00e4, sosiaalisen median kanavien ja meid\u00e4n palveluidemme k\u00e4ytt\u00f6\u00e4 koskevat tiedot.<\/p>\r\n<p>K\u00e4ytt\u00e4m\u00e4ll\u00e4 meid\u00e4n sivustoa hyv\u00e4ksyt ev\u00e4steiden k\u00e4yt\u00f6n ja henkil\u00f6tietojen k\u00e4sittelyehdot sellaisina, jollaisina niist\u00e4 on s\u00e4\u00e4detty Ev\u00e4steiden k\u00e4yt\u00f6n ja tietosuojak\u00e4yt\u00e4nn\u00f6ss\u00e4.<\/p>\r\n<p>Voimassa 22.07.2020 alkaen<\/p>\r\n<ol>\r\n<li><strong>Kenen tietoja BETOTRADE O\u00dc k\u00e4sittelee?<\/strong><\/li>\r\n<\/ol>\r\n<p>BETOTRADE O\u00dc on henkil\u00f6tietojen rekisterinpit\u00e4j\u00e4 ja jos sinulla on tiedusteltavaa, l\u00e4het\u00e4 viesti osoitteeseen info@betotrade.ee<\/p>\r\n<p>BETOTRADE O\u00dc k\u00e4sittelee asiakkaittensa ja yhteyshenkil\u00f6ittens\u00e4 tietoja, jotka ovat ilmaisseet haluavansa k\u00e4ytt\u00e4\u00e4 meid\u00e4n palveluita tai ovat aikaisemmin meid\u00e4n palveluita k\u00e4ytt\u00e4neet.<\/p>\r\n<p>K\u00e4sittelemme tietyiss\u00e4 tapauksissa henkil\u00f6tietoja, jotka ovat saatavissa julkisista l\u00e4hteist\u00e4.<\/p>\r\n<ol start=\"2\">\r\n<li><strong> Asiakkaan henkil\u00f6tietojen (tietojen) k\u00e4sittelemisen tavoitteet ja oikeudelliset perusteet<\/strong><\/li>\r\n<\/ol>\r\n<p>Me k\u00e4sittelemme meid\u00e4n markkinointikanavien vapaaehtoisten k\u00e4ytt\u00e4jien ja palveluiden k\u00e4ytt\u00e4jien sek\u00e4 asiakkaiden (mm. asiakkaiden edustajien) henkil\u00f6tietoja mm. sit\u00e4 varten, jotta voisimme hoitaa sopimukselliset velvollisuutemme ja tarjoa potentiaalisille asiakkaille laadukkaampaa palvelua ja tietoja.<\/p>\r\n<p>Jos BETOTRADE O\u00dc k\u00e4sittelee henkil\u00f6tietoja n\u00e4ihin tarkoituksiin, on k\u00e4sittelyn oikeudellisena perusteena meid\u00e4n oikeutettu etu varmistaa meid\u00e4n palveluiden asianmukainen ja laadukkaampi tarjoaminen.<\/p>\r\n<p>Ker\u00e4\u00e4mme BETOTRADE O\u00dc:n markkinointikanavista (mm. sivustolla) tietoja niiden k\u00e4yt\u00f6n ja potentiaalisten asiakkaiden kiinnostuksen kohteiden osalta, jotta voisimme paremmin ymm\u00e4rt\u00e4\u00e4 asiakkaiden todellisia kiinnostuksen kohteita, tarjota laadukkaampaa tietoa sek\u00e4 parantaa sivuston toimivuutta ja k\u00e4ytt\u00e4j\u00e4yst\u00e4v\u00e4llisyytt\u00e4.<\/p>\r\n<p>T\u00e4llaisessa tapauksessa on k\u00e4sittelyn oikeudellisena perusteena meid\u00e4n oikeutettu etu ymm\u00e4rt\u00e4\u00e4 paremmin asiakkaiden tarpeita ja tarjota parempaa palvelua.<\/p>\r\n<p>BETOTRADE O\u00dc k\u00e4sittelee mm. asiakkaan ostok\u00e4ytt\u00e4ytymist\u00e4, uutiskirjeiden lukemista ja avaamista sek\u00e4 mainosten avaamista koskevia tietoja, tarkoituksenaan tarjota asiakkaalle h\u00e4nt\u00e4 kiinnostavia tarjouksia ja sis\u00e4lt\u00f6\u00e4.<\/p>\r\n<p>BETOTRADE O\u00dc k\u00e4sittelee henkil\u00f6tietoja seuraaviin tarkoituksiin:<\/p>\r\n<ul>\r\n<li>BETOTRADE O\u00dc:n asiakastietokannan luominen ja sen hallinnointi;<\/li>\r\n<li>asiakkaalle uusien palveluiden tarjoaminen;<\/li>\r\n<li>BETOTRADE O\u00dc:n tarjoamien palveluiden analysointi ja t\u00e4ydent\u00e4minen;<\/li>\r\n<li>sivuston hallinnointi;<\/li>\r\n<li>lains\u00e4\u00e4d\u00e4nn\u00f6ss\u00e4 s\u00e4\u00e4dettyjen vaatimusten noudattaminen;<\/li>\r\n<li>asiakkaan tiedusteluihin vastaaminen;<\/li>\r\n<li>todistusten ja sertifikaattien antaminen<\/li>\r\n<\/ul>\r\n<ol start=\"3\">\r\n<li><strong> Miten tietoja ker\u00e4t\u00e4\u00e4n<\/strong><\/li>\r\n<\/ol>\r\n<p>Ker\u00e4\u00e4mme henkil\u00f6tietoja yleens\u00e4 suoraan rekister\u00f6idyilt\u00e4 ja heid\u00e4n suostumuksellaan. Sen lis\u00e4ksi k\u00e4yt\u00e4mme automatisoituja tiedonker\u00e4ysv\u00e4lineit\u00e4, muun muassa ev\u00e4steit\u00e4 ja muita seurantav\u00e4lineit\u00e4, jotta voisimme optimoida sivustomme k\u00e4ytt\u00f6kokemuksen ja tarjota asiakkaillemme parempia palveluita.<\/p>\r\n<p>Ev\u00e4steet ja pikselitunnisteet ja niiden k\u00e4yt\u00f6n kielt\u00e4minen<\/p>\r\n<p>Ev\u00e4ste (cookie) on pieni tekstitiedosto, jonka verkkoselain l\u00e4hett\u00e4\u00e4 k\u00e4ytt\u00e4j\u00e4n verkkoselaimeen ja joka tallennetaan k\u00e4ytt\u00e4j\u00e4n tietokoneen kiintolevyyn ja joka mahdollistaa k\u00e4ytt\u00e4j\u00e4n valintojen, mm. kirjainkoon, asiointikielen, laitteen tietojen, vierailutilastojen yms. tietojen muistamisen.<\/p>\r\n<p>Kaikkien verkkoselainten oletusasetuksena on sallia ev\u00e4steiden k\u00e4ytt\u00f6, mutta verkkoselaimen asetuksia voi yleens\u00e4 muuttaa siten, ett\u00e4 verkkoselain kielt\u00e4ytyy ev\u00e4steist\u00e4 kokonaan, est\u00e4\u00e4 kolmansien henkil\u00f6iden ev\u00e4steiden k\u00e4yt\u00f6n tai ilmoittaa k\u00e4ytt\u00e4j\u00e4lle jokaisesta l\u00e4hetetyst\u00e4 ev\u00e4steest\u00e4.<\/p>\r\n<p>Pikselitunnisteet ovat pieni\u00e4 sivuston koodin osia, jotka mahdollistavat ev\u00e4steiden sijoittamisen sivustoille ja niiden lukemisen. Pikselitunnisteet k\u00e4ynnistyv\u00e4t, kun k\u00e4ytt\u00e4j\u00e4 avaa s\u00e4hk\u00f6postiviestin tai siirtyy sivustolle, jonka j\u00e4lkeen ladataan kolmansien henkil\u00f6iden ev\u00e4steet tai rekister\u00f6id\u00e4\u00e4n, ett\u00e4 k\u00e4ytt\u00e4j\u00e4 on avannut s\u00e4hk\u00f6postiviestin.<\/p>\r\n<p>BETOTRADE O\u00dc k\u00e4ytt\u00e4\u00e4 seuraavia ev\u00e4steit\u00e4:<\/p>\r\n<ul>\r\n<li>Istuntokohtaiset ev\u00e4steet (tilap\u00e4iset ev\u00e4steet), joiden tarkoituksena on mahdollistaa palvelun k\u00e4ytt\u00f6.<\/li>\r\n<li>Pysyv\u00e4t ev\u00e4steet (jotka tallennetaan k\u00e4ytt\u00e4j\u00e4n tietokoneelle verkkoselaimen sulkemisen j\u00e4lkeen), joiden tarkoituksena on muistaa asiakkaan BETOTRADE O\u00dc:n sivustoilla tekem\u00e4t valinnat.<\/li>\r\n<\/ul>\r\n<p>BETOTRADE O\u00dc k\u00e4ytt\u00e4\u00e4 tarkemmin ottaen:<\/p>\r\n<ul>\r\n<li>analyyttisi\u00e4 ev\u00e4steit\u00e4, jotka ker\u00e4\u00e4v\u00e4t tietoja siit\u00e4, miten sivustoa k\u00e4ytet\u00e4\u00e4n. Esimerkiksi: millaisilla sis\u00e4lt\u00f6sivuilla vieraillaan eniten ja mit\u00e4 vierailijat sivustolta hakevat jne. N\u00e4m\u00e4 ev\u00e4steet eiv\u00e4t ker\u00e4\u00e4 tietoja, jotka mahdollistaisivat sivuston k\u00e4ytt\u00e4j\u00e4n v\u00e4litt\u00f6m\u00e4n tunnistamisen. N\u00e4ihin ev\u00e4steisiin lukeutuvat mm. Google Analyticsin ja Hotjarin ev\u00e4steet.<\/li>\r\n<li>mainosev\u00e4steet, jotka auttavat tarjoamaan k\u00e4ytt\u00e4j\u00e4n kiinnostuksen kohteiden mukaan kohdistettuja mainoksia. Kiudbetoon.ee-sivustolle on lis\u00e4tty mm. Facebook Pixel -koodi ja jos et halua en\u00e4\u00e4 n\u00e4hd\u00e4 BETOTRADE O\u00dc:n sivun Facebookissa, niin voit kielt\u00e4\u00e4 sen k\u00e4yt\u00f6n. Avaa\u00a0<a href=\"https:\/\/www.facebook.com\/ads\/preferences\">https:\/\/www.facebook.com\/ads\/preferences<\/a>\u00a0ja poista valinta \u201cMainostajat, joiden kanssa olet asioinut\u201d alta Eurotoetused.<\/li>\r\n<li>kolmansien osapuolien ev\u00e4steit\u00e4, mm. YouTube ja Google Maps. Sijaintipaikan karttaa ja videoita ei kuvata, jos et ole hyv\u00e4ksynyt tietosuojak\u00e4yt\u00e4nt\u00f6\u00e4. Jotta se olisi teknisesti mahdollista, k\u00e4yt\u00e4mme Avada kujundusin luomia privacy_embeds ev\u00e4stett\u00e4.<\/li>\r\n<\/ul>\r\n<p>K\u00e4ytt\u00e4j\u00e4ll\u00e4 on oikeus kielt\u00e4yty\u00e4 ev\u00e4steiden tietokoneelleen tallentamisesta. N\u00e4in halutessa on k\u00e4ytt\u00e4j\u00e4n muutettava verkkoselaimensa asetuksia.<\/p>\r\n<p>Ohjeet eniten k\u00e4ytettyjen verkkoselainten asetusten muuttamiseen:<\/p>\r\n<p>Internet Explorer:\u00a0<a href=\"http:\/\/support.microsoft.com\/kb\/278835\">http:\/\/support.microsoft.com\/kb\/278835<\/a><\/p>\r\n<p>Crome:\u00a0<a href=\"https:\/\/support.google.com\/chrome\/answer\/95647?hl=en\">https:\/\/support.google.com\/chrome\/answer\/95647?hl=en<\/a><\/p>\r\n<p>Firefox:\u00a0<a href=\"http:\/\/support.mozilla.org\/en-US\/kb\/Clear%20Recent%20History\">http:\/\/support.mozilla.org\/en-US\/kb\/Clear%20Recent%20History<\/a><\/p>\r\n<p>Opera:\u00a0<a href=\"https:\/\/www.opera.com\/help\/tutorials\/security\/privacy\/\">http:\/\/www.opera.com\/browser\/tutorials\/security\/privacy<\/a><\/p>\r\n<p>Safari:\u00a0<a href=\"https:\/\/support.apple.com\/guide\/safari\/manage-cookies-and-website-data-sfri11471\/mac\">https:\/\/support.apple.com\/guide\/safari\/manage-cookies-and-website-data-sfri11471\/mac<\/a><\/p>\r\n<p>K\u00e4ytt\u00e4j\u00e4n on huomioitava, ett\u00e4 ev\u00e4steiden k\u00e4yt\u00f6n est\u00e4minen saattaa aiheuttaa sen, ett\u00e4 verkkosivun kaikki toiminnot eiv\u00e4t ole mahdollisesti en\u00e4\u00e4 k\u00e4ytt\u00e4j\u00e4n k\u00e4ytett\u00e4viss\u00e4.<\/p>\r\n<ol start=\"4\">\r\n<li><strong> BETOTRADE O\u00dc:n k\u00e4sittelem\u00e4t henkil\u00f6tiedot (mm. tiedot)<\/strong><\/li>\r\n<\/ol>\r\n<p>BETOTRADE O\u00dc on oikeutettu k\u00e4sittelem\u00e4\u00e4n seuraavia henkil\u00f6tietoja (mm. tietoja).<\/p>\r\n<p>yhteystiedot \u2013 nimi, s\u00e4hk\u00f6postiosoite ja puhelinnumero<\/p>\r\n<p>sopimuksen noudattamisen yhteydess\u00e4 ker\u00e4tt\u00e4v\u00e4t ja syntyv\u00e4t tiedot \u2013 henkil\u00f6tunnus, asiakkaan kiinnostuksen kohteet liittyen BETOTRADE O\u00dc:n tarjoamiin tuotteisiin ja palveluihin, meid\u00e4n palveluista annettu palaute, asiakkaan ty\u00f6t\u00e4, liiketoimintaa tai opiskelutottumuksia ja odotuksia koskevat tiedot.<\/p>\r\n<p>automaattisesti ker\u00e4tt\u00e4v\u00e4t tiedot \u2013 k\u00e4ytt\u00e4j\u00e4n verkkoselaimesta saadut tiedot, mm. verkkoselaimen tyyppi, laitetyyppi, asiointikieli, verkkosivun osoite, jonka kautta k\u00e4ytt\u00e4j\u00e4 on saapunut, millaisia sis\u00e4lt\u00f6sivuja h\u00e4n on tutkinut sek\u00e4 k\u00e4ytt\u00e4j\u00e4n IP-osoite ja muut liikennetiedot.<\/p>\r\n<p>k\u00e4ytt\u00e4j\u00e4n toimet BETOTRADE O\u00dc:n l\u00e4hett\u00e4miin viesteihin liittyen \u2013 muun muassa tiedot siit\u00e4, millaisia viestej\u00e4 ja milloin ja miten k\u00e4ytt\u00e4j\u00e4 on avannut.<\/p>\r\n<p>muut henkil\u00f6tiedot \u2013 mink\u00e4 olet muuttanut julkisesti saataviksi tai meid\u00e4n saataviksi kolmansien henkil\u00f6iden sosiaalisten verkostojen, mm. LinkedInin, Facebookin, Google Plusin, Instagramin yms. kautta.<\/p>\r\n<p>BETOTRADE O\u00dc ei k\u00e4sittelee rekisterinpit\u00e4j\u00e4n\u00e4 erityisi\u00e4 henkil\u00f6tietoryhmi\u00e4.<\/p>\r\n<ol start=\"5\">\r\n<li><strong> Henkil\u00f6tietojen jakaminen<\/strong><\/li>\r\n<\/ol>\r\n<p>BETOTRADE O\u00dc ei siirr\u00e4 asiakkaan tietoja Euroopan (EU:n) talousalueen ulkopuolelle.<\/p>\r\n<p>BETOTRADE O\u00dc ei jaa asiakkaan henkil\u00f6tietoja kolmansille osapuolille, paitsi alla luetelluilla ehdoilla. Kaikkia tietoja k\u00e4ytet\u00e4\u00e4n vain asiointiin ja paremman tuotteen tai palvelun tarjoamisen tarkoituksessa.<\/p>\r\n<p>Saatamme jakaa henkil\u00f6tietojasi seuraavissa tapauksissa:<\/p>\r\n<ul>\r\n<li>Velkojen perint\u00e4 \u2013 velkojen perint\u00e4palveluiden tarjoajat, maksuh\u00e4iri\u00f6rekisterit.<\/li>\r\n<li>Kansalliset viranomaiset ja poliisi.<\/li>\r\n<li>Julkinen palaute asiakkaan suostumuksella.<\/li>\r\n<li>Yritys siirt\u00e4\u00e4 maksusuorituksia varten tarvittavat henkil\u00f6tiedot henkil\u00f6tietojen k\u00e4sittelij\u00e4lle Maksekeskus AS:lle<\/li>\r\n<\/ul>\r\n<ol start=\"6\">\r\n<li><strong> Henkil\u00f6tietojen (tietojen) turvallisuus, k\u00e4ytt\u00f6 ja s\u00e4ilytt\u00e4minen<\/strong><\/li>\r\n<\/ol>\r\n<p>BETOTRADE O\u00dc voi l\u00e4hett\u00e4\u00e4 asiakkailleen palveluitaan, tuotteitaan, uutiskirjeit\u00e4\u00e4n ja tarjouksia koskevia tietoja, jos asiakas on itse antanut meille yhteystietonsa, mutta siihen saakka, kunnes asiakas ei ole pyyt\u00e4nyt viime mainittujen toimintojen p\u00e4\u00e4tt\u00e4mist\u00e4 tai poistunut uutiskirjeen vastaanottajien listalta.<\/p>\r\n<p>6.1. Henkil\u00f6tietojen turvallisuus<\/p>\r\n<p>Henkil\u00f6tietojen turvallinen s\u00e4ilytt\u00e4minen on BETOTRADE O\u00dc:n korkein turvallisuuteen liittyv\u00e4 prioriteetti. Pyrimme tekem\u00e4\u00e4n kaiken voitavamme, jotta est\u00e4isimme luvattoman p\u00e4\u00e4syn tietoihin, niiden julkistamisen tai muun laittoman k\u00e4sittelyn. Suojaamme henkil\u00f6tietojen luottamuksellisuutta ja koskemattomuutta sek\u00e4 varmistamme p\u00e4\u00e4syn tietoihin vain voimassa olevassa lains\u00e4\u00e4d\u00e4nn\u00f6ss\u00e4 s\u00e4\u00e4detyll\u00e4 tavalla.<\/p>\r\n<p>Olemme soveltaneet meid\u00e4n ker\u00e4\u00e4mien ja k\u00e4sittelemien henkil\u00f6tietojen suojaamiseen kohtuullisia ja riitt\u00e4vi\u00e4 organisaation sis\u00e4isi\u00e4 toimenpiteit\u00e4 sek\u00e4 teknisi\u00e4 ja fyysisi\u00e4 rajoituksia. K\u00e4yt\u00e4mme toimenpiteit\u00e4 henkil\u00f6tietojen tyypin ja niiden julkistamisen mahdollisten seuraamusten mukaisesti.<\/p>\r\n<p>BETOTRADE O\u00dc on soveltanut tarvittavia teknisi\u00e4, fyysisi\u00e4 ja j\u00e4rjest\u00f6llisi\u00e4 turvallisuustoimenpiteit\u00e4 asiakkaan henkil\u00f6tietojen (tietojen) tuhoutumiselta ja laittomalta k\u00e4sittelylt\u00e4 suojaamiseen.<\/p>\r\n<p>6.2. S\u00e4ilytysaika \u2013 kuinka pitk\u00e4\u00e4n henkil\u00f6tietoja s\u00e4ilytet\u00e4\u00e4n?<\/p>\r\n<p>BETOTRADE O\u00dc s\u00e4ilytt\u00e4\u00e4 henkil\u00f6tietoja vain niin kauan, kuin se on niiden ker\u00e4\u00e4misen tavoitteisiin p\u00e4\u00e4semisen kannalta tarpeellista. S\u00e4ilytysaika riippuu my\u00f6s tarpeesta vastata rekister\u00f6ityjen tiedusteluihin, selvitt\u00e4\u00e4 ongelmia ja noudattaa laissa s\u00e4\u00e4dettyj\u00e4 asiakirjojen s\u00e4ilytt\u00e4misen vaatimuksia.<\/p>\r\n<p>Jos emme tarvitse en\u00e4\u00e4 henkil\u00f6tietoja ja laissa ei ole s\u00e4\u00e4detty niiden s\u00e4ilytt\u00e4misen tarpeesta, poistamme tarpeettomat henkil\u00f6tiedot.<\/p>\r\n<p>Saatamme jatkaa ko. tietojen k\u00e4ytt\u00e4mist\u00e4 tilastollisiin tarkoituksiin, mutta vain pseudonymisoidussa tai anonymisoidussa muodossa.<\/p>\r\n<p>Jos sinulla on kysymyksi\u00e4, l\u00e4het\u00e4 tiedustelusi osoitteeseen info@eurotoetused.ee<\/p>\r\n<ol start=\"7\">\r\n<li><strong> Asiakkaan (rekister\u00f6idyn) oikeudet<\/strong><\/li>\r\n<\/ol>\r\n<p>Asiakkaalla on oikeus p\u00e4\u00e4syyn BETOTRADE O\u00dc:n toimesta k\u00e4siteltyihin Asiakkaan itsens\u00e4 henkil\u00f6tietoihin ja oikeus vaatia ep\u00e4tarkkojen henkil\u00f6tietojen korjaamista.<\/p>\r\n<p>Jos Asiakkaalla on kysytt\u00e4v\u00e4\u00e4 omista oikeuksistaan tai h\u00e4n katsoo, ett\u00e4 BETOTRADE O\u00dc on laiminly\u00f6nyt h\u00e4nen henkil\u00f6tietojensa (tietojensa) k\u00e4sittelyss\u00e4 h\u00e4nen oikeuksiaan, h\u00e4nen olisi ehdottomasti otettava yhteytt\u00e4 l\u00e4hett\u00e4m\u00e4ll\u00e4 viestin s\u00e4hk\u00f6postiosoitteeseen info@kiudbetoon.ee.<\/p>\r\n<p>Jos et halua saada BETOTRADE O\u00dc:n markkinointiviestej\u00e4, voit luopua niist\u00e4, noudattamalla jokaisen markkinointiviestin alaosassa olevaa luopumisohjetta tai ottamalla sivuston kautta meihin yhteytt\u00e4.<\/p>\r\n<p>Rekister\u00f6idyn oikeudet<\/p>\r\n<p>Oikeus korjaamiseen \u2013 rekister\u00f6idyll\u00e4 on oikeus vaatia, ett\u00e4 h\u00e4neen liittyv\u00e4t ep\u00e4tarkat henkil\u00f6tiedot korjataan ilman turhaa viiv\u00e4styst\u00e4.<\/p>\r\n<p>Oikeus poistamiseen \u2013 rekister\u00f6idyll\u00e4 on oikeus vaatia, ett\u00e4 h\u00e4nen henkil\u00f6tietonsa poistetaan ilman turhaa viiv\u00e4styst\u00e4, edellytt\u00e4en, ett\u00e4 tietyt lis\u00e4ehdot ovat t\u00e4yttyneet.<\/p>\r\n<p>Rekister\u00f6idyll\u00e4 on tietyill\u00e4 ehdoilla oikeus rajoittaa henkil\u00f6tietojensa k\u00e4sittely\u00e4.<\/p>\r\n<p>Rekister\u00f6idyll\u00e4 on oikeus tutusta henkil\u00f6tietoihin, joita me h\u00e4nen osaltaan s\u00e4ilyt\u00e4mme ja joita h\u00e4n on meille antanut sek\u00e4 oikeus siirt\u00e4\u00e4 n\u00e4m\u00e4 tiedot toiselle rekisterinpit\u00e4j\u00e4lle, jos se on teknisesti mahdollista ja k\u00e4sittely tapahtuu suostumuksen tai sopimuksen perusteella ja automatisoidusti.<\/p>\r\n<p>Rekister\u00f6idyll\u00e4 on oikeus tiettyyn tilanteeseen vedoten esitt\u00e4\u00e4 vastav\u00e4itteit\u00e4 omien henkil\u00f6tietojensa suojaamisen osalta, joka tapahtuu lains\u00e4\u00e4d\u00e4nn\u00f6ss\u00e4 s\u00e4\u00e4dettyjen ehtojen perusteella, muun muassa n\u00e4iden s\u00e4\u00e4d\u00f6sten perusteella tapahtuvan profiilin analysoinnin suhteen.<\/p>\r\n<p>Jos laissa ei ole toisin s\u00e4\u00e4detty, on rekister\u00f6idyll\u00e4 oikeus siihen, ett\u00e4 h\u00e4nen osaltaan ei teht\u00e4isi p\u00e4\u00e4t\u00f6st\u00e4, joka perustuu vain automatisoituun k\u00e4sittelyyn, muun muassa profiilin analysointiin, ja aiheuttaa rekister\u00f6idylle oikeudellisia seuraamuksia tai kohdistaa h\u00e4neen huomattavaa vaikutusta.<\/p>\r\n<p>Jos henkil\u00f6tietojen k\u00e4sittelyn perusteena on rekister\u00f6idyn antama suostumus, on rekister\u00f6idyll\u00e4 oikeus peruuttaa antamansa suostumus milloin tahansa ja ilman, ett\u00e4 se vaikuttaisi ennen peruuttamista suostumuksen perusteella tapahtuneen k\u00e4sittelyn laillisuuteen.<\/p>\r\n<p>Jos haluat k\u00e4ytt\u00e4\u00e4 t\u00e4t\u00e4 oikeuttasi, ota meihin yhteytt\u00e4.<\/p>\r\n<p>Jos BETOTRADE O\u00dc:n tarjoama vaihtoehto ei ole tyydytt\u00e4v\u00e4, on sinulla oikeus k\u00e4\u00e4nty\u00e4 asian selvitt\u00e4miseen Viron tietosuojaviranomaisen (Andmekaitse Inspektsioon) tai tuomioistuimen puoleen.<\/p>\r\n<ol start=\"8\">\r\n<li><strong> Muut s\u00e4\u00e4d\u00f6kset<\/strong><\/li>\r\n<\/ol>\r\n<p>BETOTRADE O\u00dc pid\u00e4tt\u00e4\u00e4 oikeuden Ev\u00e4steiden k\u00e4yt\u00f6n ja tietosuojak\u00e4yt\u00e4nn\u00f6n yksipuoliseen muuttamiseen. Ev\u00e4steiden k\u00e4yt\u00f6n ja tietosuojak\u00e4yt\u00e4nn\u00f6n uusin versio on aina saatavissa t\u00e4ll\u00e4 sivustolla.<\/p>\r\n<p>T\u00e4m\u00e4n Ev\u00e4steiden k\u00e4yt\u00f6n ja tietosuojak\u00e4yt\u00e4nn\u00f6n osalta sovelletaan Viron lains\u00e4\u00e4d\u00e4nt\u00f6\u00e4. Tietosuojak\u00e4yt\u00e4nn\u00f6st\u00e4 johtuvat erimielisyydet tai vaatimukset selvitet\u00e4\u00e4n Tallinnassa Harjun k\u00e4r\u00e4j\u00e4oikeudessa.<\/p>\r\n<p>&nbsp;<\/p>\r\n","protected":false},"excerpt":{"rendered":"<p>Ev\u00e4steiden k\u00e4ytt\u00f6 ja tietosuojaseloste T\u00e4m\u00e4 ev\u00e4steiden k\u00e4yt\u00f6n ja tietosuojaseloste (j\u00e4ljemp\u00e4n\u00e4<\/p>\n","protected":false},"author":1,"featured_media":0,"parent":0,"menu_order":0,"comment_status":"closed","ping_status":"closed","template":"","meta":{"footnotes":""},"class_list":["post-4471","page","type-page","status-publish","hentry"],"yoast_head":"<!-- This site is optimized with the Yoast SEO plugin v27.3 - https:\/\/yoast.com\/product\/yoast-seo-wordpress\/ -->\n<title>Tietosuojak\u00e4yt\u00e4nt\u00f6 - Betotrade<\/title>\n<meta name=\"robots\" content=\"index, follow, max-snippet:-1, max-image-preview:large, max-video-preview:-1\" \/>\n<link rel=\"canonical\" href=\"https:\/\/betotrade.ee\/fi\/tietosuojakaytanto\/\" \/>\n<meta property=\"og:locale\" content=\"fi_FI\" \/>\n<meta property=\"og:type\" content=\"article\" \/>\n<meta property=\"og:title\" content=\"Tietosuojak\u00e4yt\u00e4nt\u00f6 - Betotrade\" \/>\n<meta property=\"og:description\" content=\"Ev\u00e4steiden k\u00e4ytt\u00f6 ja tietosuojaseloste T\u00e4m\u00e4 ev\u00e4steiden k\u00e4yt\u00f6n ja tietosuojaseloste (j\u00e4ljemp\u00e4n\u00e4\" \/>\n<meta property=\"og:url\" content=\"https:\/\/betotrade.ee\/fi\/tietosuojakaytanto\/\" \/>\n<meta property=\"og:site_name\" content=\"Betotrade\" \/>\n<meta property=\"article:modified_time\" content=\"2022-05-31T06:35:11+00:00\" \/>\n<meta name=\"twitter:card\" content=\"summary_large_image\" \/>\n<meta name=\"twitter:label1\" content=\"Arvioitu lukuaika\" \/>\n\t<meta name=\"twitter:data1\" content=\"8 minuuttia\" \/>\n<script type=\"application\/ld+json\" class=\"yoast-schema-graph\">{\"@context\":\"https:\\\/\\\/schema.org\",\"@graph\":[{\"@type\":\"WebPage\",\"@id\":\"https:\\\/\\\/betotrade.ee\\\/fi\\\/tietosuojakaytanto\\\/\",\"url\":\"https:\\\/\\\/betotrade.ee\\\/fi\\\/tietosuojakaytanto\\\/\",\"name\":\"Tietosuojak\u00e4yt\u00e4nt\u00f6 - Betotrade\",\"isPartOf\":{\"@id\":\"https:\\\/\\\/betotrade.ee\\\/fi\\\/#website\"},\"datePublished\":\"2022-02-03T06:05:14+00:00\",\"dateModified\":\"2022-05-31T06:35:11+00:00\",\"breadcrumb\":{\"@id\":\"https:\\\/\\\/betotrade.ee\\\/fi\\\/tietosuojakaytanto\\\/#breadcrumb\"},\"inLanguage\":\"fi\",\"potentialAction\":[{\"@type\":\"ReadAction\",\"target\":[\"https:\\\/\\\/betotrade.ee\\\/fi\\\/tietosuojakaytanto\\\/\"]}]},{\"@type\":\"BreadcrumbList\",\"@id\":\"https:\\\/\\\/betotrade.ee\\\/fi\\\/tietosuojakaytanto\\\/#breadcrumb\",\"itemListElement\":[{\"@type\":\"ListItem\",\"position\":1,\"name\":\"Home\",\"item\":\"https:\\\/\\\/betotrade.ee\\\/fi\\\/\"},{\"@type\":\"ListItem\",\"position\":2,\"name\":\"Tietosuojak\u00e4yt\u00e4nt\u00f6\"}]},{\"@type\":\"WebSite\",\"@id\":\"https:\\\/\\\/betotrade.ee\\\/fi\\\/#website\",\"url\":\"https:\\\/\\\/betotrade.ee\\\/fi\\\/\",\"name\":\"Betotrade\",\"description\":\"Betotrade betooni lahendused\",\"potentialAction\":[{\"@type\":\"SearchAction\",\"target\":{\"@type\":\"EntryPoint\",\"urlTemplate\":\"https:\\\/\\\/betotrade.ee\\\/fi\\\/?s={search_term_string}\"},\"query-input\":{\"@type\":\"PropertyValueSpecification\",\"valueRequired\":true,\"valueName\":\"search_term_string\"}}],\"inLanguage\":\"fi\"}]}<\/script>\n<!-- \/ Yoast SEO plugin. -->","yoast_head_json":{"title":"Tietosuojak\u00e4yt\u00e4nt\u00f6 - Betotrade","robots":{"index":"index","follow":"follow","max-snippet":"max-snippet:-1","max-image-preview":"max-image-preview:large","max-video-preview":"max-video-preview:-1"},"canonical":"https:\/\/betotrade.ee\/fi\/tietosuojakaytanto\/","og_locale":"fi_FI","og_type":"article","og_title":"Tietosuojak\u00e4yt\u00e4nt\u00f6 - Betotrade","og_description":"Ev\u00e4steiden k\u00e4ytt\u00f6 ja tietosuojaseloste T\u00e4m\u00e4 ev\u00e4steiden k\u00e4yt\u00f6n ja tietosuojaseloste (j\u00e4ljemp\u00e4n\u00e4","og_url":"https:\/\/betotrade.ee\/fi\/tietosuojakaytanto\/","og_site_name":"Betotrade","article_modified_time":"2022-05-31T06:35:11+00:00","twitter_card":"summary_large_image","twitter_misc":{"Arvioitu lukuaika":"8 minuuttia"},"schema":{"@context":"https:\/\/schema.org","@graph":[{"@type":"WebPage","@id":"https:\/\/betotrade.ee\/fi\/tietosuojakaytanto\/","url":"https:\/\/betotrade.ee\/fi\/tietosuojakaytanto\/","name":"Tietosuojak\u00e4yt\u00e4nt\u00f6 - Betotrade","isPartOf":{"@id":"https:\/\/betotrade.ee\/fi\/#website"},"datePublished":"2022-02-03T06:05:14+00:00","dateModified":"2022-05-31T06:35:11+00:00","breadcrumb":{"@id":"https:\/\/betotrade.ee\/fi\/tietosuojakaytanto\/#breadcrumb"},"inLanguage":"fi","potentialAction":[{"@type":"ReadAction","target":["https:\/\/betotrade.ee\/fi\/tietosuojakaytanto\/"]}]},{"@type":"BreadcrumbList","@id":"https:\/\/betotrade.ee\/fi\/tietosuojakaytanto\/#breadcrumb","itemListElement":[{"@type":"ListItem","position":1,"name":"Home","item":"https:\/\/betotrade.ee\/fi\/"},{"@type":"ListItem","position":2,"name":"Tietosuojak\u00e4yt\u00e4nt\u00f6"}]},{"@type":"WebSite","@id":"https:\/\/betotrade.ee\/fi\/#website","url":"https:\/\/betotrade.ee\/fi\/","name":"Betotrade","description":"Betotrade betooni lahendused","potentialAction":[{"@type":"SearchAction","target":{"@type":"EntryPoint","urlTemplate":"https:\/\/betotrade.ee\/fi\/?s={search_term_string}"},"query-input":{"@type":"PropertyValueSpecification","valueRequired":true,"valueName":"search_term_string"}}],"inLanguage":"fi"}]}},"_links":{"self":[{"href":"https:\/\/betotrade.ee\/fi\/wp-json\/wp\/v2\/pages\/4471","targetHints":{"allow":["GET"]}}],"collection":[{"href":"https:\/\/betotrade.ee\/fi\/wp-json\/wp\/v2\/pages"}],"about":[{"href":"https:\/\/betotrade.ee\/fi\/wp-json\/wp\/v2\/types\/page"}],"author":[{"embeddable":true,"href":"https:\/\/betotrade.ee\/fi\/wp-json\/wp\/v2\/users\/1"}],"replies":[{"embeddable":true,"href":"https:\/\/betotrade.ee\/fi\/wp-json\/wp\/v2\/comments?post=4471"}],"version-history":[{"count":4,"href":"https:\/\/betotrade.ee\/fi\/wp-json\/wp\/v2\/pages\/4471\/revisions"}],"predecessor-version":[{"id":5562,"href":"https:\/\/betotrade.ee\/fi\/wp-json\/wp\/v2\/pages\/4471\/revisions\/5562"}],"wp:attachment":[{"href":"https:\/\/betotrade.ee\/fi\/wp-json\/wp\/v2\/media?parent=4471"}],"curies":[{"name":"wp","href":"https:\/\/api.w.org\/{rel}","templated":true}]}}