{"id":5495,"date":"2021-01-22T10:57:02","date_gmt":"2021-01-22T07:57:02","guid":{"rendered":"https:\/\/betotrade.ee\/firmasta\/"},"modified":"2022-05-30T16:51:44","modified_gmt":"2022-05-30T13:51:44","slug":"firmasta","status":"publish","type":"page","link":"https:\/\/betotrade.ee\/fi\/firmasta\/","title":{"rendered":"Firmasta"},"content":{"rendered":"<div class=\"fusion-fullwidth fullwidth-box fusion-builder-row-1 fusion-flex-container nonhundred-percent-fullwidth non-hundred-percent-height-scrolling\" style=\"--awb-border-radius-top-left:0px;--awb-border-radius-top-right:0px;--awb-border-radius-bottom-right:0px;--awb-border-radius-bottom-left:0px;--awb-padding-top:30px;--awb-padding-bottom:0px;--awb-padding-top-small:0px;--awb-flex-wrap:wrap;\" ><div class=\"fusion-builder-row fusion-row fusion-flex-align-items-flex-start fusion-flex-justify-content-center fusion-flex-content-wrap\" style=\"max-width:calc( 1200px + 80px );margin-left: calc(-80px \/ 2 );margin-right: calc(-80px \/ 2 );\"><div class=\"fusion-layout-column fusion_builder_column fusion-builder-column-0 fusion_builder_column_4_5 4_5 fusion-flex-column fusion-animated\" style=\"--awb-bg-size:cover;--awb-width-large:80%;--awb-margin-top-large:0px;--awb-spacing-right-large:40px;--awb-margin-bottom-large:80px;--awb-spacing-left-large:40px;--awb-width-medium:80%;--awb-order-medium:0;--awb-spacing-right-medium:40px;--awb-margin-bottom-medium:70px;--awb-spacing-left-medium:40px;--awb-width-small:100%;--awb-order-small:0;--awb-spacing-right-small:40px;--awb-margin-bottom-small:50px;--awb-spacing-left-small:40px;\" data-animationType=\"fadeIn\" data-animationDuration=\"1.0\" data-animationOffset=\"top-into-view\"><div class=\"fusion-column-wrapper fusion-column-has-shadow fusion-flex-justify-content-flex-start fusion-content-layout-column\"><div class=\"fusion-text fusion-text-1 fusion-text-no-margin\" style=\"--awb-content-alignment:center;--awb-font-size:var(--awb-typography2-font-size);--awb-line-height:var(--awb-typography2-line-height);--awb-letter-spacing:var(--awb-typography2-letter-spacing);--awb-text-transform:var(--awb-typography2-text-transform);--awb-margin-bottom:10px;--awb-text-font-family:var(--awb-typography2-font-family);--awb-text-font-weight:var(--awb-typography2-font-weight);--awb-text-font-style:var(--awb-typography2-font-style);\"><p>Tutustua<\/p>\n<\/div><div class=\"fusion-title title fusion-title-1 fusion-sep-none fusion-title-center fusion-title-text fusion-title-size-three\" style=\"--awb-margin-bottom:30px;--awb-margin-top-small:10px;--awb-margin-right-small:0px;--awb-margin-bottom-small:30px;--awb-margin-left-small:0px;--awb-font-size:34px;\"><h3 class=\"fusion-title-heading title-heading-center\" style=\"font-family:var(--awb-typography1-font-family);font-weight:var(--awb-typography1-font-weight);font-style:var(--awb-typography1-font-style);margin:0;letter-spacing:var(--awb-typography1-letter-spacing);text-transform:var(--awb-typography1-text-transform);font-size:1em;line-height:var(--awb-typography1-line-height);\">Tehd\u00e4 kaikki niin, ett\u00e4 rakentaja voisi keskitty\u00e4 p\u00e4\u00e4teht\u00e4v\u00e4\u00e4n \u2013 rakentamiseen. Me huolehdimme materiaalivalinnoista ja teknisist\u00e4 ratkaisusta.<\/h3><\/div><div class=\"fusion-text fusion-text-2 fusion-text-no-margin\" style=\"--awb-content-alignment:center;--awb-text-transform:none;--awb-margin-right:10%;--awb-margin-bottom:0px;--awb-margin-left:10%;\"><p align=\"JUSTIFY\">Betotrade O\u00dc on perustettu vuonna 1998 Virossa, Tarton kaupungissa. Betotrade O\u00dc on perustettu esittelem\u00e4\u00e4n ja ottamaan k\u00e4ytt\u00f6\u00f6n innovatiivisia teknologioita ja rakennusmateriaaleja Viron rakennusmarkkinoilla yhteisty\u00f6ss\u00e4 alan johtavien asiantuntijoiden kanssa Euroopasta ja muualta. Olemme keskitt\u00e4neet toimintamme p\u00e4\u00e4osin betoniin. Tarjoamme erilaisia materiaaleja teknisen suunnitteluratkaisun kanssa l\u00e4ht\u00f6teht\u00e4v\u00e4n mukaan sek\u00e4 betonin alle, betonin sis\u00e4\u00e4n ett\u00e4 betonin p\u00e4\u00e4lle.<\/p>\n<p align=\"JUSTIFY\">Toimitamme laadukkaita ja kilpailukykyisesti hinnoiteltuja rakennusmateriaaleja kaikkialta maailmasta. Autamme insin\u00f6\u00f6rej\u00e4, arkkitehteja ja rakentajia l\u00f6yt\u00e4m\u00e4\u00e4n teknisesti k\u00e4yt\u00e4nn\u00f6llisimm\u00e4t ja taloudellisimmat ratkaisut laadusta tinkim\u00e4tt\u00e4.<\/p>\n<p align=\"JUSTIFY\"><strong>Teht\u00e4v\u00e4mme:<\/strong><\/p>\n<p align=\"JUSTIFY\">Tehd\u00e4 kaikki niin, ett\u00e4 rakentaja voisi keskitty\u00e4 p\u00e4\u00e4teht\u00e4v\u00e4\u00e4n \u2013 rakentamiseen. Me huolehdimme materiaalivalinnoista ja teknisist\u00e4 ratkaisusta.<\/p>\n<\/div><\/div><\/div><div class=\"fusion-layout-column fusion_builder_column fusion-builder-column-1 fusion_builder_column_1_1 1_1 fusion-flex-column fusion-animated\" style=\"--awb-bg-size:cover;--awb-width-large:100%;--awb-margin-top-large:0px;--awb-spacing-right-large:40px;--awb-margin-bottom-large:100px;--awb-spacing-left-large:40px;--awb-width-medium:100%;--awb-order-medium:0;--awb-spacing-right-medium:40px;--awb-margin-bottom-medium:70px;--awb-spacing-left-medium:40px;--awb-width-small:100%;--awb-order-small:0;--awb-spacing-right-small:40px;--awb-margin-bottom-small:50px;--awb-spacing-left-small:40px;\" data-animationType=\"fadeInUp\" data-animationDuration=\"1.0\" data-animationOffset=\"top-into-view\"><div class=\"fusion-column-wrapper fusion-column-has-shadow fusion-flex-justify-content-flex-start fusion-content-layout-column\"><div style=\"text-align:center;\"><a class=\"fusion-button button-flat fusion-button-default-size button-custom fusion-button-default button-1 fusion-button-default-span fusion-button-default-type\" style=\"--button_accent_color:var(--awb-color8);--button_border_color:var(--awb-color8);--button_accent_hover_color:var(--awb-color1);--button_border_hover_color:var(--awb-color8);--button_border_width-top:2px;--button_border_width-right:2px;--button_border_width-bottom:2px;--button_border_width-left:2px;--button_gradient_top_color:rgba(255,182,0,0);--button_gradient_bottom_color:rgba(255,182,0,0);--button_gradient_top_color_hover:var(--awb-color8);--button_gradient_bottom_color_hover:var(--awb-color8);--button_font_size:18px;--button_padding-top:20px;--button_padding-right:40px;--button_padding-bottom:20px;--button_padding-left:40px;\" target=\"_self\" href=\"https:\/\/betotrade.ee\/kusi-pakkumist\/\"><span class=\"fusion-button-text awb-button__text awb-button__text--default\">Ota meihin yhteytt\u00e4<\/span><\/a><\/div><\/div><\/div><\/div><\/div>\n","protected":false},"excerpt":{"rendered":"","protected":false},"author":1,"featured_media":0,"parent":0,"menu_order":0,"comment_status":"closed","ping_status":"closed","template":"100-width.php","meta":{"footnotes":""},"class_list":["post-5495","page","type-page","status-publish","hentry"],"yoast_head":"<!-- This site is optimized with the Yoast SEO plugin v27.3 - https:\/\/yoast.com\/product\/yoast-seo-wordpress\/ -->\n<title>Firmasta - Betotrade<\/title>\n<meta name=\"robots\" content=\"index, follow, max-snippet:-1, max-image-preview:large, max-video-preview:-1\" \/>\n<link rel=\"canonical\" href=\"https:\/\/betotrade.ee\/fi\/firmasta\/\" \/>\n<meta property=\"og:locale\" content=\"fi_FI\" \/>\n<meta property=\"og:type\" content=\"article\" \/>\n<meta property=\"og:title\" content=\"Firmasta - Betotrade\" \/>\n<meta property=\"og:url\" content=\"https:\/\/betotrade.ee\/fi\/firmasta\/\" \/>\n<meta property=\"og:site_name\" content=\"Betotrade\" \/>\n<meta property=\"article:modified_time\" content=\"2022-05-30T13:51:44+00:00\" \/>\n<meta name=\"twitter:card\" content=\"summary_large_image\" \/>\n<meta name=\"twitter:label1\" content=\"Arvioitu lukuaika\" \/>\n\t<meta name=\"twitter:data1\" content=\"5 minuuttia\" \/>\n<script type=\"application\/ld+json\" class=\"yoast-schema-graph\">{\"@context\":\"https:\\\/\\\/schema.org\",\"@graph\":[{\"@type\":\"WebPage\",\"@id\":\"https:\\\/\\\/betotrade.ee\\\/fi\\\/firmasta\\\/\",\"url\":\"https:\\\/\\\/betotrade.ee\\\/fi\\\/firmasta\\\/\",\"name\":\"Firmasta - Betotrade\",\"isPartOf\":{\"@id\":\"https:\\\/\\\/betotrade.ee\\\/fi\\\/#website\"},\"datePublished\":\"2021-01-22T07:57:02+00:00\",\"dateModified\":\"2022-05-30T13:51:44+00:00\",\"breadcrumb\":{\"@id\":\"https:\\\/\\\/betotrade.ee\\\/fi\\\/firmasta\\\/#breadcrumb\"},\"inLanguage\":\"fi\",\"potentialAction\":[{\"@type\":\"ReadAction\",\"target\":[\"https:\\\/\\\/betotrade.ee\\\/fi\\\/firmasta\\\/\"]}]},{\"@type\":\"BreadcrumbList\",\"@id\":\"https:\\\/\\\/betotrade.ee\\\/fi\\\/firmasta\\\/#breadcrumb\",\"itemListElement\":[{\"@type\":\"ListItem\",\"position\":1,\"name\":\"Home\",\"item\":\"https:\\\/\\\/betotrade.ee\\\/fi\\\/\"},{\"@type\":\"ListItem\",\"position\":2,\"name\":\"Firmasta\"}]},{\"@type\":\"WebSite\",\"@id\":\"https:\\\/\\\/betotrade.ee\\\/fi\\\/#website\",\"url\":\"https:\\\/\\\/betotrade.ee\\\/fi\\\/\",\"name\":\"Betotrade\",\"description\":\"Betotrade betooni lahendused\",\"potentialAction\":[{\"@type\":\"SearchAction\",\"target\":{\"@type\":\"EntryPoint\",\"urlTemplate\":\"https:\\\/\\\/betotrade.ee\\\/fi\\\/?s={search_term_string}\"},\"query-input\":{\"@type\":\"PropertyValueSpecification\",\"valueRequired\":true,\"valueName\":\"search_term_string\"}}],\"inLanguage\":\"fi\"}]}<\/script>\n<!-- \/ Yoast SEO plugin. -->","yoast_head_json":{"title":"Firmasta - Betotrade","robots":{"index":"index","follow":"follow","max-snippet":"max-snippet:-1","max-image-preview":"max-image-preview:large","max-video-preview":"max-video-preview:-1"},"canonical":"https:\/\/betotrade.ee\/fi\/firmasta\/","og_locale":"fi_FI","og_type":"article","og_title":"Firmasta - Betotrade","og_url":"https:\/\/betotrade.ee\/fi\/firmasta\/","og_site_name":"Betotrade","article_modified_time":"2022-05-30T13:51:44+00:00","twitter_card":"summary_large_image","twitter_misc":{"Arvioitu lukuaika":"5 minuuttia"},"schema":{"@context":"https:\/\/schema.org","@graph":[{"@type":"WebPage","@id":"https:\/\/betotrade.ee\/fi\/firmasta\/","url":"https:\/\/betotrade.ee\/fi\/firmasta\/","name":"Firmasta - Betotrade","isPartOf":{"@id":"https:\/\/betotrade.ee\/fi\/#website"},"datePublished":"2021-01-22T07:57:02+00:00","dateModified":"2022-05-30T13:51:44+00:00","breadcrumb":{"@id":"https:\/\/betotrade.ee\/fi\/firmasta\/#breadcrumb"},"inLanguage":"fi","potentialAction":[{"@type":"ReadAction","target":["https:\/\/betotrade.ee\/fi\/firmasta\/"]}]},{"@type":"BreadcrumbList","@id":"https:\/\/betotrade.ee\/fi\/firmasta\/#breadcrumb","itemListElement":[{"@type":"ListItem","position":1,"name":"Home","item":"https:\/\/betotrade.ee\/fi\/"},{"@type":"ListItem","position":2,"name":"Firmasta"}]},{"@type":"WebSite","@id":"https:\/\/betotrade.ee\/fi\/#website","url":"https:\/\/betotrade.ee\/fi\/","name":"Betotrade","description":"Betotrade betooni lahendused","potentialAction":[{"@type":"SearchAction","target":{"@type":"EntryPoint","urlTemplate":"https:\/\/betotrade.ee\/fi\/?s={search_term_string}"},"query-input":{"@type":"PropertyValueSpecification","valueRequired":true,"valueName":"search_term_string"}}],"inLanguage":"fi"}]}},"_links":{"self":[{"href":"https:\/\/betotrade.ee\/fi\/wp-json\/wp\/v2\/pages\/5495","targetHints":{"allow":["GET"]}}],"collection":[{"href":"https:\/\/betotrade.ee\/fi\/wp-json\/wp\/v2\/pages"}],"about":[{"href":"https:\/\/betotrade.ee\/fi\/wp-json\/wp\/v2\/types\/page"}],"author":[{"embeddable":true,"href":"https:\/\/betotrade.ee\/fi\/wp-json\/wp\/v2\/users\/1"}],"replies":[{"embeddable":true,"href":"https:\/\/betotrade.ee\/fi\/wp-json\/wp\/v2\/comments?post=5495"}],"version-history":[{"count":6,"href":"https:\/\/betotrade.ee\/fi\/wp-json\/wp\/v2\/pages\/5495\/revisions"}],"predecessor-version":[{"id":5554,"href":"https:\/\/betotrade.ee\/fi\/wp-json\/wp\/v2\/pages\/5495\/revisions\/5554"}],"wp:attachment":[{"href":"https:\/\/betotrade.ee\/fi\/wp-json\/wp\/v2\/media?parent=5495"}],"curies":[{"name":"wp","href":"https:\/\/api.w.org\/{rel}","templated":true}]}}