{"id":4472,"date":"2022-02-03T09:05:14","date_gmt":"2022-02-03T06:05:14","guid":{"rendered":"https:\/\/betotrade.ee\/datu-aizsardzibas-noteikumi\/"},"modified":"2022-05-31T10:02:59","modified_gmt":"2022-05-31T07:02:59","slug":"datu-aizsardzibas-noteikumi","status":"publish","type":"page","link":"https:\/\/betotrade.ee\/lv\/datu-aizsardzibas-noteikumi\/","title":{"rendered":"Datu aizsardz\u012bbas noteikumi"},"content":{"rendered":"\r\n<p><strong>S\u012bkdat\u0146u izmanto\u0161ana un priv\u0101tuma politika<\/strong><\/p>\r\n<p>\u0160is s\u012bkfailu lieto\u0161anas un priv\u0101tuma politikas pazi\u0146ojums (\u201cPazi\u0146ojums\u201d) satur noder\u012bgu inform\u0101ciju par to, k\u0101 un k\u0101dam nol\u016bkam uz\u0146\u0113mums v\u0101c, apstr\u0101d\u0101 un koplieto personas inform\u0101ciju (datus). Priv\u0101tuma politika izriet no visp\u0101r\u0113j\u0101s datu aizsardz\u012bbas regulas (GDPR \u2013 General Data Protection Regulation).<\/p>\r\n<p>\u0160\u012bs priv\u0101tuma politikas m\u0113r\u0137is ir aizsarg\u0101t m\u016bsu klientu priv\u0101tumu saska\u0146\u0101 ar Igaunijas Republikas ties\u012bbu aktiem un Eiropas Savien\u012bbas ties\u012bbu aktiem.<\/p>\r\n<p>\u201cPersonas dati\u201d ir jebkura inform\u0101cija par identific\u0113tu vai identific\u0113jamu personu, piem\u0113ram, v\u0101rds, adrese, e-pasta adrese un inform\u0101cija par m\u016bsu vietnes apmekl\u0113jumiem, soci\u0101lo mediju kan\u0101liem un m\u016bsu pakalpojumu izmanto\u0161anu.<\/p>\r\n<p><strong>Izmantojot m\u016bsu vietni, j\u016bs piekr\u012btat s\u012bkdat\u0146u izmanto\u0161anai un personas datu apstr\u0101dei t\u0101d\u0101 veid\u0101, k\u0101 aprakst\u012bts m\u016bsu s\u012bkfailu lieto\u0161anas un priv\u0101tuma politik\u0101.<\/strong><\/p>\r\n<p>Sp\u0113k\u0101 kop\u0161 22.07.2020.<\/p>\r\n<ol>\r\n<li><strong>K\u0101dus datus BETOTRADEO\u00dc apstr\u0101d\u0101?<\/strong><\/li>\r\n<\/ol>\r\n<p>BETOTRADEO\u00dc ir atbild\u012bgais personas datu apstr\u0101d\u0101t\u0101js. Ja rodas jaut\u0101jumi, l\u016bdzu, rakst\u012bt uz adresi info@betotrade.ee<\/p>\r\n<p>BETOTRADEO\u00dc apstr\u0101d\u0101 to klientu un kontaktpersonu datus, kuri ir izteiku\u0161i v\u0113lmi izmantot m\u016bsu pakalpojumus vai iepriek\u0161 izmantoju\u0161i m\u016bsu pakalpojumus.<\/p>\r\n<p>Da\u017eos gad\u012bjumos m\u0113s apstr\u0101d\u0101jam personas inform\u0101ciju, kas ir pieejama publiskos inform\u0101cijas avotos.<\/p>\r\n<p><strong>Klienta personas datu (datu) apstr\u0101des m\u0113r\u0137i un tiesiskie pamati<\/strong><\/p>\r\n<p>M\u0113s apstr\u0101d\u0101jam br\u012bvpr\u0101t\u012bgo lietot\u0101ju un m\u016bsu m\u0101rketinga kan\u0101lu lietot\u0101ju un klientu (tostarp klientu p\u0101rst\u0101vju) personas datus, lai izpild\u012btu m\u016bsu l\u012bgumsaist\u012bbas, k\u0101 ar\u012b nodro\u0161in\u0101tu lab\u0101ku apkalpo\u0161anu un inform\u0101ciju potenci\u0101lajiem klientiem.<\/p>\r\n<p>Kad BETOTRADEO\u00dc \u0161iem nol\u016bkiem apstr\u0101d\u0101 personas datus, apstr\u0101des tiesiskais pamats ir m\u016bsu le\u0123it\u012bm\u0101s intereses nodro\u0161in\u0101t pareizu un kvalitat\u012bv\u0101ku m\u016bsu pakalpojumu snieg\u0161anu.<\/p>\r\n<p>No BETOTRADEO\u00dc m\u0101rketinga kan\u0101liem (t.sk. m\u0101jaslapas) m\u0113s apkopojam datus par to izmanto\u0161anu un potenci\u0101lo klientu interes\u0113m, lai lab\u0101k izprastu m\u016bsu klientu paties\u0101s intereses, sniegtu kvalitat\u012bv\u0101ku inform\u0101ciju, uzlabotu funkcionalit\u0101ti un nodro\u0161in\u0101tu lietot\u0101jam draudz\u012bgu t\u012bmek\u013ca vietni.<\/p>\r\n<p>\u0160aj\u0101 gad\u012bjum\u0101 apstr\u0101des tiesiskais pamats ir m\u016bsu likum\u012bg\u0101s intereses lab\u0101k izprast m\u016bsu klientu vajadz\u012bbas un nodro\u0161in\u0101t lab\u0101ku pakalpojumu.<\/p>\r\n<p>Piem\u0113ram, BETOTRADEO\u00dc apstr\u0101d\u0101 datus par klienta iepirk\u0161an\u0101s uzved\u012bbu, datus par bi\u013cetenu atv\u0113r\u0161anu un las\u012b\u0161anu un datus par sludin\u0101jumu atv\u0113r\u0161anu, lai sniegtu klientam v\u0113lamos pied\u0101v\u0101jumus un saturu.<\/p>\r\n<p>BETOTRADEO\u00dc apstr\u0101d\u0101 personas datus \u0161\u0101diem m\u0113r\u0137iem:<\/p>\r\n<ul>\r\n<li>BETOTRADEO\u00dc klientu datu b\u0101zes veido\u0161ana un uztur\u0113\u0161ana;<\/li>\r\n<li>jaunu pakalpojumu pied\u0101v\u0101\u0161ana klientiem;<\/li>\r\n<li>BETOTRADEO\u00dc pakalpojumu anal\u012bze un pilnveido\u0161ana;<\/li>\r\n<li>t\u012bmek\u013ca vietnes uztur\u0113\u0161ana;<\/li>\r\n<li>ties\u012bbu aktos noteikto pras\u012bbu iev\u0113ro\u0161ana;<\/li>\r\n<li>atbild\u0113\u0161ana uz klientu piepras\u012bjumiem;<\/li>\r\n<li>apliec\u012bbu un sertifik\u0101tu izdo\u0161ana.<\/li>\r\n<\/ul>\r\n<ol start=\"3\">\r\n<li><strong> K\u0101d\u0101 veid\u0101 dati tiek apkopoti<\/strong><\/li>\r\n<\/ol>\r\n<p>Visp\u0101r\u012bg\u0101 gad\u012bjum\u0101 m\u0113s personas datus iev\u0101cam no pa\u0161iem datu subjektiem un p\u0113c vi\u0146u piekri\u0161anas. Turkl\u0101t m\u0113s izmantojam automatiz\u0113tus datu v\u0101k\u0161anas r\u012bkus, tostarp s\u012bkfailus un citus izseko\u0161anas r\u012bkus, lai optimiz\u0113tu m\u016bsu vietnes lieto\u0161anas pieredzi un nodro\u0161in\u0101tu lab\u0101ku klientu apkalpo\u0161anu.<\/p>\r\n<p>S\u012bkdatnes un pikse\u013cu tagi un k\u0101 no tiem atbr\u012bvoties<\/p>\r\n<p>S\u012bkdatne (cookie) ir neliels teksta fails, ko t\u012bmek\u013ca serveris nos\u016bta uz lietot\u0101ja t\u012bmek\u013ca p\u0101rl\u016bkprogrammu un saglab\u0101 lietot\u0101ja datora cietaj\u0101 disk\u0101, \u013caujot atcer\u0113ties lietot\u0101ja iepriek\u0161 veikt\u0101s izv\u0113les, piem\u0113ram, fonta lielumu, sazi\u0146as valodu, ier\u012bces inform\u0101ciju, k\u0101 ar\u012b apmekl\u0113jumu statistiku u.c.<\/p>\r\n<p>Visas t\u012bmek\u013ca p\u0101rl\u016bkprogrammas ir iestat\u012btas t\u0101, lai p\u0113c noklus\u0113juma at\u013cautu veidot s\u012bkdatnes, ta\u010du parasti varat main\u012bt p\u0101rl\u016bkprogrammas iestat\u012bjumus t\u0101, lai j\u016bsu p\u0101rl\u016bkprogramma piln\u012bb\u0101 noraid\u012btu s\u012bkdatnes, blo\u0137\u0113tu tre\u0161o pu\u0161u s\u012bkdatnes vai pazi\u0146otu par jebk\u0101d\u0101m izveidotaj\u0101m s\u012bkdatn\u0113m.<\/p>\r\n<p>Pikse\u013cu tagi ir nelieli koda fragmenti, kas vietnei \u013cauj las\u012bt un iestat\u012bt s\u012bkdatnes. Tie tiek aktiviz\u0113ti, kad lietot\u0101js atver e-pastu vai ierodas vietn\u0113, p\u0113c tam lejupiel\u0101d\u0113 tre\u0161\u0101s puses s\u012bkdatnes vai re\u0123istr\u0113, ka lietot\u0101js ir atv\u0113ris e-pastu.<\/p>\r\n<p>BETOTRADEO\u00dc izmanto \u0161\u0101das s\u012bkdatnes:<\/p>\r\n<ul>\r\n<li>Sesijas s\u012bkdatnes (pagaidu s\u012bkdatnes), kas paredz\u0113tas, lai var\u0113tu izmantot pakalpojumu.<\/li>\r\n<li>Past\u0101v\u012bg\u0101s s\u012bkdatnes (kas tiek saglab\u0101tas lietot\u0101ja dator\u0101 p\u0113c t\u012bmek\u013ca p\u0101rl\u016bkprogrammas aizv\u0113r\u0161anas), kuru m\u0113r\u0137is ir atcer\u0113ties klienta izv\u0113les BETOTRADEO\u00dc t\u012bmek\u013ca vietn\u0113s.<\/li>\r\n<\/ul>\r\n<p>Konkr\u0113t\u0101k run\u0101jot, BETOTRADEO\u00dc izmanto:<\/p>\r\n<ul>\r\n<li>anal\u012btisk\u0101s s\u012bkdatnes, kas apkopo inform\u0101ciju par to, k\u0101 vietne tiek izmantota. Piem\u0113ram, kuras satura lapas ir apmekl\u0113t\u0101k\u0101s vai ko apmekl\u0113t\u0101ji mekl\u0113 vietn\u0113 utml. \u0160\u012bs s\u012bkdatnes neapkopo inform\u0101ciju, kas \u013cautu tie\u0161i identific\u0113t vietnes lietot\u0101ju. \u0160ai grupai pieder ar\u012b Google Analytics un Hotjar s\u012bkdatnes.<\/li>\r\n<li>rekl\u0101mas s\u012bkdatnes, kas pal\u012bdz izv\u0113l\u0113ties lietot\u0101ja interes\u0113m atbilsto\u0161u rekl\u0101mu. Piem\u0113ram, kiudbetoon.ee ir pievienots Facebook Pixel kods, un, ja vairs nev\u0113laties redz\u0113t BETOTRADEO\u00dc m\u0101jaslapas sludin\u0101jumu Facebook, varat to atsp\u0113jot. Atveriet<a href=\"https:\/\/www.facebook.com\/ads\/preferences\">https:\/\/www.facebook.com\/ads\/preferences<\/a>\u00a0un sada\u013c\u0101 \u201cRekl\u0101mdev\u0113ji, uz kuru rekl\u0101m\u0101m esi noklik\u0161\u0137in\u0101jis\u201d iz\u0146emiet \u201cEurotoetused\u201d.<\/li>\r\n<li>tre\u0161o pu\u0161u s\u012bkdatnes, piem\u0113ram, Youtube un Google Maps. Atra\u0161an\u0101s vietas karte un video netiek r\u0101d\u012bti, ja neesat piekritis priv\u0101tuma noteikumiem. Lai tas b\u016btu tehniski iesp\u0113jams, izmantojam\u00a0<em>Avada kujundus<\/em>\u00a0rad\u012bto privacy_embeds s\u012bkdatni.<\/li>\r\n<\/ul>\r\n<p>Lietot\u0101jam ir ties\u012bbas aizliegt s\u012bkdat\u0146u saglab\u0101\u0161anu sav\u0101 dator\u0101. Ja ir \u0161\u0101da v\u0113lme, lietot\u0101jam attiec\u012bgi j\u0101izmaina p\u0101rl\u016bkprogrammas iestat\u012bjumi.<\/p>\r\n<p>Instrukcijas bie\u017e\u0101k izmantoto interneta p\u0101rl\u016bkprogrammu iestat\u012b\u0161anai:<\/p>\r\n<p>Internet Explorer:\u00a0<a href=\"http:\/\/support.microsoft.com\/kb\/278835\">http:\/\/support.microsoft.com\/kb\/278835<\/a><\/p>\r\n<p>Crome:\u00a0<a href=\"https:\/\/support.google.com\/chrome\/answer\/95647?hl=en\">https:\/\/support.google.com\/chrome\/answer\/95647?hl=en<\/a><\/p>\r\n<p>Firefox:\u00a0<a href=\"http:\/\/support.mozilla.org\/en-US\/kb\/Clear%20Recent%20History\">http:\/\/support.mozilla.org\/en-US\/kb\/Clear%20Recent%20History<\/a><\/p>\r\n<p>Opera:\u00a0<a href=\"https:\/\/www.opera.com\/help\/tutorials\/security\/privacy\/\">http:\/\/www.opera.com\/browser\/tutorials\/security\/privacy<\/a><\/p>\r\n<p>Safari:\u00a0<a href=\"https:\/\/support.apple.com\/guide\/safari\/manage-cookies-and-website-data-sfri11471\/mac\">https:\/\/support.apple.com\/guide\/safari\/manage-cookies-and-website-data-sfri11471\/mac<\/a><\/p>\r\n<p>Blo\u0137\u0113jot s\u012bkdatnes, lietot\u0101jam j\u0101r\u0113\u0137in\u0101s, ka visas vietnes funkcijas vairs neb\u016bs pieejamas.<\/p>\r\n<ol start=\"4\">\r\n<li><strong> BETOTRADEO\u00dc apstr\u0101d\u0101tie personas dati (dati)<\/strong><\/li>\r\n<\/ol>\r\n<p>BETOTRADEO\u00dc var apstr\u0101d\u0101t \u0161\u0101dus personas datus:<\/p>\r\n<p>kontaktinform\u0101cija \u2013 v\u0101rds, e-pasta adrese, t\u0101lru\u0146a numurs<\/p>\r\n<p>l\u012bguma izpildes laik\u0101 sav\u0101ktie un \u0123ener\u0113tie dati \u2013 personas kods, klientu v\u0113lmes saist\u012bb\u0101 ar BETOTRADEO\u00dc pakalpojumiem un produktiem, atsauksmes par m\u016bsu pakalpojumiem, inform\u0101cija par klienta darbu, biznesa procesiem vai studiju paradumiem un v\u0113lm\u0113m.<\/p>\r\n<p>\u201cAutom\u0101tiski apkopotie dati\u201d ir dati, kas ieg\u016bti no lietot\u0101ja t\u012bmek\u013ca p\u0101rl\u016bkprogrammas, tostarp p\u0101rl\u016bkprogrammas veids, ier\u012bces veids, sazi\u0146as valoda, vietnes adrese, no kuras lietot\u0101js ierad\u0101s, kuras satura lapas tika mekl\u0113tas, k\u0101 ar\u012b lietot\u0101ja IP adrese un citi trafika dati.<\/p>\r\n<p>lietot\u0101ja darb\u012bbas saist\u012bb\u0101 ar BETOTRADEO\u00dc e-pastiem \u2013 tostarp inform\u0101cija par to, kuras e-pasta zi\u0146as un kad un k\u0101 lietot\u0101js t\u0101s atv\u0113ra.<\/p>\r\n<p>cita inform\u0101cija par personu \u2013 kuru esat dar\u012bjis publiski pieejamu vai dar\u012bjis mums pieejamu tre\u0161o pu\u0161u soci\u0101lajos t\u012bklos, piem\u0113ram, LinkedIn, Facebook, Google Plus, Instagram u.c.<\/p>\r\n<p>BETOTRADEO\u00dc neapstr\u0101d\u0101 \u012bpa\u0161os personas datu veidus.<\/p>\r\n<ol start=\"5\">\r\n<li><strong> Personas datu kop\u012bgo\u0161ana<\/strong><\/li>\r\n<\/ol>\r\n<p>BETOTRADEO\u00dc nenodod klientu datus \u0101rpus Eiropas (ES) Ekonomisk\u0101s zonas.<\/p>\r\n<p>BETOTRADEO\u00dc nenodod klientu personas datus tre\u0161aj\u0101m person\u0101m, iz\u0146emot zem\u0101k aprakst\u012btos gad\u012bjumus. Visi dati tiek izmantoti tikai sazi\u0146ai, k\u0101 ar\u012b ar m\u0113r\u0137i uzlabot pakalpojuma un produkta kvalit\u0101ti.<\/p>\r\n<p>Tavi personas dati var tikt kop\u012bgoti \u0161\u0101dos gad\u012bjumos:<\/p>\r\n<ul>\r\n<li>Par\u0101du piedz\u012b\u0161ana \u2013 par\u0101du piedz\u012b\u0161anas pakalpojumu sniedz\u0113ji, maks\u0101tnesp\u0113jas re\u0123istri.<\/li>\r\n<li>Valsts robe\u017esardzes iest\u0101des un Policija.<\/li>\r\n<li>Publiska atgriezenisk\u0101 saite p\u0113c klienta piekri\u0161anas.<\/li>\r\n<li>Uz\u0146\u0113mums nodod maks\u0101jumu veik\u0161anai nepiecie\u0161amos personas datus pilnvarotajam maks\u0101jumu apstr\u0101d\u0101t\u0101jam Maksekeskus AS.<\/li>\r\n<\/ul>\r\n<ol start=\"6\">\r\n<li><strong> Personas datu (datu) dro\u0161\u012bba, izmanto\u0161ana un glab\u0101\u0161ana<\/strong><\/li>\r\n<\/ol>\r\n<p>BETOTRADEO\u00dc var nos\u016bt\u012bt klientiem inform\u0101ciju par saviem pakalpojumiem, produktiem, jaunumiem un pied\u0101v\u0101jumiem, ja klients mums ir nor\u0101d\u012bjis savu kontaktinform\u0101ciju, bet tik ilgi, kam\u0113r klients nav piepras\u012bjis min\u0113to darb\u012bbu p\u0101rtrauk\u0161anu vai ir pametis bi\u013cetena sa\u0146\u0113m\u0113ju grupu.<\/p>\r\n<p>6.1. Personas datu dro\u0161\u012bba<\/p>\r\n<p>Personas datu dro\u0161a glab\u0101\u0161ana ir BETOTRADEO\u00dc augst\u0101k\u0101 dro\u0161\u012bbas priorit\u0101te. Cen\u0161amies dar\u012bt visu iesp\u0113jamo, lai nepie\u013cautu nesankcion\u0113tu piek\u013cuvi, publisko\u0161anu vai citas nelikum\u012bgas darb\u012bbas. Nodro\u0161in\u0101m personas datu konfidencialit\u0101ti un neaizskaram\u012bbu, k\u0101 ar\u012b nodro\u0161in\u0101m pieeju datiem saska\u0146\u0101 ar sp\u0113k\u0101 eso\u0161aj\u0101m tiesiskaj\u0101m norm\u0101m.<\/p>\r\n<p>M\u0113s esam ieviesu\u0161i sapr\u0101t\u012bgus un adekv\u0101tus organizatoriskus pas\u0101kumus, k\u0101 ar\u012b tehniskus un fiziskus ierobe\u017eojumus, lai aizsarg\u0101tu m\u016bsu apkopotos un apstr\u0101d\u0101jamos personas datus. Izmantot\u0101s metodes atkar\u012bgas no personas datu veida un iesp\u0113jam\u0101m sek\u0101m to publisko\u0161anas gad\u012bjum\u0101.<\/p>\r\n<p>BETOTRADEO\u00dc ir pielietojis nepiecie\u0161am\u0101s tehnisk\u0101s, fizisk\u0101s un organizatorisk\u0101s dro\u0161\u012bbas metodes, lai aizsarg\u0101tu klientu personas datus (datus) no pazu\u0161anas vai nelikum\u012bgas apstr\u0101des.<\/p>\r\n<p>6.2. Glab\u0101\u0161anas laiks \u2013 cik ilgi personas dati tiek glab\u0101ti?<\/p>\r\n<p>BETOTRADEO\u00dc glab\u0101 personas datus tik ilgi, cik ilgi tie ir nepiecie\u0161ami m\u0113r\u0137u sasnieg\u0161anai. Glab\u0101\u0161anas laiks atkar\u012bgs ar\u012b no nepiecie\u0161am\u012bbas atbild\u0113t uz datu subjektu piepras\u012bjumiem, risin\u0101t probl\u0113mas un pild\u012bt likum\u0101 noteikt\u0101s dokumentu glab\u0101\u0161anas pras\u012bbas.<\/p>\r\n<p>Kad personas dati vairs nav nepiecie\u0161ami un tiesiskie akti neprasa to ilg\u0101ku glab\u0101\u0161anu, m\u0113s \u0161os datus izdz\u0113\u0161am.<\/p>\r\n<p>M\u0113s varam turpin\u0101t izmantot \u0161os datus statistikas nol\u016bkos, bet tikai pseidonimiz\u0113t\u0101 vai anonimiz\u0113t\u0101 veid\u0101.<\/p>\r\n<p>Ja rodas jaut\u0101jumi, rakstiet uz adresi info@eurotoetused.ee<\/p>\r\n<ol start=\"7\">\r\n<li><strong> Klienta (datu subjekta) ties\u012bbas<\/strong><\/li>\r\n<\/ol>\r\n<p>Klientam ir ties\u012bbas piek\u013c\u016bt saviem personas datiem, ko apstr\u0101d\u0101 BETOTRADEO\u00dc, un ties\u012bbas piepras\u012bt neprec\u012bzu personas datu labo\u0161anu.<\/p>\r\n<p>Ja Klientam ir jaut\u0101jumi par sav\u0101m ties\u012bb\u0101m vai vi\u0146\u0161 uzskata, ka BETOTRADEO\u00dc vi\u0146a personas datu (datu) apstr\u0101des laik\u0101 ir p\u0101rk\u0101pis vi\u0146a ties\u012bbas, l\u016bdzam rakst\u012bt uz e- pasta adresi info@kiudbetoon.ee.<\/p>\r\n<p>Ja nev\u0113laties sa\u0146emt BETOTRADEO\u00dc m\u0101rketinga pazi\u0146ojumus, varat atteikties no abon\u0113\u0161anas, izpildot katra m\u0101rketinga pazi\u0146ojuma k\u0101jen\u0113 sniegt\u0101s abon\u0113\u0161anas atcel\u0161anas instrukcijas vai sazinoties ar mums, izmantojot m\u016bsu kontaktu lapu.<\/p>\r\n<p>Datu subjekta ties\u012bbas<\/p>\r\n<p>Labo\u0161anas ties\u012bbas \u2013 datu subjektam ir ties\u012bbas piepras\u012bt, lai vi\u0146a datus, ja tie ir nepareizi, nekav\u0113joties izlabo.<\/p>\r\n<p>Dz\u0113\u0161anas ties\u012bbas \u2013 datu subjektam ir ties\u012bbas piepras\u012bt, lai vi\u0146a datus nekav\u0113joties izdz\u0113\u0161, ja ir izpild\u012bti nepiecie\u0161amie nosac\u012bjumi.<\/p>\r\n<p>Noteiktos gad\u012bjumos datu subjektam ir ties\u012bbas ierobe\u017eot savu personas datu apstr\u0101di.<\/p>\r\n<p>Datu subjektam ir ties\u012bbas piek\u013c\u016bt m\u016bsu r\u012bc\u012bb\u0101 eso\u0161ajiem un mums sniegtajiem personas datiem, k\u0101 ar\u012b nodot \u0161os datus citam apstr\u0101d\u0101t\u0101jam, ja tas ir tehniski iesp\u0113jams un apstr\u0101de tiek veikta uz piekri\u0161anas vai vieno\u0161an\u0101s pamata un autom\u0101tiski.<\/p>\r\n<p>Datu subjektam ir ties\u012bbas jebkur\u0101 laik\u0101 atkar\u012bb\u0101 no vi\u0146a konkr\u0113t\u0101s situ\u0101cijas iebilst pret vi\u0146a personas datu apstr\u0101di, tostarp profilanal\u012bzes veik\u0161anu, saska\u0146\u0101 ar attiec\u012bgajiem ties\u012bbu aktiem.<\/p>\r\n<p>Ja tiesiskajos aktos nav noteikts cit\u0101di, datu subjektam ir ties\u012bbas netikt pak\u013cautam l\u0113mumam, kas balst\u012bts tikai uz automatiz\u0113tu apstr\u0101di, tostarp profilanal\u012bzi, un kam ir tiesiskas sekas vai b\u016btiska ietekme uz datu subjektu.<\/p>\r\n<p>Ja personas datu apstr\u0101de pamatojas uz datu subjekta piekri\u0161anu, datu subjektam ir ties\u012bbas jebkur\u0101 laik\u0101 atsaukt \u0161o piekri\u0161anu, neskarot apstr\u0101des, kas veikta pirms piekri\u0161anas atsauk\u0161anas, likum\u012bbu.<\/p>\r\n<p>Ja v\u0113laties izmantot min\u0113t\u0101s ties\u012bbas, l\u016bdzam sazin\u0101ties ar mums.<\/p>\r\n<p>Ja BETOTRADEO\u00dc pied\u0101v\u0101tais risin\u0101jums j\u016bs neapmierina, jums ir ties\u012bbas v\u0113rsties Datu aizsardz\u012bbas inspekcij\u0101 un Igaunijas Republikas ties\u0101.<\/p>\r\n<ol start=\"8\">\r\n<li><strong> Citi noteikumi<\/strong><\/li>\r\n<\/ol>\r\n<p>BETOTRADEO\u00dc ir ties\u012bbas vienpus\u012bgi main\u012bt S\u012bkdat\u0146u izmanto\u0161anas un priv\u0101tuma politiku. S\u012bkdat\u0146u izmanto\u0161anas un priv\u0101tuma politikas jaun\u0101k\u0101 versija vienm\u0113r ir pieejama \u0161aj\u0101 t\u012bmek\u013ca vietn\u0113.<\/p>\r\n<p>Uz \u0161o s\u012bkdat\u0146u izmanto\u0161anu un priv\u0101tuma politiku attiecas Igaunijas Republikas ties\u012bbu likumi. Str\u012bdi vai pras\u012bbas, kas izriet no \u0161\u012bs politikas, tiks risin\u0101ti Harju apri\u0146\u0137a ties\u0101 Tallin\u0101.<\/p>\r\n<p>&nbsp;<\/p>\r\n","protected":false},"excerpt":{"rendered":"<p>S\u012bkdat\u0146u izmanto\u0161ana un priv\u0101tuma politika \u0160is s\u012bkfailu lieto\u0161anas un priv\u0101tuma<\/p>\n","protected":false},"author":1,"featured_media":0,"parent":0,"menu_order":0,"comment_status":"closed","ping_status":"closed","template":"","meta":{"footnotes":""},"class_list":["post-4472","page","type-page","status-publish","hentry"],"yoast_head":"<!-- This site is optimized with the Yoast SEO plugin v27.3 - https:\/\/yoast.com\/product\/yoast-seo-wordpress\/ -->\n<title>Datu aizsardz\u012bbas noteikumi - Betotrade<\/title>\n<meta name=\"robots\" content=\"index, follow, max-snippet:-1, max-image-preview:large, max-video-preview:-1\" \/>\n<link rel=\"canonical\" href=\"https:\/\/betotrade.ee\/lv\/datu-aizsardzibas-noteikumi\/\" \/>\n<meta property=\"og:locale\" content=\"lv_LV\" \/>\n<meta property=\"og:type\" content=\"article\" \/>\n<meta property=\"og:title\" content=\"Datu aizsardz\u012bbas noteikumi - Betotrade\" \/>\n<meta property=\"og:description\" content=\"S\u012bkdat\u0146u izmanto\u0161ana un priv\u0101tuma politika \u0160is s\u012bkfailu lieto\u0161anas un priv\u0101tuma\" \/>\n<meta property=\"og:url\" content=\"https:\/\/betotrade.ee\/lv\/datu-aizsardzibas-noteikumi\/\" \/>\n<meta property=\"og:site_name\" content=\"Betotrade\" \/>\n<meta property=\"article:modified_time\" content=\"2022-05-31T07:02:59+00:00\" \/>\n<meta name=\"twitter:card\" content=\"summary_large_image\" \/>\n<meta name=\"twitter:label1\" content=\"Est. reading time\" \/>\n\t<meta name=\"twitter:data1\" content=\"8 minutes\" \/>\n<script type=\"application\/ld+json\" class=\"yoast-schema-graph\">{\"@context\":\"https:\\\/\\\/schema.org\",\"@graph\":[{\"@type\":\"WebPage\",\"@id\":\"https:\\\/\\\/betotrade.ee\\\/lv\\\/datu-aizsardzibas-noteikumi\\\/\",\"url\":\"https:\\\/\\\/betotrade.ee\\\/lv\\\/datu-aizsardzibas-noteikumi\\\/\",\"name\":\"Datu aizsardz\u012bbas noteikumi - Betotrade\",\"isPartOf\":{\"@id\":\"https:\\\/\\\/betotrade.ee\\\/lv\\\/#website\"},\"datePublished\":\"2022-02-03T06:05:14+00:00\",\"dateModified\":\"2022-05-31T07:02:59+00:00\",\"breadcrumb\":{\"@id\":\"https:\\\/\\\/betotrade.ee\\\/lv\\\/datu-aizsardzibas-noteikumi\\\/#breadcrumb\"},\"inLanguage\":\"lv-LV\",\"potentialAction\":[{\"@type\":\"ReadAction\",\"target\":[\"https:\\\/\\\/betotrade.ee\\\/lv\\\/datu-aizsardzibas-noteikumi\\\/\"]}]},{\"@type\":\"BreadcrumbList\",\"@id\":\"https:\\\/\\\/betotrade.ee\\\/lv\\\/datu-aizsardzibas-noteikumi\\\/#breadcrumb\",\"itemListElement\":[{\"@type\":\"ListItem\",\"position\":1,\"name\":\"Home\",\"item\":\"https:\\\/\\\/betotrade.ee\\\/lv\\\/\"},{\"@type\":\"ListItem\",\"position\":2,\"name\":\"Datu aizsardz\u012bbas noteikumi\"}]},{\"@type\":\"WebSite\",\"@id\":\"https:\\\/\\\/betotrade.ee\\\/lv\\\/#website\",\"url\":\"https:\\\/\\\/betotrade.ee\\\/lv\\\/\",\"name\":\"Betotrade\",\"description\":\"Betotrade betooni lahendused\",\"potentialAction\":[{\"@type\":\"SearchAction\",\"target\":{\"@type\":\"EntryPoint\",\"urlTemplate\":\"https:\\\/\\\/betotrade.ee\\\/lv\\\/?s={search_term_string}\"},\"query-input\":{\"@type\":\"PropertyValueSpecification\",\"valueRequired\":true,\"valueName\":\"search_term_string\"}}],\"inLanguage\":\"lv-LV\"}]}<\/script>\n<!-- \/ Yoast SEO plugin. -->","yoast_head_json":{"title":"Datu aizsardz\u012bbas noteikumi - Betotrade","robots":{"index":"index","follow":"follow","max-snippet":"max-snippet:-1","max-image-preview":"max-image-preview:large","max-video-preview":"max-video-preview:-1"},"canonical":"https:\/\/betotrade.ee\/lv\/datu-aizsardzibas-noteikumi\/","og_locale":"lv_LV","og_type":"article","og_title":"Datu aizsardz\u012bbas noteikumi - Betotrade","og_description":"S\u012bkdat\u0146u izmanto\u0161ana un priv\u0101tuma politika \u0160is s\u012bkfailu lieto\u0161anas un priv\u0101tuma","og_url":"https:\/\/betotrade.ee\/lv\/datu-aizsardzibas-noteikumi\/","og_site_name":"Betotrade","article_modified_time":"2022-05-31T07:02:59+00:00","twitter_card":"summary_large_image","twitter_misc":{"Est. reading time":"8 minutes"},"schema":{"@context":"https:\/\/schema.org","@graph":[{"@type":"WebPage","@id":"https:\/\/betotrade.ee\/lv\/datu-aizsardzibas-noteikumi\/","url":"https:\/\/betotrade.ee\/lv\/datu-aizsardzibas-noteikumi\/","name":"Datu aizsardz\u012bbas noteikumi - Betotrade","isPartOf":{"@id":"https:\/\/betotrade.ee\/lv\/#website"},"datePublished":"2022-02-03T06:05:14+00:00","dateModified":"2022-05-31T07:02:59+00:00","breadcrumb":{"@id":"https:\/\/betotrade.ee\/lv\/datu-aizsardzibas-noteikumi\/#breadcrumb"},"inLanguage":"lv-LV","potentialAction":[{"@type":"ReadAction","target":["https:\/\/betotrade.ee\/lv\/datu-aizsardzibas-noteikumi\/"]}]},{"@type":"BreadcrumbList","@id":"https:\/\/betotrade.ee\/lv\/datu-aizsardzibas-noteikumi\/#breadcrumb","itemListElement":[{"@type":"ListItem","position":1,"name":"Home","item":"https:\/\/betotrade.ee\/lv\/"},{"@type":"ListItem","position":2,"name":"Datu aizsardz\u012bbas noteikumi"}]},{"@type":"WebSite","@id":"https:\/\/betotrade.ee\/lv\/#website","url":"https:\/\/betotrade.ee\/lv\/","name":"Betotrade","description":"Betotrade betooni lahendused","potentialAction":[{"@type":"SearchAction","target":{"@type":"EntryPoint","urlTemplate":"https:\/\/betotrade.ee\/lv\/?s={search_term_string}"},"query-input":{"@type":"PropertyValueSpecification","valueRequired":true,"valueName":"search_term_string"}}],"inLanguage":"lv-LV"}]}},"_links":{"self":[{"href":"https:\/\/betotrade.ee\/lv\/wp-json\/wp\/v2\/pages\/4472","targetHints":{"allow":["GET"]}}],"collection":[{"href":"https:\/\/betotrade.ee\/lv\/wp-json\/wp\/v2\/pages"}],"about":[{"href":"https:\/\/betotrade.ee\/lv\/wp-json\/wp\/v2\/types\/page"}],"author":[{"embeddable":true,"href":"https:\/\/betotrade.ee\/lv\/wp-json\/wp\/v2\/users\/1"}],"replies":[{"embeddable":true,"href":"https:\/\/betotrade.ee\/lv\/wp-json\/wp\/v2\/comments?post=4472"}],"version-history":[{"count":3,"href":"https:\/\/betotrade.ee\/lv\/wp-json\/wp\/v2\/pages\/4472\/revisions"}],"predecessor-version":[{"id":5567,"href":"https:\/\/betotrade.ee\/lv\/wp-json\/wp\/v2\/pages\/4472\/revisions\/5567"}],"wp:attachment":[{"href":"https:\/\/betotrade.ee\/lv\/wp-json\/wp\/v2\/media?parent=4472"}],"curies":[{"name":"wp","href":"https:\/\/api.w.org\/{rel}","templated":true}]}}