{"id":5729,"date":"2021-01-22T10:56:38","date_gmt":"2021-01-22T07:56:38","guid":{"rendered":"https:\/\/betotrade.ee\/izstradajumi\/"},"modified":"2022-06-01T14:05:22","modified_gmt":"2022-06-01T11:05:22","slug":"izstradajumi","status":"publish","type":"page","link":"https:\/\/betotrade.ee\/lv\/izstradajumi\/","title":{"rendered":"Izstr\u0101d\u0101jumi"},"content":{"rendered":"<div class=\"fusion-fullwidth fullwidth-box fusion-builder-row-1 fusion-flex-container nonhundred-percent-fullwidth non-hundred-percent-height-scrolling\" style=\"--awb-border-radius-top-left:0px;--awb-border-radius-top-right:0px;--awb-border-radius-bottom-right:0px;--awb-border-radius-bottom-left:0px;--awb-padding-top:0px;--awb-margin-top:0px;--awb-flex-wrap:wrap;\" ><div class=\"fusion-builder-row fusion-row fusion-flex-align-items-flex-start fusion-flex-content-wrap\" style=\"max-width:calc( 1200px + 80px );margin-left: calc(-80px \/ 2 );margin-right: calc(-80px \/ 2 );\"><div class=\"fusion-layout-column fusion_builder_column fusion-builder-column-0 fusion_builder_column_1_4 1_4 fusion-flex-column\" style=\"--awb-bg-size:cover;--awb-width-large:25%;--awb-margin-top-large:0px;--awb-spacing-right-large:40px;--awb-margin-bottom-large:20px;--awb-spacing-left-large:40px;--awb-width-medium:25%;--awb-order-medium:0;--awb-spacing-right-medium:40px;--awb-spacing-left-medium:40px;--awb-width-small:100%;--awb-order-small:0;--awb-spacing-right-small:40px;--awb-spacing-left-small:40px;\"><div class=\"fusion-column-wrapper fusion-column-has-shadow fusion-flex-justify-content-flex-start fusion-content-layout-column\"><nav class=\"awb-menu awb-menu_column awb-menu_em-hover mobile-mode-collapse-to-button awb-menu_icons-left awb-menu_dc-yes mobile-trigger-fullwidth-off awb-menu_mobile-toggle awb-menu_indent-left mobile-size-full-absolute loading mega-menu-loading awb-menu_desktop awb-menu_dropdown awb-menu_expand-right awb-menu_transition-fade\" style=\"--awb-main-justify-content:flex-start;--awb-mobile-justify:flex-start;--awb-mobile-caret-left:auto;--awb-mobile-caret-right:0;--awb-fusion-font-family-typography:inherit;--awb-fusion-font-style-typography:normal;--awb-fusion-font-weight-typography:400;--awb-fusion-font-family-submenu-typography:inherit;--awb-fusion-font-style-submenu-typography:normal;--awb-fusion-font-weight-submenu-typography:400;--awb-fusion-font-family-mobile-typography:inherit;--awb-fusion-font-style-mobile-typography:normal;--awb-fusion-font-weight-mobile-typography:400;\" aria-label=\"Tooted\" data-breakpoint=\"1024\" data-count=\"0\" data-transition-type=\"fade\" data-transition-time=\"300\" data-expand=\"right\"><button type=\"button\" class=\"awb-menu__m-toggle awb-menu__m-toggle_no-text\" aria-expanded=\"false\" aria-controls=\"menu-tooted\"><span class=\"awb-menu__m-toggle-inner\"><span class=\"collapsed-nav-text\"><span class=\"screen-reader-text\">Toggle Navigation<\/span><\/span><span class=\"awb-menu__m-collapse-icon awb-menu__m-collapse-icon_no-text\"><span class=\"awb-menu__m-collapse-icon-open awb-menu__m-collapse-icon-open_no-text fa-bars fas\"><\/span><span class=\"awb-menu__m-collapse-icon-close awb-menu__m-collapse-icon-close_no-text fa-times fas\"><\/span><\/span><\/span><\/button><ul id=\"menu-tooted-latvian\" class=\"fusion-menu awb-menu__main-ul awb-menu__main-ul_column\"><li  id=\"menu-item-5823\"  class=\"menu-item menu-item-type-post_type menu-item-object-page menu-item-5823 awb-menu__li awb-menu__main-li awb-menu__main-li_regular\"  data-item-id=\"5823\"><span class=\"awb-menu__main-background-default awb-menu__main-background-default_fade\"><\/span><span class=\"awb-menu__main-background-active awb-menu__main-background-active_fade\"><\/span><a  href=\"https:\/\/betotrade.ee\/lv\/izstradajumi\/\" class=\"awb-menu__main-a awb-menu__main-a_regular\"><span class=\"menu-text\">Izstr\u0101d\u0101jumi<\/span><\/a><\/li><li  id=\"menu-item-4951\"  class=\"menu-item menu-item-type-post_type menu-item-object-page menu-item-4951 awb-menu__li awb-menu__main-li awb-menu__main-li_regular\"  data-item-id=\"4951\"><span class=\"awb-menu__main-background-default awb-menu__main-background-default_fade\"><\/span><span class=\"awb-menu__main-background-active awb-menu__main-background-active_fade\"><\/span><a  href=\"https:\/\/betotrade.ee\/lv\/terauda-skiedra\/\" class=\"awb-menu__main-a awb-menu__main-a_regular\"><span class=\"menu-text\">T\u0113rauda \u0161\u0137iedra<\/span><\/a><\/li><li  id=\"menu-item-4952\"  class=\"menu-item menu-item-type-post_type menu-item-object-page menu-item-4952 awb-menu__li awb-menu__main-li awb-menu__main-li_regular\"  data-item-id=\"4952\"><span class=\"awb-menu__main-background-default awb-menu__main-background-default_fade\"><\/span><span class=\"awb-menu__main-background-active awb-menu__main-background-active_fade\"><\/span><a  href=\"https:\/\/betotrade.ee\/lv\/makroskiedra\/\" class=\"awb-menu__main-a awb-menu__main-a_regular\"><span class=\"menu-text\">Makro\u0161\u0137iedra<\/span><\/a><\/li><li  id=\"menu-item-5824\"  class=\"menu-item menu-item-type-post_type menu-item-object-page menu-item-has-children menu-item-5824 awb-menu__li awb-menu__main-li awb-menu__main-li_regular\"  data-item-id=\"5824\"><span class=\"awb-menu__main-background-default awb-menu__main-background-default_fade\"><\/span><span class=\"awb-menu__main-background-active awb-menu__main-background-active_fade\"><\/span><a  href=\"https:\/\/betotrade.ee\/lv\/virsmas-cietinataji\/\" class=\"awb-menu__main-a awb-menu__main-a_regular\"><span class=\"menu-text\">Virsmas cietin\u0101t\u0101ji<\/span><span class=\"awb-menu__open-nav-submenu-hover\"><\/span><\/a><button type=\"button\" aria-label=\"Open submenu of Virsmas cietin\u0101t\u0101ji\" aria-expanded=\"false\" class=\"awb-menu__open-nav-submenu_mobile awb-menu__open-nav-submenu_main\"><\/button><ul class=\"awb-menu__sub-ul awb-menu__sub-ul_main\"><li  id=\"menu-item-5825\"  class=\"menu-item menu-item-type-post_type menu-item-object-page menu-item-5825 awb-menu__li awb-menu__sub-li\" ><a  href=\"https:\/\/betotrade.ee\/lv\/uz-jaunai-gridai\/\" class=\"awb-menu__sub-a\"><span>Uz jaunai gr\u012bdai<\/span><\/a><\/li><li  id=\"menu-item-5826\"  class=\"menu-item menu-item-type-post_type menu-item-object-page menu-item-5826 awb-menu__li awb-menu__sub-li\" ><a  href=\"https:\/\/betotrade.ee\/lv\/ka-jauns-slanis-uz-esosas-gridas\/\" class=\"awb-menu__sub-a\"><span>K\u0101 jauns sl\u0101nis uz eso\u0161\u0101s gr\u012bdas<\/span><\/a><\/li><li  id=\"menu-item-5828\"  class=\"menu-item menu-item-type-post_type menu-item-object-page menu-item-5828 awb-menu__li awb-menu__sub-li\" ><a  href=\"https:\/\/betotrade.ee\/lv\/dizaina-gridas\/\" class=\"awb-menu__sub-a\"><span>Dizaina gr\u012bdas<\/span><\/a><\/li><li  id=\"menu-item-5829\"  class=\"menu-item menu-item-type-post_type menu-item-object-page menu-item-5829 awb-menu__li awb-menu__sub-li\" ><a  href=\"https:\/\/betotrade.ee\/lv\/pasizlidzinosie-maisijumi\/\" class=\"awb-menu__sub-a\"><span>Pa\u0161izl\u012bdzino\u0161ie mais\u012bjumi<\/span><\/a><\/li><\/ul><\/li><li  id=\"menu-item-5827\"  class=\"menu-item menu-item-type-post_type menu-item-object-page menu-item-5827 awb-menu__li awb-menu__main-li awb-menu__main-li_regular\"  data-item-id=\"5827\"><span class=\"awb-menu__main-background-default awb-menu__main-background-default_fade\"><\/span><span class=\"awb-menu__main-background-active awb-menu__main-background-active_fade\"><\/span><a  href=\"https:\/\/betotrade.ee\/lv\/atri-cietejosi-remonta-maisijumi\/\" class=\"awb-menu__main-a awb-menu__main-a_regular\"><span class=\"menu-text\">\u0100tri ciet\u0113jo\u0161I remonta mais\u012bjumi<\/span><\/a><\/li><li  id=\"menu-item-5830\"  class=\"menu-item menu-item-type-post_type menu-item-object-page menu-item-has-children menu-item-5830 awb-menu__li awb-menu__main-li awb-menu__main-li_regular\"  data-item-id=\"5830\"><span class=\"awb-menu__main-background-default awb-menu__main-background-default_fade\"><\/span><span class=\"awb-menu__main-background-active awb-menu__main-background-active_fade\"><\/span><a  href=\"https:\/\/betotrade.ee\/lv\/salaidumu-profili\/\" class=\"awb-menu__main-a awb-menu__main-a_regular\"><span class=\"menu-text\">Salaidumu profili<\/span><span class=\"awb-menu__open-nav-submenu-hover\"><\/span><\/a><button type=\"button\" aria-label=\"Open submenu of Salaidumu profili\" aria-expanded=\"false\" class=\"awb-menu__open-nav-submenu_mobile awb-menu__open-nav-submenu_main\"><\/button><ul class=\"awb-menu__sub-ul awb-menu__sub-ul_main\"><li  id=\"menu-item-11437\"  class=\"menu-item menu-item-type-post_type menu-item-object-page menu-item-11437 awb-menu__li awb-menu__sub-li\" ><a  href=\"https:\/\/betotrade.ee\/lv\/dowel-joint-profile\/\" class=\"awb-menu__sub-a\"><span>DOWEL joint profile<\/span><\/a><\/li><li  id=\"menu-item-11434\"  class=\"menu-item menu-item-type-post_type menu-item-object-page menu-item-11434 awb-menu__li awb-menu__sub-li\" ><a  href=\"https:\/\/betotrade.ee\/lv\/sinus-floor-joint\/\" class=\"awb-menu__sub-a\"><span>SINUS floor joint<\/span><\/a><\/li><li  id=\"menu-item-11436\"  class=\"menu-item menu-item-type-post_type menu-item-object-page menu-item-11436 awb-menu__li awb-menu__sub-li\" ><a  href=\"https:\/\/betotrade.ee\/lv\/omega-03-floor-joint\/\" class=\"awb-menu__sub-a\"><span>OMEGA 03 floor joint<\/span><\/a><\/li><li  id=\"menu-item-11433\"  class=\"menu-item menu-item-type-post_type menu-item-object-page menu-item-11433 awb-menu__li awb-menu__sub-li\" ><a  href=\"https:\/\/betotrade.ee\/lv\/sinus-repair-joint\/\" class=\"awb-menu__sub-a\"><span>SINUS repair joint<\/span><\/a><\/li><li  id=\"menu-item-11435\"  class=\"menu-item menu-item-type-post_type menu-item-object-page menu-item-11435 awb-menu__li awb-menu__sub-li\" ><a  href=\"https:\/\/betotrade.ee\/lv\/angle-bar\/\" class=\"awb-menu__sub-a\"><span>Angle Bar<\/span><\/a><\/li><li  id=\"menu-item-9179\"  class=\"menu-item menu-item-type-post_type menu-item-object-page menu-item-9179 awb-menu__li awb-menu__sub-li\" ><a  href=\"https:\/\/betotrade.ee\/lv\/pvc-salaiduma-aukla\/\" class=\"awb-menu__sub-a\"><span>PVC salaiduma aukla<\/span><\/a><\/li><\/ul><\/li><li  id=\"menu-item-5831\"  class=\"menu-item menu-item-type-post_type menu-item-object-page menu-item-has-children menu-item-5831 awb-menu__li awb-menu__main-li awb-menu__main-li_regular\"  data-item-id=\"5831\"><span class=\"awb-menu__main-background-default awb-menu__main-background-default_fade\"><\/span><span class=\"awb-menu__main-background-active awb-menu__main-background-active_fade\"><\/span><a  href=\"https:\/\/betotrade.ee\/lv\/kimija-betonam\/\" class=\"awb-menu__main-a awb-menu__main-a_regular\"><span class=\"menu-text\">\u0136\u012bmija betonam<\/span><span class=\"awb-menu__open-nav-submenu-hover\"><\/span><\/a><button type=\"button\" aria-label=\"Open submenu of \u0136\u012bmija betonam\" aria-expanded=\"false\" class=\"awb-menu__open-nav-submenu_mobile awb-menu__open-nav-submenu_main\"><\/button><ul class=\"awb-menu__sub-ul awb-menu__sub-ul_main\"><li  id=\"menu-item-5832\"  class=\"menu-item menu-item-type-post_type menu-item-object-page menu-item-5832 awb-menu__li awb-menu__sub-li\" ><a  href=\"https:\/\/betotrade.ee\/lv\/sakotnejas-apkopes-vielas\/\" class=\"awb-menu__sub-a\"><span>S\u0101kotn\u0113j\u0101s apkopes vielas<\/span><\/a><\/li><li  id=\"menu-item-5833\"  class=\"menu-item menu-item-type-post_type menu-item-object-page menu-item-5833 awb-menu__li awb-menu__sub-li\" ><a  href=\"https:\/\/betotrade.ee\/lv\/piesucinasanas-vielas\/\" class=\"awb-menu__sub-a\"><span>Pies\u016bcin\u0101\u0161anas vielas<\/span><\/a><\/li><li  id=\"menu-item-5834\"  class=\"menu-item menu-item-type-post_type menu-item-object-page menu-item-5834 awb-menu__li awb-menu__sub-li\" ><a  href=\"https:\/\/betotrade.ee\/lv\/limes-dispersija\/\" class=\"awb-menu__sub-a\"><span>L\u012bmes dispersija<\/span><\/a><\/li><li  id=\"menu-item-4953\"  class=\"menu-item menu-item-type-post_type menu-item-object-page menu-item-4953 awb-menu__li awb-menu__sub-li\" ><a  href=\"https:\/\/betotrade.ee\/lv\/lidzeklis-kas-kompense-betona-tilpuma-rukumu\/\" class=\"awb-menu__sub-a\"><span>L\u012bdzeklis, kas kompens\u0113 betona tilpuma rukumu<\/span><\/a><\/li><\/ul><\/li><\/ul><\/nav><\/div><\/div><div class=\"fusion-layout-column fusion_builder_column fusion-builder-column-1 fusion_builder_column_3_4 3_4 fusion-flex-column\" style=\"--awb-bg-size:cover;--awb-width-large:75%;--awb-margin-top-large:0px;--awb-spacing-right-large:40px;--awb-margin-bottom-large:20px;--awb-spacing-left-large:40px;--awb-width-medium:75%;--awb-order-medium:0;--awb-spacing-right-medium:40px;--awb-spacing-left-medium:40px;--awb-width-small:100%;--awb-order-small:0;--awb-spacing-right-small:40px;--awb-spacing-left-small:40px;\"><div class=\"fusion-column-wrapper fusion-column-has-shadow fusion-flex-justify-content-flex-start fusion-content-layout-column\"><div class=\"fusion-content-boxes content-boxes columns row fusion-columns-5 fusion-columns-total-5 fusion-content-boxes-1 content-boxes-icon-on-top content-left\" style=\"--awb-hover-accent-color:var(--awb-color4);--awb-circle-hover-accent-color:var(--awb-color4);\" data-animationOffset=\"top-into-view\"><div style=\"--awb-backgroundcolor:rgba(255,255,255,0);\" class=\"fusion-column content-box-column content-box-column-1 col-lg-2 col-md-2 col-sm-2 fusion-content-box-hover content-box-column-first-in-row\"><div class=\"col content-box-wrapper content-wrapper link-area-link-icon link-type-text content-icon-wrapper-yes icon-hover-animation-fade\" data-animationOffset=\"top-into-view\"><div class=\"heading heading-with-icon icon-left\"><a class=\"heading-link\" href=\"https:\/\/betotrade.ee\/lv\/terauda-skiedra\/\" target=\"_self\"><div aria-hidden=\"true\" class=\"image\"><img decoding=\"async\" class=\"lazyload\" src=\"data:image\/svg+xml,%3Csvg%20xmlns%3D%27http%3A%2F%2Fwww.w3.org%2F2000%2Fsvg%27%20width%3D%27430%27%20height%3D%27430%27%20viewBox%3D%270%200%20430%20430%27%3E%3Crect%20width%3D%27430%27%20height%3D%27430%27%20fill-opacity%3D%220%22%2F%3E%3C%2Fsvg%3E\" data-orig-src=\"https:\/\/betotrade.ee\/wp-content\/uploads\/2022\/02\/teraskiud.png\" width=\"150\" height=\"150\" alt=\"\" \/><\/div><h3 class=\"content-box-heading\" style=\"--h3_typography-font-size:18px;line-height:23px;\">T\u0113rauda \u0161\u0137iedra<\/h3><\/a><\/div><\/div><\/div><div style=\"--awb-backgroundcolor:rgba(255,255,255,0);\" class=\"fusion-column content-box-column content-box-column-2 col-lg-2 col-md-2 col-sm-2 fusion-content-box-hover \"><div class=\"col content-box-wrapper content-wrapper link-area-link-icon link-type-text content-icon-wrapper-yes icon-hover-animation-fade\" data-animationOffset=\"top-into-view\"><div class=\"heading heading-with-icon icon-left\"><a class=\"heading-link\" href=\"https:\/\/betotrade.ee\/lv\/makroskiedra\/\" target=\"_self\"><div aria-hidden=\"true\" class=\"image\"><img decoding=\"async\" class=\"lazyload\" src=\"data:image\/svg+xml,%3Csvg%20xmlns%3D%27http%3A%2F%2Fwww.w3.org%2F2000%2Fsvg%27%20width%3D%27430%27%20height%3D%27430%27%20viewBox%3D%270%200%20430%20430%27%3E%3Crect%20width%3D%27430%27%20height%3D%27430%27%20fill-opacity%3D%220%22%2F%3E%3C%2Fsvg%3E\" data-orig-src=\"https:\/\/betotrade.ee\/wp-content\/uploads\/2022\/02\/image001-300x300.png\" width=\"150\" height=\"150\" alt=\"\" \/><\/div><h3 class=\"content-box-heading\" style=\"--h3_typography-font-size:18px;line-height:23px;\">Makro\u0161\u0137iedra<\/h3><\/a><\/div><\/div><\/div><div style=\"--awb-backgroundcolor:rgba(255,255,255,0);\" class=\"fusion-column content-box-column content-box-column-3 col-lg-2 col-md-2 col-sm-2 fusion-content-box-hover \"><div class=\"col content-box-wrapper content-wrapper link-area-link-icon link-type-text content-icon-wrapper-yes icon-hover-animation-fade\" data-animationOffset=\"top-into-view\"><div class=\"heading heading-with-icon icon-left\"><a class=\"heading-link\" href=\"https:\/\/betotrade.ee\/pinnakovendid\/\" target=\"_self\"><div aria-hidden=\"true\" class=\"image\"><img decoding=\"async\" class=\"lazyload\" src=\"data:image\/svg+xml,%3Csvg%20xmlns%3D%27http%3A%2F%2Fwww.w3.org%2F2000%2Fsvg%27%20width%3D%27431%27%20height%3D%27430%27%20viewBox%3D%270%200%20431%20430%27%3E%3Crect%20width%3D%27431%27%20height%3D%27430%27%20fill-opacity%3D%220%22%2F%3E%3C%2Fsvg%3E\" data-orig-src=\"https:\/\/betotrade.ee\/wp-content\/uploads\/2022\/03\/Uus_porand-300x300.png\" width=\"150\" height=\"150\" alt=\"Virsmas cietin\u0101t\u0101ji jaunai gr\u012bdai\" \/><\/div><h3 class=\"content-box-heading\" style=\"--h3_typography-font-size:18px;line-height:23px;\">Virsmas cietin\u0101t\u0101ji<\/h3><\/a><\/div><\/div><\/div><div style=\"--awb-backgroundcolor:rgba(255,255,255,0);\" class=\"fusion-column content-box-column content-box-column-4 col-lg-2 col-md-2 col-sm-2 fusion-content-box-hover \"><div class=\"col content-box-wrapper content-wrapper link-area-link-icon link-type-text content-icon-wrapper-yes icon-hover-animation-fade\" data-animationOffset=\"top-into-view\"><div class=\"heading heading-with-icon icon-left\"><a class=\"heading-link\" href=\"https:\/\/betotrade.ee\/betoonikeemia\/\" target=\"_self\"><div aria-hidden=\"true\" class=\"image\"><img decoding=\"async\" class=\"lazyload\" src=\"data:image\/svg+xml,%3Csvg%20xmlns%3D%27http%3A%2F%2Fwww.w3.org%2F2000%2Fsvg%27%20width%3D%27430%27%20height%3D%27430%27%20viewBox%3D%270%200%20430%20430%27%3E%3Crect%20width%3D%27430%27%20height%3D%27430%27%20fill-opacity%3D%220%22%2F%3E%3C%2Fsvg%3E\" data-orig-src=\"https:\/\/betotrade.ee\/wp-content\/uploads\/2022\/02\/betoonikeemia-sisse-.png\" width=\"150\" height=\"150\" alt=\"\" \/><\/div><h3 class=\"content-box-heading\" style=\"--h3_typography-font-size:18px;line-height:23px;\">\u0136\u012bmija betonam<\/h3><\/a><\/div><\/div><\/div><div style=\"--awb-backgroundcolor:rgba(255,255,255,0);\" class=\"fusion-column content-box-column content-box-column-5 col-lg-2 col-md-2 col-sm-2 fusion-content-box-hover content-box-column-last content-box-column-last-in-row\"><div class=\"col content-box-wrapper content-wrapper link-area-link-icon link-type-text content-icon-wrapper-yes icon-hover-animation-fade\" data-animationOffset=\"top-into-view\"><div class=\"heading heading-with-icon icon-left\"><a class=\"heading-link\" href=\"https:\/\/betotrade.ee\/vuugiprofiilid\/\" target=\"_self\"><div aria-hidden=\"true\" class=\"image\"><img decoding=\"async\" class=\"lazyload\" src=\"data:image\/svg+xml,%3Csvg%20xmlns%3D%27http%3A%2F%2Fwww.w3.org%2F2000%2Fsvg%27%20width%3D%27430%27%20height%3D%27430%27%20viewBox%3D%270%200%20430%20430%27%3E%3Crect%20width%3D%27430%27%20height%3D%27430%27%20fill-opacity%3D%220%22%2F%3E%3C%2Fsvg%3E\" data-orig-src=\"https:\/\/betotrade.ee\/wp-content\/uploads\/2022\/03\/Vuugiprofiilid-300x300.png\" width=\"150\" height=\"150\" alt=\"\" \/><\/div><h3 class=\"content-box-heading\" style=\"--h3_typography-font-size:18px;line-height:23px;\">Salaidumu profili<\/h3><\/a><\/div><\/div><\/div><div class=\"fusion-clearfix\"><\/div><\/div><\/div><\/div><\/div><\/div>\n","protected":false},"excerpt":{"rendered":"","protected":false},"author":1,"featured_media":0,"parent":0,"menu_order":0,"comment_status":"closed","ping_status":"closed","template":"100-width.php","meta":{"footnotes":""},"class_list":["post-5729","page","type-page","status-publish","hentry"],"yoast_head":"<!-- This site is optimized with the Yoast SEO plugin v27.3 - https:\/\/yoast.com\/product\/yoast-seo-wordpress\/ -->\n<title>Izstr\u0101d\u0101jumi - Betotrade<\/title>\n<meta name=\"description\" content=\"Betotrade kl\u0101st\u0101 ir pla\u0161s virsmu cietin\u0101t\u0101ju, instrumentu, betona \u0137\u012bmijas, t\u0113rauda un makro\u0161\u0137iedru, \u0161uvju profilu, pal\u012bgmateri\u0101lu u.c.\" \/>\n<meta name=\"robots\" content=\"index, follow, max-snippet:-1, max-image-preview:large, max-video-preview:-1\" \/>\n<link rel=\"canonical\" href=\"https:\/\/betotrade.ee\/lv\/izstradajumi\/\" \/>\n<meta property=\"og:locale\" content=\"lv_LV\" \/>\n<meta property=\"og:type\" content=\"article\" \/>\n<meta property=\"og:title\" content=\"Izstr\u0101d\u0101jumi - Betotrade\" \/>\n<meta property=\"og:description\" content=\"Betotrade kl\u0101st\u0101 ir pla\u0161s virsmu cietin\u0101t\u0101ju, instrumentu, betona \u0137\u012bmijas, t\u0113rauda un makro\u0161\u0137iedru, \u0161uvju profilu, pal\u012bgmateri\u0101lu u.c.\" \/>\n<meta property=\"og:url\" content=\"https:\/\/betotrade.ee\/lv\/izstradajumi\/\" \/>\n<meta property=\"og:site_name\" content=\"Betotrade\" \/>\n<meta property=\"article:modified_time\" content=\"2022-06-01T11:05:22+00:00\" \/>\n<meta name=\"twitter:card\" content=\"summary_large_image\" \/>\n<meta name=\"twitter:label1\" content=\"Est. reading time\" \/>\n\t<meta name=\"twitter:data1\" content=\"4 minutes\" \/>\n<script type=\"application\/ld+json\" class=\"yoast-schema-graph\">{\"@context\":\"https:\\\/\\\/schema.org\",\"@graph\":[{\"@type\":\"WebPage\",\"@id\":\"https:\\\/\\\/betotrade.ee\\\/lv\\\/izstradajumi\\\/\",\"url\":\"https:\\\/\\\/betotrade.ee\\\/lv\\\/izstradajumi\\\/\",\"name\":\"Izstr\u0101d\u0101jumi - Betotrade\",\"isPartOf\":{\"@id\":\"https:\\\/\\\/betotrade.ee\\\/lv\\\/#website\"},\"datePublished\":\"2021-01-22T07:56:38+00:00\",\"dateModified\":\"2022-06-01T11:05:22+00:00\",\"description\":\"Betotrade kl\u0101st\u0101 ir pla\u0161s virsmu cietin\u0101t\u0101ju, instrumentu, betona \u0137\u012bmijas, t\u0113rauda un makro\u0161\u0137iedru, \u0161uvju profilu, pal\u012bgmateri\u0101lu u.c.\",\"breadcrumb\":{\"@id\":\"https:\\\/\\\/betotrade.ee\\\/lv\\\/izstradajumi\\\/#breadcrumb\"},\"inLanguage\":\"lv-LV\",\"potentialAction\":[{\"@type\":\"ReadAction\",\"target\":[\"https:\\\/\\\/betotrade.ee\\\/lv\\\/izstradajumi\\\/\"]}]},{\"@type\":\"BreadcrumbList\",\"@id\":\"https:\\\/\\\/betotrade.ee\\\/lv\\\/izstradajumi\\\/#breadcrumb\",\"itemListElement\":[{\"@type\":\"ListItem\",\"position\":1,\"name\":\"Home\",\"item\":\"https:\\\/\\\/betotrade.ee\\\/lv\\\/\"},{\"@type\":\"ListItem\",\"position\":2,\"name\":\"Izstr\u0101d\u0101jumi\"}]},{\"@type\":\"WebSite\",\"@id\":\"https:\\\/\\\/betotrade.ee\\\/lv\\\/#website\",\"url\":\"https:\\\/\\\/betotrade.ee\\\/lv\\\/\",\"name\":\"Betotrade\",\"description\":\"Betotrade betooni lahendused\",\"potentialAction\":[{\"@type\":\"SearchAction\",\"target\":{\"@type\":\"EntryPoint\",\"urlTemplate\":\"https:\\\/\\\/betotrade.ee\\\/lv\\\/?s={search_term_string}\"},\"query-input\":{\"@type\":\"PropertyValueSpecification\",\"valueRequired\":true,\"valueName\":\"search_term_string\"}}],\"inLanguage\":\"lv-LV\"}]}<\/script>\n<!-- \/ Yoast SEO plugin. -->","yoast_head_json":{"title":"Izstr\u0101d\u0101jumi - Betotrade","description":"Betotrade kl\u0101st\u0101 ir pla\u0161s virsmu cietin\u0101t\u0101ju, instrumentu, betona \u0137\u012bmijas, t\u0113rauda un makro\u0161\u0137iedru, \u0161uvju profilu, pal\u012bgmateri\u0101lu u.c.","robots":{"index":"index","follow":"follow","max-snippet":"max-snippet:-1","max-image-preview":"max-image-preview:large","max-video-preview":"max-video-preview:-1"},"canonical":"https:\/\/betotrade.ee\/lv\/izstradajumi\/","og_locale":"lv_LV","og_type":"article","og_title":"Izstr\u0101d\u0101jumi - Betotrade","og_description":"Betotrade kl\u0101st\u0101 ir pla\u0161s virsmu cietin\u0101t\u0101ju, instrumentu, betona \u0137\u012bmijas, t\u0113rauda un makro\u0161\u0137iedru, \u0161uvju profilu, pal\u012bgmateri\u0101lu u.c.","og_url":"https:\/\/betotrade.ee\/lv\/izstradajumi\/","og_site_name":"Betotrade","article_modified_time":"2022-06-01T11:05:22+00:00","twitter_card":"summary_large_image","twitter_misc":{"Est. reading time":"4 minutes"},"schema":{"@context":"https:\/\/schema.org","@graph":[{"@type":"WebPage","@id":"https:\/\/betotrade.ee\/lv\/izstradajumi\/","url":"https:\/\/betotrade.ee\/lv\/izstradajumi\/","name":"Izstr\u0101d\u0101jumi - Betotrade","isPartOf":{"@id":"https:\/\/betotrade.ee\/lv\/#website"},"datePublished":"2021-01-22T07:56:38+00:00","dateModified":"2022-06-01T11:05:22+00:00","description":"Betotrade kl\u0101st\u0101 ir pla\u0161s virsmu cietin\u0101t\u0101ju, instrumentu, betona \u0137\u012bmijas, t\u0113rauda un makro\u0161\u0137iedru, \u0161uvju profilu, pal\u012bgmateri\u0101lu u.c.","breadcrumb":{"@id":"https:\/\/betotrade.ee\/lv\/izstradajumi\/#breadcrumb"},"inLanguage":"lv-LV","potentialAction":[{"@type":"ReadAction","target":["https:\/\/betotrade.ee\/lv\/izstradajumi\/"]}]},{"@type":"BreadcrumbList","@id":"https:\/\/betotrade.ee\/lv\/izstradajumi\/#breadcrumb","itemListElement":[{"@type":"ListItem","position":1,"name":"Home","item":"https:\/\/betotrade.ee\/lv\/"},{"@type":"ListItem","position":2,"name":"Izstr\u0101d\u0101jumi"}]},{"@type":"WebSite","@id":"https:\/\/betotrade.ee\/lv\/#website","url":"https:\/\/betotrade.ee\/lv\/","name":"Betotrade","description":"Betotrade betooni lahendused","potentialAction":[{"@type":"SearchAction","target":{"@type":"EntryPoint","urlTemplate":"https:\/\/betotrade.ee\/lv\/?s={search_term_string}"},"query-input":{"@type":"PropertyValueSpecification","valueRequired":true,"valueName":"search_term_string"}}],"inLanguage":"lv-LV"}]}},"_links":{"self":[{"href":"https:\/\/betotrade.ee\/lv\/wp-json\/wp\/v2\/pages\/5729","targetHints":{"allow":["GET"]}}],"collection":[{"href":"https:\/\/betotrade.ee\/lv\/wp-json\/wp\/v2\/pages"}],"about":[{"href":"https:\/\/betotrade.ee\/lv\/wp-json\/wp\/v2\/types\/page"}],"author":[{"embeddable":true,"href":"https:\/\/betotrade.ee\/lv\/wp-json\/wp\/v2\/users\/1"}],"replies":[{"embeddable":true,"href":"https:\/\/betotrade.ee\/lv\/wp-json\/wp\/v2\/comments?post=5729"}],"version-history":[{"count":6,"href":"https:\/\/betotrade.ee\/lv\/wp-json\/wp\/v2\/pages\/5729\/revisions"}],"predecessor-version":[{"id":5836,"href":"https:\/\/betotrade.ee\/lv\/wp-json\/wp\/v2\/pages\/5729\/revisions\/5836"}],"wp:attachment":[{"href":"https:\/\/betotrade.ee\/lv\/wp-json\/wp\/v2\/media?parent=5729"}],"curies":[{"name":"wp","href":"https:\/\/api.w.org\/{rel}","templated":true}]}}