{"id":5765,"date":"2021-01-22T10:57:02","date_gmt":"2021-01-22T07:57:02","guid":{"rendered":"https:\/\/betotrade.ee\/par-uznemumu\/"},"modified":"2022-06-01T14:05:55","modified_gmt":"2022-06-01T11:05:55","slug":"par-uznemumu","status":"publish","type":"page","link":"https:\/\/betotrade.ee\/lv\/par-uznemumu\/","title":{"rendered":"Par uz\u0146\u0113mumu"},"content":{"rendered":"<div class=\"fusion-fullwidth fullwidth-box fusion-builder-row-1 fusion-flex-container nonhundred-percent-fullwidth non-hundred-percent-height-scrolling\" style=\"--awb-border-radius-top-left:0px;--awb-border-radius-top-right:0px;--awb-border-radius-bottom-right:0px;--awb-border-radius-bottom-left:0px;--awb-padding-top:30px;--awb-padding-bottom:0px;--awb-padding-top-small:0px;--awb-flex-wrap:wrap;\" ><div class=\"fusion-builder-row fusion-row fusion-flex-align-items-flex-start fusion-flex-justify-content-center fusion-flex-content-wrap\" style=\"max-width:calc( 1200px + 80px );margin-left: calc(-80px \/ 2 );margin-right: calc(-80px \/ 2 );\"><div class=\"fusion-layout-column fusion_builder_column fusion-builder-column-0 fusion_builder_column_4_5 4_5 fusion-flex-column fusion-animated\" style=\"--awb-bg-size:cover;--awb-width-large:80%;--awb-margin-top-large:0px;--awb-spacing-right-large:40px;--awb-margin-bottom-large:80px;--awb-spacing-left-large:40px;--awb-width-medium:80%;--awb-order-medium:0;--awb-spacing-right-medium:40px;--awb-margin-bottom-medium:70px;--awb-spacing-left-medium:40px;--awb-width-small:100%;--awb-order-small:0;--awb-spacing-right-small:40px;--awb-margin-bottom-small:50px;--awb-spacing-left-small:40px;\" data-animationType=\"fadeIn\" data-animationDuration=\"1.0\" data-animationOffset=\"top-into-view\"><div class=\"fusion-column-wrapper fusion-column-has-shadow fusion-flex-justify-content-flex-start fusion-content-layout-column\"><div class=\"fusion-text fusion-text-1 fusion-text-no-margin\" style=\"--awb-content-alignment:center;--awb-font-size:var(--awb-typography2-font-size);--awb-line-height:var(--awb-typography2-line-height);--awb-letter-spacing:var(--awb-typography2-letter-spacing);--awb-text-transform:var(--awb-typography2-text-transform);--awb-margin-bottom:10px;--awb-text-font-family:var(--awb-typography2-font-family);--awb-text-font-weight:var(--awb-typography2-font-weight);--awb-text-font-style:var(--awb-typography2-font-style);\"><p>Iepaz\u012bties<\/p>\n<\/div><div class=\"fusion-title title fusion-title-1 fusion-sep-none fusion-title-center fusion-title-text fusion-title-size-three\" style=\"--awb-margin-bottom:30px;--awb-margin-top-small:10px;--awb-margin-right-small:0px;--awb-margin-bottom-small:30px;--awb-margin-left-small:0px;--awb-font-size:34px;\"><h3 class=\"fusion-title-heading title-heading-center\" style=\"font-family:var(--awb-typography1-font-family);font-weight:var(--awb-typography1-font-weight);font-style:var(--awb-typography1-font-style);margin:0;letter-spacing:var(--awb-typography1-letter-spacing);text-transform:var(--awb-typography1-text-transform);font-size:1em;line-height:var(--awb-typography1-line-height);\">Dar\u012bt visu, lai celtnieks var\u0113tu nodarboties ar galveno \u2013 celtniec\u012bbu. Materi\u0101lu izv\u0113li un in\u017eeniertehniskos risin\u0101jumus atst\u0101jiet m\u016bsu zi\u0146\u0101.<\/h3><\/div><div class=\"fusion-text fusion-text-2 fusion-text-no-margin\" style=\"--awb-content-alignment:center;--awb-text-transform:none;--awb-margin-right:10%;--awb-margin-bottom:0px;--awb-margin-left:10%;\"><p align=\"JUSTIFY\">Betotrade O\u00dc ir 1998. gad\u0101 Igaunijas pils\u0113t\u0101 Tartu dibin\u0101ts uz\u0146\u0113mums. Betotrade O\u00dc ir dibin\u0101ts, lai sadarb\u012bb\u0101 ar attiec\u012bg\u0101s jomas lab\u0101kajiem speci\u0101listiem no Eiropas un t\u0101l\u0101k\u0101m valst\u012bm iepaz\u012bstin\u0101tu ar inovat\u012bv\u0101m tehnolo\u0123ij\u0101m un b\u016bvmateri\u0101liem k\u0101 ar\u012b ieviestu t\u0101s Igaunijas b\u016bvniec\u012bbas tirg\u016b. M\u0113s p\u0101rsvar\u0101 esam specializ\u0113ju\u0161ies ar betonu saist\u012btas produkcijas jom\u0101. Saska\u0146\u0101 ar noteiktajiem darba uzdevumiem pied\u0101v\u0101jam da\u017e\u0101dus materi\u0101lus un to in\u017eeniertehniskos risin\u0101jumus zem betona, beton\u0101 un virs betona.<\/p>\n<p align=\"JUSTIFY\">Pieg\u0101d\u0101jam kvalitat\u012bvus un cenas zi\u0146\u0101 konkur\u0113tsp\u0113j\u012bgus b\u016bvmateri\u0101lus no visas pasaules. Pal\u012bdzam in\u017eenieriem, arhitektiem, un celtniekiem tehniski praktisk\u0101ko un ekonomisk\u0101ko risin\u0101jumu mekl\u0113\u0161an\u0101, nedodot nek\u0101das atlaides kvalit\u0101tes zi\u0146\u0101.<\/p>\n<p align=\"JUSTIFY\"><strong>M\u016bsu misija:<\/strong><\/p>\n<p align=\"JUSTIFY\">Dar\u012bt visu, lai celtnieks var\u0113tu nodarboties ar galveno \u2013 celtniec\u012bbu. Materi\u0101lu izv\u0113li un in\u017eeniertehniskos risin\u0101jumus atst\u0101jiet m\u016bsu zi\u0146\u0101.<\/p>\n<\/div><\/div><\/div><div class=\"fusion-layout-column fusion_builder_column fusion-builder-column-1 fusion_builder_column_1_1 1_1 fusion-flex-column fusion-animated\" style=\"--awb-bg-size:cover;--awb-width-large:100%;--awb-margin-top-large:0px;--awb-spacing-right-large:40px;--awb-margin-bottom-large:100px;--awb-spacing-left-large:40px;--awb-width-medium:100%;--awb-order-medium:0;--awb-spacing-right-medium:40px;--awb-margin-bottom-medium:70px;--awb-spacing-left-medium:40px;--awb-width-small:100%;--awb-order-small:0;--awb-spacing-right-small:40px;--awb-margin-bottom-small:50px;--awb-spacing-left-small:40px;\" data-animationType=\"fadeInUp\" data-animationDuration=\"1.0\" data-animationOffset=\"top-into-view\"><div class=\"fusion-column-wrapper fusion-column-has-shadow fusion-flex-justify-content-flex-start fusion-content-layout-column\"><div style=\"text-align:center;\"><a class=\"fusion-button button-flat fusion-button-default-size button-custom fusion-button-default button-1 fusion-button-default-span fusion-button-default-type\" style=\"--button_accent_color:var(--awb-color8);--button_border_color:var(--awb-color8);--button_accent_hover_color:var(--awb-color1);--button_border_hover_color:var(--awb-color8);--button_border_width-top:2px;--button_border_width-right:2px;--button_border_width-bottom:2px;--button_border_width-left:2px;--button_gradient_top_color:rgba(255,182,0,0);--button_gradient_bottom_color:rgba(255,182,0,0);--button_gradient_top_color_hover:var(--awb-color8);--button_gradient_bottom_color_hover:var(--awb-color8);--button_font_size:18px;--button_padding-top:20px;--button_padding-right:40px;--button_padding-bottom:20px;--button_padding-left:40px;\" target=\"_self\" href=\"https:\/\/betotrade.ee\/kusi-pakkumist\/\"><span class=\"fusion-button-text awb-button__text awb-button__text--default\">Sazinieties ar mums<\/span><\/a><\/div><\/div><\/div><\/div><\/div>\n","protected":false},"excerpt":{"rendered":"","protected":false},"author":1,"featured_media":0,"parent":0,"menu_order":0,"comment_status":"closed","ping_status":"closed","template":"100-width.php","meta":{"footnotes":""},"class_list":["post-5765","page","type-page","status-publish","hentry"],"yoast_head":"<!-- This site is optimized with the Yoast SEO plugin v27.3 - https:\/\/yoast.com\/product\/yoast-seo-wordpress\/ -->\n<title>Par uz\u0146\u0113mumu - Betotrade<\/title>\n<meta name=\"robots\" content=\"index, follow, max-snippet:-1, max-image-preview:large, max-video-preview:-1\" \/>\n<link rel=\"canonical\" href=\"https:\/\/betotrade.ee\/lv\/par-uznemumu\/\" \/>\n<meta property=\"og:locale\" content=\"lv_LV\" \/>\n<meta property=\"og:type\" content=\"article\" \/>\n<meta property=\"og:title\" content=\"Par uz\u0146\u0113mumu - Betotrade\" \/>\n<meta property=\"og:url\" content=\"https:\/\/betotrade.ee\/lv\/par-uznemumu\/\" \/>\n<meta property=\"og:site_name\" content=\"Betotrade\" \/>\n<meta property=\"article:modified_time\" content=\"2022-06-01T11:05:55+00:00\" \/>\n<meta name=\"twitter:card\" content=\"summary_large_image\" \/>\n<meta name=\"twitter:label1\" content=\"Est. reading time\" \/>\n\t<meta name=\"twitter:data1\" content=\"5 minutes\" \/>\n<script type=\"application\/ld+json\" class=\"yoast-schema-graph\">{\"@context\":\"https:\\\/\\\/schema.org\",\"@graph\":[{\"@type\":\"WebPage\",\"@id\":\"https:\\\/\\\/betotrade.ee\\\/lv\\\/par-uznemumu\\\/\",\"url\":\"https:\\\/\\\/betotrade.ee\\\/lv\\\/par-uznemumu\\\/\",\"name\":\"Par uz\u0146\u0113mumu - Betotrade\",\"isPartOf\":{\"@id\":\"https:\\\/\\\/betotrade.ee\\\/lv\\\/#website\"},\"datePublished\":\"2021-01-22T07:57:02+00:00\",\"dateModified\":\"2022-06-01T11:05:55+00:00\",\"breadcrumb\":{\"@id\":\"https:\\\/\\\/betotrade.ee\\\/lv\\\/par-uznemumu\\\/#breadcrumb\"},\"inLanguage\":\"lv-LV\",\"potentialAction\":[{\"@type\":\"ReadAction\",\"target\":[\"https:\\\/\\\/betotrade.ee\\\/lv\\\/par-uznemumu\\\/\"]}]},{\"@type\":\"BreadcrumbList\",\"@id\":\"https:\\\/\\\/betotrade.ee\\\/lv\\\/par-uznemumu\\\/#breadcrumb\",\"itemListElement\":[{\"@type\":\"ListItem\",\"position\":1,\"name\":\"Home\",\"item\":\"https:\\\/\\\/betotrade.ee\\\/lv\\\/\"},{\"@type\":\"ListItem\",\"position\":2,\"name\":\"Par uz\u0146\u0113mumu\"}]},{\"@type\":\"WebSite\",\"@id\":\"https:\\\/\\\/betotrade.ee\\\/lv\\\/#website\",\"url\":\"https:\\\/\\\/betotrade.ee\\\/lv\\\/\",\"name\":\"Betotrade\",\"description\":\"Betotrade betooni lahendused\",\"potentialAction\":[{\"@type\":\"SearchAction\",\"target\":{\"@type\":\"EntryPoint\",\"urlTemplate\":\"https:\\\/\\\/betotrade.ee\\\/lv\\\/?s={search_term_string}\"},\"query-input\":{\"@type\":\"PropertyValueSpecification\",\"valueRequired\":true,\"valueName\":\"search_term_string\"}}],\"inLanguage\":\"lv-LV\"}]}<\/script>\n<!-- \/ Yoast SEO plugin. -->","yoast_head_json":{"title":"Par uz\u0146\u0113mumu - Betotrade","robots":{"index":"index","follow":"follow","max-snippet":"max-snippet:-1","max-image-preview":"max-image-preview:large","max-video-preview":"max-video-preview:-1"},"canonical":"https:\/\/betotrade.ee\/lv\/par-uznemumu\/","og_locale":"lv_LV","og_type":"article","og_title":"Par uz\u0146\u0113mumu - Betotrade","og_url":"https:\/\/betotrade.ee\/lv\/par-uznemumu\/","og_site_name":"Betotrade","article_modified_time":"2022-06-01T11:05:55+00:00","twitter_card":"summary_large_image","twitter_misc":{"Est. reading time":"5 minutes"},"schema":{"@context":"https:\/\/schema.org","@graph":[{"@type":"WebPage","@id":"https:\/\/betotrade.ee\/lv\/par-uznemumu\/","url":"https:\/\/betotrade.ee\/lv\/par-uznemumu\/","name":"Par uz\u0146\u0113mumu - Betotrade","isPartOf":{"@id":"https:\/\/betotrade.ee\/lv\/#website"},"datePublished":"2021-01-22T07:57:02+00:00","dateModified":"2022-06-01T11:05:55+00:00","breadcrumb":{"@id":"https:\/\/betotrade.ee\/lv\/par-uznemumu\/#breadcrumb"},"inLanguage":"lv-LV","potentialAction":[{"@type":"ReadAction","target":["https:\/\/betotrade.ee\/lv\/par-uznemumu\/"]}]},{"@type":"BreadcrumbList","@id":"https:\/\/betotrade.ee\/lv\/par-uznemumu\/#breadcrumb","itemListElement":[{"@type":"ListItem","position":1,"name":"Home","item":"https:\/\/betotrade.ee\/lv\/"},{"@type":"ListItem","position":2,"name":"Par uz\u0146\u0113mumu"}]},{"@type":"WebSite","@id":"https:\/\/betotrade.ee\/lv\/#website","url":"https:\/\/betotrade.ee\/lv\/","name":"Betotrade","description":"Betotrade betooni lahendused","potentialAction":[{"@type":"SearchAction","target":{"@type":"EntryPoint","urlTemplate":"https:\/\/betotrade.ee\/lv\/?s={search_term_string}"},"query-input":{"@type":"PropertyValueSpecification","valueRequired":true,"valueName":"search_term_string"}}],"inLanguage":"lv-LV"}]}},"_links":{"self":[{"href":"https:\/\/betotrade.ee\/lv\/wp-json\/wp\/v2\/pages\/5765","targetHints":{"allow":["GET"]}}],"collection":[{"href":"https:\/\/betotrade.ee\/lv\/wp-json\/wp\/v2\/pages"}],"about":[{"href":"https:\/\/betotrade.ee\/lv\/wp-json\/wp\/v2\/types\/page"}],"author":[{"embeddable":true,"href":"https:\/\/betotrade.ee\/lv\/wp-json\/wp\/v2\/users\/1"}],"replies":[{"embeddable":true,"href":"https:\/\/betotrade.ee\/lv\/wp-json\/wp\/v2\/comments?post=5765"}],"version-history":[{"count":3,"href":"https:\/\/betotrade.ee\/lv\/wp-json\/wp\/v2\/pages\/5765\/revisions"}],"predecessor-version":[{"id":5837,"href":"https:\/\/betotrade.ee\/lv\/wp-json\/wp\/v2\/pages\/5765\/revisions\/5837"}],"wp:attachment":[{"href":"https:\/\/betotrade.ee\/lv\/wp-json\/wp\/v2\/media?parent=5765"}],"curies":[{"name":"wp","href":"https:\/\/api.w.org\/{rel}","templated":true}]}}