{"id":5870,"date":"2022-06-03T12:04:36","date_gmt":"2022-06-03T09:04:36","guid":{"rendered":"https:\/\/betotrade.ee\/?page_id=5870"},"modified":"2022-06-14T14:29:12","modified_gmt":"2022-06-14T11:29:12","slug":"referentsid","status":"publish","type":"page","link":"https:\/\/betotrade.ee\/lv\/referentsid\/","title":{"rendered":"Referentsid"},"content":{"rendered":"<div class=\"fusion-fullwidth fullwidth-box fusion-builder-row-1 fusion-flex-container nonhundred-percent-fullwidth non-hundred-percent-height-scrolling\" style=\"--awb-border-radius-top-left:0px;--awb-border-radius-top-right:0px;--awb-border-radius-bottom-right:0px;--awb-border-radius-bottom-left:0px;--awb-flex-wrap:wrap;\" ><div class=\"fusion-builder-row fusion-row fusion-flex-align-items-flex-start fusion-flex-content-wrap\" style=\"max-width:calc( 1200px + 80px );margin-left: calc(-80px \/ 2 );margin-right: calc(-80px \/ 2 );\"><div class=\"fusion-layout-column fusion_builder_column fusion-builder-column-0 fusion_builder_column_1_4 1_4 fusion-flex-column\" style=\"--awb-bg-size:cover;--awb-width-large:25%;--awb-margin-top-large:0px;--awb-spacing-right-large:40px;--awb-margin-bottom-large:20px;--awb-spacing-left-large:40px;--awb-width-medium:25%;--awb-order-medium:0;--awb-spacing-right-medium:40px;--awb-spacing-left-medium:40px;--awb-width-small:100%;--awb-order-small:0;--awb-spacing-right-small:40px;--awb-spacing-left-small:40px;\"><div class=\"fusion-column-wrapper fusion-column-has-shadow fusion-flex-justify-content-flex-start fusion-content-layout-column\"><div class=\"fusion-title title fusion-title-1 fusion-sep-none fusion-title-text fusion-title-size-one\" style=\"--awb-margin-top-small:10px;--awb-margin-right-small:0px;--awb-margin-bottom-small:10px;--awb-margin-left-small:0px;--awb-font-size:26px;\"><h1 class=\"fusion-title-heading title-heading-left\" style=\"font-family:var(--awb-typography1-font-family);font-weight:var(--awb-typography1-font-weight);font-style:var(--awb-typography1-font-style);margin:0;letter-spacing:var(--awb-typography1-letter-spacing);text-transform:capitalize;font-size:1em;line-height:var(--awb-typography1-line-height);\"><a href=\"https:\/\/betotrade.ee\/referentsid\/\">Referentsid<\/a><\/h1><\/div><nav class=\"awb-menu awb-menu_column awb-menu_em-hover mobile-mode-collapse-to-button awb-menu_icons-left awb-menu_dc-yes mobile-trigger-fullwidth-off awb-menu_mobile-toggle awb-menu_indent-left mobile-size-full-absolute loading mega-menu-loading awb-menu_desktop awb-menu_dropdown awb-menu_expand-right awb-menu_transition-fade\" style=\"--awb-main-justify-content:flex-start;--awb-mobile-justify:flex-start;--awb-mobile-caret-left:auto;--awb-mobile-caret-right:0;--awb-fusion-font-family-typography:inherit;--awb-fusion-font-style-typography:normal;--awb-fusion-font-weight-typography:400;--awb-fusion-font-family-submenu-typography:inherit;--awb-fusion-font-style-submenu-typography:normal;--awb-fusion-font-weight-submenu-typography:400;--awb-fusion-font-family-mobile-typography:inherit;--awb-fusion-font-style-mobile-typography:normal;--awb-fusion-font-weight-mobile-typography:400;\" aria-label=\"Portfoolio\" data-breakpoint=\"1024\" data-count=\"0\" data-transition-type=\"fade\" data-transition-time=\"300\" data-expand=\"right\"><button type=\"button\" class=\"awb-menu__m-toggle awb-menu__m-toggle_no-text\" aria-expanded=\"false\" aria-controls=\"menu-portfoolio\"><span class=\"awb-menu__m-toggle-inner\"><span class=\"collapsed-nav-text\"><span class=\"screen-reader-text\">Toggle Navigation<\/span><\/span><span class=\"awb-menu__m-collapse-icon awb-menu__m-collapse-icon_no-text\"><span class=\"awb-menu__m-collapse-icon-open awb-menu__m-collapse-icon-open_no-text fa-bars fas\"><\/span><span class=\"awb-menu__m-collapse-icon-close awb-menu__m-collapse-icon-close_no-text fa-times fas\"><\/span><\/span><\/span><\/button><ul id=\"menu-portfoolio\" class=\"fusion-menu awb-menu__main-ul awb-menu__main-ul_column\"><li  id=\"menu-item-6150\"  class=\"menu-item menu-item-type-post_type menu-item-object-page menu-item-6150 awb-menu__li awb-menu__main-li awb-menu__main-li_regular\"  data-item-id=\"6150\"><span class=\"awb-menu__main-background-default awb-menu__main-background-default_fade\"><\/span><span class=\"awb-menu__main-background-active awb-menu__main-background-active_fade\"><\/span><a  href=\"https:\/\/betotrade.ee\/lv\/referentsid-teraskiud\/\" class=\"awb-menu__main-a awb-menu__main-a_regular\"><span class=\"menu-text\">Referentsid &#8211; teraskiud<\/span><\/a><\/li><li  id=\"menu-item-6149\"  class=\"menu-item menu-item-type-post_type menu-item-object-page menu-item-6149 awb-menu__li awb-menu__main-li awb-menu__main-li_regular\"  data-item-id=\"6149\"><span class=\"awb-menu__main-background-default awb-menu__main-background-default_fade\"><\/span><span class=\"awb-menu__main-background-active awb-menu__main-background-active_fade\"><\/span><a  href=\"https:\/\/betotrade.ee\/lv\/referentsid-makrokiud\/\" class=\"awb-menu__main-a awb-menu__main-a_regular\"><span class=\"menu-text\">Referentsid &#8211; makrokiud<\/span><\/a><\/li><li  id=\"menu-item-6151\"  class=\"menu-item menu-item-type-post_type menu-item-object-page menu-item-6151 awb-menu__li awb-menu__main-li awb-menu__main-li_regular\"  data-item-id=\"6151\"><span class=\"awb-menu__main-background-default awb-menu__main-background-default_fade\"><\/span><span class=\"awb-menu__main-background-active awb-menu__main-background-active_fade\"><\/span><a  href=\"https:\/\/betotrade.ee\/lv\/referentsid-pinnakovendid\/\" class=\"awb-menu__main-a awb-menu__main-a_regular\"><span class=\"menu-text\">Referentsid &#8211; pinnak\u00f5vendid<\/span><\/a><\/li><li  id=\"menu-item-6148\"  class=\"menu-item menu-item-type-post_type menu-item-object-page menu-item-6148 awb-menu__li awb-menu__main-li awb-menu__main-li_regular\"  data-item-id=\"6148\"><span class=\"awb-menu__main-background-default awb-menu__main-background-default_fade\"><\/span><span class=\"awb-menu__main-background-active awb-menu__main-background-active_fade\"><\/span><a  href=\"https:\/\/betotrade.ee\/lv\/referentsid-vuugiprofiilid\/\" class=\"awb-menu__main-a awb-menu__main-a_regular\"><span class=\"menu-text\">Referentsid &#8211; vuugiprofiilid<\/span><\/a><\/li><li  id=\"menu-item-6147\"  class=\"menu-item menu-item-type-post_type menu-item-object-page menu-item-6147 awb-menu__li awb-menu__main-li awb-menu__main-li_regular\"  data-item-id=\"6147\"><span class=\"awb-menu__main-background-default awb-menu__main-background-default_fade\"><\/span><span class=\"awb-menu__main-background-active awb-menu__main-background-active_fade\"><\/span><a  href=\"https:\/\/betotrade.ee\/lv\/referentsid-betoonikeemia\/\" class=\"awb-menu__main-a awb-menu__main-a_regular\"><span class=\"menu-text\">Referentsid &#8211; betoonikeemia<\/span><\/a><\/li><\/ul><\/nav><\/div><\/div><div class=\"fusion-layout-column fusion_builder_column fusion-builder-column-1 fusion_builder_column_3_4 3_4 fusion-flex-column\" style=\"--awb-bg-size:cover;--awb-width-large:75%;--awb-margin-top-large:0px;--awb-spacing-right-large:40px;--awb-margin-bottom-large:20px;--awb-spacing-left-large:40px;--awb-width-medium:75%;--awb-order-medium:0;--awb-spacing-right-medium:40px;--awb-spacing-left-medium:40px;--awb-width-small:100%;--awb-order-small:0;--awb-spacing-right-small:40px;--awb-spacing-left-small:40px;\"><div class=\"fusion-column-wrapper fusion-column-has-shadow fusion-flex-justify-content-flex-start fusion-content-layout-column\"><div class=\"fusion-title title fusion-title-2 fusion-sep-none fusion-title-text fusion-title-size-one\" style=\"--awb-margin-top-small:10px;--awb-margin-right-small:0px;--awb-margin-bottom-small:10px;--awb-margin-left-small:0px;--awb-font-size:34px;\"><h1 class=\"fusion-title-heading title-heading-left\" style=\"font-family:var(--awb-typography1-font-family);font-weight:var(--awb-typography1-font-weight);font-style:var(--awb-typography1-font-style);margin:0;letter-spacing:var(--awb-typography1-letter-spacing);text-transform:capitalize;font-size:1em;line-height:var(--awb-typography1-line-height);\">Referentsid<\/h1><\/div><div class=\"fusion-text fusion-text-1\" style=\"--awb-text-transform:none;\"><p>Projektid, kus on kasutatud Betotrade O\u00dc materjale\u00a0 ja Betotrade O\u00dc on\u00a0 osalenud tehniliste lahenduste v\u00e4ljat\u00f6\u00f6tamisel.<\/p>\n<\/div><\/div><\/div><\/div><\/div>\n","protected":false},"excerpt":{"rendered":"","protected":false},"author":2,"featured_media":0,"parent":0,"menu_order":0,"comment_status":"closed","ping_status":"closed","template":"","meta":{"footnotes":""},"class_list":["post-5870","page","type-page","status-publish","hentry"],"yoast_head":"<!-- This site is optimized with the Yoast SEO plugin v27.3 - https:\/\/yoast.com\/product\/yoast-seo-wordpress\/ -->\n<title>Referentsid - Betotrade<\/title>\n<meta name=\"robots\" content=\"index, follow, max-snippet:-1, max-image-preview:large, max-video-preview:-1\" \/>\n<link rel=\"canonical\" href=\"https:\/\/betotrade.ee\/lv\/referentsid\/\" \/>\n<meta property=\"og:locale\" content=\"lv_LV\" \/>\n<meta property=\"og:type\" content=\"article\" \/>\n<meta property=\"og:title\" content=\"Referentsid - Betotrade\" \/>\n<meta property=\"og:url\" content=\"https:\/\/betotrade.ee\/lv\/referentsid\/\" \/>\n<meta property=\"og:site_name\" content=\"Betotrade\" \/>\n<meta property=\"article:modified_time\" content=\"2022-06-14T11:29:12+00:00\" \/>\n<meta name=\"twitter:card\" content=\"summary_large_image\" \/>\n<meta name=\"twitter:label1\" content=\"Est. reading time\" \/>\n\t<meta name=\"twitter:data1\" content=\"4 minutes\" \/>\n<script type=\"application\/ld+json\" class=\"yoast-schema-graph\">{\"@context\":\"https:\\\/\\\/schema.org\",\"@graph\":[{\"@type\":\"WebPage\",\"@id\":\"https:\\\/\\\/betotrade.ee\\\/lv\\\/referentsid\\\/\",\"url\":\"https:\\\/\\\/betotrade.ee\\\/lv\\\/referentsid\\\/\",\"name\":\"Referentsid - Betotrade\",\"isPartOf\":{\"@id\":\"https:\\\/\\\/betotrade.ee\\\/lv\\\/#website\"},\"datePublished\":\"2022-06-03T09:04:36+00:00\",\"dateModified\":\"2022-06-14T11:29:12+00:00\",\"breadcrumb\":{\"@id\":\"https:\\\/\\\/betotrade.ee\\\/lv\\\/referentsid\\\/#breadcrumb\"},\"inLanguage\":\"lv-LV\",\"potentialAction\":[{\"@type\":\"ReadAction\",\"target\":[\"https:\\\/\\\/betotrade.ee\\\/lv\\\/referentsid\\\/\"]}]},{\"@type\":\"BreadcrumbList\",\"@id\":\"https:\\\/\\\/betotrade.ee\\\/lv\\\/referentsid\\\/#breadcrumb\",\"itemListElement\":[{\"@type\":\"ListItem\",\"position\":1,\"name\":\"Home\",\"item\":\"https:\\\/\\\/betotrade.ee\\\/lv\\\/\"},{\"@type\":\"ListItem\",\"position\":2,\"name\":\"Referentsid\"}]},{\"@type\":\"WebSite\",\"@id\":\"https:\\\/\\\/betotrade.ee\\\/lv\\\/#website\",\"url\":\"https:\\\/\\\/betotrade.ee\\\/lv\\\/\",\"name\":\"Betotrade\",\"description\":\"Betotrade betooni lahendused\",\"potentialAction\":[{\"@type\":\"SearchAction\",\"target\":{\"@type\":\"EntryPoint\",\"urlTemplate\":\"https:\\\/\\\/betotrade.ee\\\/lv\\\/?s={search_term_string}\"},\"query-input\":{\"@type\":\"PropertyValueSpecification\",\"valueRequired\":true,\"valueName\":\"search_term_string\"}}],\"inLanguage\":\"lv-LV\"}]}<\/script>\n<!-- \/ Yoast SEO plugin. -->","yoast_head_json":{"title":"Referentsid - Betotrade","robots":{"index":"index","follow":"follow","max-snippet":"max-snippet:-1","max-image-preview":"max-image-preview:large","max-video-preview":"max-video-preview:-1"},"canonical":"https:\/\/betotrade.ee\/lv\/referentsid\/","og_locale":"lv_LV","og_type":"article","og_title":"Referentsid - Betotrade","og_url":"https:\/\/betotrade.ee\/lv\/referentsid\/","og_site_name":"Betotrade","article_modified_time":"2022-06-14T11:29:12+00:00","twitter_card":"summary_large_image","twitter_misc":{"Est. reading time":"4 minutes"},"schema":{"@context":"https:\/\/schema.org","@graph":[{"@type":"WebPage","@id":"https:\/\/betotrade.ee\/lv\/referentsid\/","url":"https:\/\/betotrade.ee\/lv\/referentsid\/","name":"Referentsid - Betotrade","isPartOf":{"@id":"https:\/\/betotrade.ee\/lv\/#website"},"datePublished":"2022-06-03T09:04:36+00:00","dateModified":"2022-06-14T11:29:12+00:00","breadcrumb":{"@id":"https:\/\/betotrade.ee\/lv\/referentsid\/#breadcrumb"},"inLanguage":"lv-LV","potentialAction":[{"@type":"ReadAction","target":["https:\/\/betotrade.ee\/lv\/referentsid\/"]}]},{"@type":"BreadcrumbList","@id":"https:\/\/betotrade.ee\/lv\/referentsid\/#breadcrumb","itemListElement":[{"@type":"ListItem","position":1,"name":"Home","item":"https:\/\/betotrade.ee\/lv\/"},{"@type":"ListItem","position":2,"name":"Referentsid"}]},{"@type":"WebSite","@id":"https:\/\/betotrade.ee\/lv\/#website","url":"https:\/\/betotrade.ee\/lv\/","name":"Betotrade","description":"Betotrade betooni lahendused","potentialAction":[{"@type":"SearchAction","target":{"@type":"EntryPoint","urlTemplate":"https:\/\/betotrade.ee\/lv\/?s={search_term_string}"},"query-input":{"@type":"PropertyValueSpecification","valueRequired":true,"valueName":"search_term_string"}}],"inLanguage":"lv-LV"}]}},"_links":{"self":[{"href":"https:\/\/betotrade.ee\/lv\/wp-json\/wp\/v2\/pages\/5870","targetHints":{"allow":["GET"]}}],"collection":[{"href":"https:\/\/betotrade.ee\/lv\/wp-json\/wp\/v2\/pages"}],"about":[{"href":"https:\/\/betotrade.ee\/lv\/wp-json\/wp\/v2\/types\/page"}],"author":[{"embeddable":true,"href":"https:\/\/betotrade.ee\/lv\/wp-json\/wp\/v2\/users\/2"}],"replies":[{"embeddable":true,"href":"https:\/\/betotrade.ee\/lv\/wp-json\/wp\/v2\/comments?post=5870"}],"version-history":[{"count":13,"href":"https:\/\/betotrade.ee\/lv\/wp-json\/wp\/v2\/pages\/5870\/revisions"}],"predecessor-version":[{"id":6501,"href":"https:\/\/betotrade.ee\/lv\/wp-json\/wp\/v2\/pages\/5870\/revisions\/6501"}],"wp:attachment":[{"href":"https:\/\/betotrade.ee\/lv\/wp-json\/wp\/v2\/media?parent=5870"}],"curies":[{"name":"wp","href":"https:\/\/api.w.org\/{rel}","templated":true}]}}