{"id":4474,"date":"2022-02-03T09:05:14","date_gmt":"2022-02-03T06:05:14","guid":{"rendered":"https:\/\/betotrade.ee\/dataskyddsvillkor\/"},"modified":"2022-05-31T09:57:24","modified_gmt":"2022-05-31T06:57:24","slug":"dataskyddsvillkor","status":"publish","type":"page","link":"https:\/\/betotrade.ee\/sv\/dataskyddsvillkor\/","title":{"rendered":"Dataskyddsvillkor"},"content":{"rendered":"<p><strong>Meddelande om kakpolicy och integritetspolicy<\/strong><\/p>\n<p>Detta meddelande om kakpolicyn och integritetspolicyn (\u201dmeddelandet\u201d) inneh\u00e5ller anv\u00e4ndbar information om hur och f\u00f6r vilka \u00e4ndam\u00e5l f\u00f6retaget samlar in, behandlar och delar personlig information (uppgifter). Integritetspolicyn bygger p\u00e5 de allm\u00e4nna dataskyddsbest\u00e4mmelserna (GDPR \u2013 General Data Protection Regulation).<\/p>\n<p>Syftet med integritetspolicyn \u00e4r att skydda v\u00e5ra kunders integritet enligt lagstiftningen i Republiken Estland och Europeiska unionens lagstiftning.<\/p>\n<p>\u201dPersonuppgifter\u201d \u00e4r all information om en identifierad eller identifierbar fysisk person, t.ex. namn, adress, e-postadress och information om bes\u00f6k p\u00e5 v\u00e5r webbplats, kanaler i sociala medier och anv\u00e4ndning av v\u00e5ra tj\u00e4nster.<\/p>\n<p><strong>Genom att anv\u00e4nda v\u00e5r webbplats godk\u00e4nner du anv\u00e4ndning av kakor och de villkor f\u00f6r behandling av personuppgifter som beskrivs i denna kakpolicy och integritetspolicy.<\/strong><\/p>\n<p>G\u00e4ller fr\u00e5n och med 22.07.2020<\/p>\n<ol>\n<li><strong>Vems uppgifter behandlar BETOTRADEO\u00dc?<\/strong><\/li>\n<\/ol>\n<p>BETOTRADEO\u00dc \u00e4r personuppgiftsansvarig och om du har n\u00e5gra fr\u00e5gor kan du skicka en e-mail till: info@betotrade.ee<\/p>\n<p>BETOTRADEO\u00dc behandlar uppgifter om kunder och kontaktpersoner som har uttryckt en \u00f6nskan om att anv\u00e4nda v\u00e5ra tj\u00e4nster eller som tidigare har anv\u00e4nt v\u00e5ra tj\u00e4nster.<\/p>\n<p>I vissa fall behandlar vi personuppgifter som \u00e4r tillg\u00e4ngliga fr\u00e5n offentliga k\u00e4llor.<\/p>\n<ol start=\"2\">\n<li><strong> \u00c4ndam\u00e5l och laglig grund f\u00f6r behandling av kundens personuppgifter (uppgifter)<\/strong><\/li>\n<\/ol>\n<p>Vi behandlar personuppgifter om frivilliga anv\u00e4ndare av v\u00e5ra marknadsf\u00f6ringskanaler och om anv\u00e4ndare av v\u00e5ra tj\u00e4nster och om kunder (inbegripet kundrepresentanter) f\u00f6r att uppfylla v\u00e5ra avtalsf\u00f6rpliktelser och f\u00f6r att tillhandah\u00e5lla potentiella kunder b\u00e4ttre service och information.<\/p>\n<p>N\u00e4r BETOTRADEO\u00dc behandlar personuppgifter f\u00f6r dessa \u00e4ndam\u00e5l \u00e4r den lagliga grunden f\u00f6r behandlingen v\u00e5rt legitima intresse av att s\u00e4kerst\u00e4lla ett korrekt och b\u00e4ttre tillhandah\u00e5llande av v\u00e5ra tj\u00e4nster.<\/p>\n<p>Vi samlar in uppgifter fr\u00e5n BETOTRADEO\u00dc:s marknadsf\u00f6ringskanaler (inbegripet webbplatsen) om dess anv\u00e4ndning och potentiella kunders intressen f\u00f6r att b\u00e4ttre f\u00f6rst\u00e5 v\u00e5ra kunders faktiska intressen, att tillhandah\u00e5lla information av b\u00e4ttre kvalitet och att f\u00f6rb\u00e4ttra webbplatsens funktionalitet och anv\u00e4ndarv\u00e4nlighet.<\/p>\n<p>I detta fall \u00e4r den lagliga grunden f\u00f6r behandlingen v\u00e5rt legitima intresse av att b\u00e4ttre f\u00f6rst\u00e5 v\u00e5ra kunders behov och tillhandah\u00e5lla b\u00e4ttre service.<\/p>\n<p>BETOTRADEO\u00dc behandlar till exempel uppgifter om kundernas k\u00f6pbeteende, om l\u00e4sning och \u00f6ppnande av nyhetsbrev och om \u00f6ppnande av annonser, f\u00f6r att ge kunderna de erbjudanden och det inneh\u00e5ll de f\u00f6redrar.<\/p>\n<p>BETOTRADEO\u00dc behandlar personuppgifter f\u00f6r f\u00f6ljande \u00e4ndam\u00e5l:<\/p>\n<ul>\n<li>uppr\u00e4ttande och hantering av BETOTRADEO\u00dc:s kundbas;<\/li>\n<li>tillhandah\u00e5llande av nya tj\u00e4nster till kunderna;<\/li>\n<li>analysering och f\u00f6rb\u00e4ttring av BETOTRADEO\u00dc:s tj\u00e4nster;<\/li>\n<li>f\u00f6rvaltning av webbplatsen;<\/li>\n<li>efterlevnad av r\u00e4ttsliga krav;<\/li>\n<li>besvaring av kundf\u00f6rfr\u00e5gningar;<\/li>\n<li>utf\u00e4rdande av certifikat och intyg.<\/li>\n<\/ul>\n<ol start=\"3\">\n<li><strong> Hur samlar vi in personuppgifter<\/strong><\/li>\n<\/ol>\n<p>Som regel samlar vi in personuppgifter direkt fr\u00e5n de registrerade och med deras samtycke. Dessutom anv\u00e4nder vi automatiserade datainsamlingsverktyg, inklusive kakor och andra sp\u00e5rningsverktyg, f\u00f6r att optimera anv\u00e4ndarupplevelsen p\u00e5 v\u00e5r webbplats och tillhandah\u00e5lla b\u00e4ttre tj\u00e4nster till v\u00e5ra kunder.<\/p>\n<p>Kakor och pixeltaggar och hur du blir av med dem<\/p>\n<p>En kaka (cookie) \u00e4r en liten textfil som skickas av en webbserver till en anv\u00e4ndares webbl\u00e4sare och lagras p\u00e5 anv\u00e4ndarens h\u00e5rddisk, vilket m\u00f6jligg\u00f6r att komma ih\u00e5g inst\u00e4llningar som t.ex. typsnittsstorlek, spr\u00e5k, utrustningens information, surfstatistik osv.<\/p>\n<p>Alla webbl\u00e4sare \u00e4r standardinst\u00e4llda att acceptera kakor, men du kan vanligtvis \u00e4ndra inst\u00e4llningarna i din webbl\u00e4sare s\u00e5 att du v\u00e4grar kakor helt, blockerar kakor fr\u00e5n tredje parter eller meddelar dig om varje kaka som skickas.<\/p>\n<p>Pixeltaggar \u00e4r sm\u00e5 delar av webbplatsens kod som m\u00f6jligg\u00f6r webbplatser att l\u00e4sa och placera kakor. Dessa aktiveras n\u00e4r anv\u00e4ndaren \u00f6ppnar ett e-postmeddelande eller kommer till en webbplats, d\u00e4refter laddas ner kakor fr\u00e5n tredje parter eller det registreras att anv\u00e4ndaren har \u00f6ppnat ett e-postmeddelande.<\/p>\n<p>BETOTRADEO\u00dc anv\u00e4nder f\u00f6ljande kakor:<\/p>\n<ul>\n<li>Sessionsbaserade kakor (tillf\u00e4lliga kakor) som syftar till att m\u00f6jligg\u00f6ra anv\u00e4ndningen av tj\u00e4nsten.<\/li>\n<li>Permanenta kakor (lagras p\u00e5 anv\u00e4ndarens dator efter att webbl\u00e4saren st\u00e4ngts) som syftar till att komma ih\u00e5g kundens val p\u00e5 BETOTRADEO\u00dc:s webbplatser.<\/li>\n<\/ul>\n<p>Mer specifikt anv\u00e4nder BETOTRADEO\u00dc:<\/p>\n<ul>\n<li>analytiska kakor, som samlar in information om webbplatsens anv\u00e4ndning. Till exempel vilka inneh\u00e5llssidor som \u00e4r mest bes\u00f6kta eller vad bes\u00f6karna s\u00f6ker p\u00e5 en webbplats osv. Dessa kakor samlar inte in information som direkt kan identifiera en webbplatsanv\u00e4ndare. Detta omfattar till exempel kakor fr\u00e5n Google Analytics och Hotjar.<\/li>\n<li>Marknadsf\u00f6ringskakor f\u00f6r att hj\u00e4lpa till att leverera annonser som \u00e4r inriktade mot anv\u00e4ndarens intressen. Till exempel har en Facebook Pixel-kod lagts till p\u00e5 kiudbetoon.ee:s webbplats, och om du inte l\u00e4ngre vill se BETOTRADEO\u00dc:s annonser p\u00e5 Facebook kan du inaktivera den. \u00d6ppna\u00a0<a href=\"https:\/\/www.facebook.com\/ads\/preferences\">https:\/\/www.facebook.com\/ads\/preferences<\/a>\u00a0och ta bort \u201dAnnons\u00f6rer som du har kontaktat\u201d under valet Eurotoetused.<\/li>\n<li>Kakor fr\u00e5n tredje parter, till exempel Youtube och Google Maps. Lokaliseringskarta och videor kommer inte att visas om du inte har godk\u00e4nt integritetspolicyn. F\u00f6r att g\u00f6ra detta tekniskt m\u00f6jligt anv\u00e4nder vi kakan privacy_embeds som skapats av Avada kujundus.<\/li>\n<\/ul>\n<p>Anv\u00e4ndaren har r\u00e4tt att v\u00e4gra lagring av kakor p\u00e5 sin dator. I s\u00e5 fall m\u00e5ste du \u00e4ndra inst\u00e4llningarna i din webbl\u00e4sare.<\/p>\n<p>Anvisningar f\u00f6r att st\u00e4lla in de mest popul\u00e4ra webbl\u00e4sarna:<\/p>\n<p>Internet Explorer:\u00a0<a href=\"http:\/\/support.microsoft.com\/kb\/278835\">http:\/\/support.microsoft.com\/kb\/278835<\/a><\/p>\n<p>Crome:\u00a0<a href=\"https:\/\/support.google.com\/chrome\/answer\/95647?hl=en\">https:\/\/support.google.com\/chrome\/answer\/95647?hl=en<\/a><\/p>\n<p>Firefox:\u00a0<a href=\"http:\/\/support.mozilla.org\/en-US\/kb\/Clear%20Recent%20History\">http:\/\/support.mozilla.org\/en-US\/kb\/Clear%20Recent%20History<\/a><\/p>\n<p>Opera:\u00a0<a href=\"https:\/\/www.opera.com\/help\/tutorials\/security\/privacy\/\">http:\/\/www.opera.com\/browser\/tutorials\/security\/privacy<\/a><\/p>\n<p>Safari:\u00a0<a href=\"https:\/\/support.apple.com\/guide\/safari\/manage-cookies-and-website-data-sfri11471\/mac\">https:\/\/support.apple.com\/guide\/safari\/manage-cookies-and-website-data-sfri11471\/mac<\/a><\/p>\n<p>N\u00e4r anv\u00e4ndaren blockerar kakor kan det leda till att n\u00e5gra funktioner p\u00e5 webbplatsen \u00e4r kanske inte l\u00e4ngre tillg\u00e4ngliga.<\/p>\n<ol start=\"4\">\n<li><strong> Personuppgifter som behandlas av BETOTRADEO\u00dc (inklusive uppgifter)<\/strong><\/li>\n<\/ol>\n<p>BETOTRADEO\u00dc f\u00e5r behandla f\u00f6ljande personuppgifter (inklusive uppgifter):<\/p>\n<p>Kontaktuppgifter \u2013 namn, e-postadress och telefonnummer<\/p>\n<p>Uppgifter som samlas in och genereras i samband med fullg\u00f6randet av avtalet \u2013 personnummer, kundens preferenser i f\u00f6rh\u00e5llande till BETOTRADEO\u00dc:s tj\u00e4nster och produkter, \u00e5terkoppling om v\u00e5ra tj\u00e4nster, information om kundens arbete, aff\u00e4rsprocesser eller studievanor och preferenser.<\/p>\n<p>Automatiskt insamlade uppgifter \u2013 uppgifter som samlas in fr\u00e5n anv\u00e4ndarens webbl\u00e4sare, inklusive webbl\u00e4sartyp, utrustningens typ, kommunikationsspr\u00e5k, fr\u00e5n vilken webbadress anv\u00e4ndaren kom, vilka inneh\u00e5llssidor anv\u00e4ndaren bes\u00f6kte, anv\u00e4ndarens IP-adress och andra trafikuppgifter.<\/p>\n<p>Anv\u00e4ndarens handlingar i samband med BETOTRADEO\u00dc:s e-postmeddelanden \u2013 inklusive vilka e-postmeddelanden anv\u00e4ndaren \u00f6ppnades, n\u00e4r och hur.<\/p>\n<p>Andra personuppgifter som du har offentliggjort eller gjort tillg\u00e4ngliga f\u00f6r oss p\u00e5 tredje parts sociala n\u00e4tverk s\u00e5som LinkedIn, Facebook, Google Plus, Instagram och andra.<\/p>\n<p>BETOTRADEO\u00dc behandlar inte som personuppgiftsansvarig s\u00e4rskilda kategorier av personuppgifter.<\/p>\n<ol start=\"5\">\n<li><strong> Delning av personuppgifter<\/strong><\/li>\n<\/ol>\n<p>BETOTRADEO\u00dc \u00f6verf\u00f6r inte kunduppgifter till stater utanf\u00f6r Europeiska ekonomiska samarbetsomr\u00e5det (EU).<\/p>\n<p>BETOTRADEO\u00dc delar inte kundernas personuppgifter med tredje parter, f\u00f6rutom p\u00e5 de villkor som anges nedan. Alla uppgifter kommer endast att anv\u00e4ndas f\u00f6r kommunikation och f\u00f6r att tillhandah\u00e5lla en b\u00e4ttre produkt eller tj\u00e4nst.<\/p>\n<p>Vi kan dela dina personuppgifter i f\u00f6ljande fall:<\/p>\n<ul>\n<li>Skuldindrivning \u2013 leverant\u00f6rer av inkassotj\u00e4nster, register \u00f6ver uteblivna betalningar.<\/li>\n<li>Nationella tillsynsmyndigheter och polisen.<\/li>\n<li>Offentlig \u00e5terkoppling med kundens samtycke.<\/li>\n<li>F\u00f6retaget \u00f6verf\u00f6r de personuppgifter som \u00e4r n\u00f6dv\u00e4ndiga f\u00f6r genomf\u00f6randet av betalningar till personuppgiftsbitr\u00e4det Maksekeskus AS.<\/li>\n<\/ul>\n<ol start=\"6\">\n<li><strong> S\u00e4kerhet, anv\u00e4ndning och lagring av personuppgifter (uppgifter)<\/strong><\/li>\n<\/ol>\n<p>BETOTRADEO\u00dc kan skicka information till kunder om sina tj\u00e4nster, produkter, nyhetsbrev och erbjudanden om kunden har gett oss sj\u00e4lv sina kontaktuppgifter, men endast tills kunden har beg\u00e4rt att upph\u00f6ra med de sistn\u00e4mnda aktiviteterna eller har valt att inte l\u00e4ngre ta emot v\u00e5rt nyhetsbrev.<\/p>\n<p>6.1. S\u00e4kerhet f\u00f6r personuppgifter<\/p>\n<p>S\u00e4ker lagring av personuppgifter \u00e4r BETOTRADEO\u00dc:s h\u00f6gsta s\u00e4kerhetsprioritet. Vi vidtar alla t\u00e4nkbara \u00e5tg\u00e4rder f\u00f6r att f\u00f6rhindra obeh\u00f6rig \u00e5tkomst, publicering och annan olaglig behandling. Vi skyddar personuppgifternas konfidentialitet och integritet och s\u00e4kerst\u00e4ller \u00e5tkomst till uppgifter i enlighet med g\u00e4llande lagar.<\/p>\n<p>Vi har vidtagit rimliga och tillr\u00e4ckliga organisatoriska \u00e5tg\u00e4rder samt tekniska och fysiska skydds\u00e5tg\u00e4rder f\u00f6r att skydda de personuppgifter som vi samlar in och behandlar. De \u00e5tg\u00e4rder som anv\u00e4nds beror p\u00e5 typen av personuppgifter och de m\u00f6jliga konsekvenserna av att de publiceras.<\/p>\n<p>BETOTRADEO\u00dc har vidtagit n\u00f6dv\u00e4ndiga tekniska, fysiska och organisatoriska s\u00e4kerhets\u00e5tg\u00e4rder f\u00f6r att skydda kundens personuppgifter mot f\u00f6rlust och olaglig behandling.<\/p>\n<p>6.2. Lagringsperiod \u2013 hur l\u00e4nge lagrar vi personuppgifter?<\/p>\n<p>BETOTRADEO\u00dc beh\u00e5ller personuppgifter endast s\u00e5 l\u00e4nge som det \u00e4r n\u00f6dv\u00e4ndigt f\u00f6r att uppn\u00e5 det syfte f\u00f6r vilket de samlades in. Lagringsperioden beror ocks\u00e5 p\u00e5 behovet av att svara p\u00e5 f\u00f6rfr\u00e5gningar fr\u00e5n de registrerade, l\u00f6sa problem och uppfylla r\u00e4ttsliga krav p\u00e5 lagring av handlingar.<\/p>\n<p>Vi raderar personuppgifterna n\u00e4r vi inte l\u00e4ngre beh\u00f6ver dem och inte l\u00e4ngre \u00e4r skyldiga att beh\u00e5lla dem enligt lag.<\/p>\n<p>Vi kan forts\u00e4tta att anv\u00e4nda uppgifter i fr\u00e5ga f\u00f6r statistiska \u00e4ndam\u00e5l, men endast i pseudonymiserad eller anonymiserad form.<\/p>\n<p>Om du har n\u00e5gra fr\u00e5gor tveka inte att skicka oss ett e-mail: info@eurotoetused.ee<\/p>\n<ol start=\"7\">\n<li><strong> Kundens (den registrerade) r\u00e4ttigheter<\/strong><\/li>\n<\/ol>\n<p>Kunden har r\u00e4tt att f\u00e5 tillg\u00e5ng till sina egna personuppgifter som behandlas av BETOTRADEO\u00dc och har r\u00e4tt att beg\u00e4ra r\u00e4ttelse av felaktiga personuppgifter.<\/p>\n<p>Om kunden har n\u00e5gra fr\u00e5gor om sina r\u00e4ttigheter eller anser att BETOTRADEO\u00dc har kr\u00e4nkt hens r\u00e4ttigheter i behandlingen av hens personuppgifter ska hen kontakta BETOTRADEO\u00dc via e-post p\u00e5 info@kiudbetoon.ee.<\/p>\n<p>Om du inte vill ta emot marknadsf\u00f6ringsmeddelanden fr\u00e5n BETOTRADEO\u00dc kan du v\u00e4lja bort detta genom att f\u00f6lja instruktionerna i sidfoten i varje marknadsf\u00f6ringsmeddelande eller genom att kontakta oss via v\u00e5r kontaktsida.<\/p>\n<p>Den registrerades r\u00e4ttigheter<\/p>\n<p>R\u00e4tt till uppr\u00e4ttelse \u2013 den registrerade har r\u00e4tt att f\u00e5 sina felaktiga personuppgifter uppr\u00e4ttade utan on\u00f6digt dr\u00f6jsm\u00e5l.<\/p>\n<p>R\u00e4tt till radering \u2013 den registrerade har r\u00e4tt att f\u00e5 sina personuppgifter raderade utan on\u00f6digt dr\u00f6jsm\u00e5l, f\u00f6rutsatt att vissa ytterligare villkor \u00e4r uppfyllda.<\/p>\n<p>I vissa fall har den registrerade r\u00e4tt att begr\u00e4nsa behandlingen av sina personuppgifter.<\/p>\n<p>Den registrerade har r\u00e4tt att f\u00e5 tillg\u00e5ng till de personuppgifter som vi har om hen och som hen har l\u00e4mnat till oss, och har r\u00e4tt att \u00f6verf\u00f6ra dessa uppgifter till en annan personuppgiftsansvarig om det \u00e4r tekniskt m\u00f6jligt och om behandlingen grundar sig p\u00e5 samtycke eller avtal och \u00e4r automatiserad.<\/p>\n<p>Den registrerade har r\u00e4tt att n\u00e4r som helst g\u00f6ra inv\u00e4ndningar, av sk\u00e4l som h\u00e4nf\u00f6r sig till hens specifika situation, mot behandling av hens personuppgifter som utf\u00f6rs i \u00f6verensst\u00e4mmelse av relevanta best\u00e4mmelser i lagstiftningen, inklusive profilering som utf\u00f6rs p\u00e5 grundval av dessa best\u00e4mmelser.<\/p>\n<p>Om inte annat f\u00f6ljer av lagstiftningen har den registrerade r\u00e4tt att inte bli f\u00f6rem\u00e5l f\u00f6r ett beslut som enbart grundar sig p\u00e5 automatiserad behandling, inbegripet profilering, vilket har r\u00e4ttsliga f\u00f6ljder f\u00f6r hen eller p\u00e5verkar hen i betydande grad.<\/p>\n<p>Om behandlingen av personuppgifter grundar sig p\u00e5 den registrerades samtycke f\u00e5r den registrerade \u00e5terkalla sitt samtycke n\u00e4r som helst, utan att detta p\u00e5verkar lagligheten hos behandling p\u00e5 grundval av detta samtycke innan det \u00e5terkallas.<\/p>\n<p>V\u00e4nligen kontakta oss om du vill ut\u00f6va dessa r\u00e4ttigheter.<\/p>\n<p>Om du inte \u00e4r n\u00f6jd med den l\u00f6sning som BETOTRADEO\u00dc erbjuder har du r\u00e4tt att v\u00e4nda dig till Republiken Estlands dataskyddsinspektion och till domstolen.<\/p>\n<ol start=\"8\">\n<li><strong> \u00d6vriga best\u00e4mmelser<\/strong><\/li>\n<\/ol>\n<p>BETOTRADEO\u00dc f\u00f6rbeh\u00e5ller sig r\u00e4tten att ensidigt \u00e4ndra kakpolicyn och integritetspolicyn. Den senaste versionen av kakpolicyn och integritetspolicyn finns alltid tillg\u00e4nglig p\u00e5 den h\u00e4r webbplatsen.<\/p>\n<p>Denna kakpolicy och integritetspolicy regleras av lagstiftningen i Republiken Estland. Tvister eller anspr\u00e5k som uppst\u00e5r i samband med policyn ska avg\u00f6ras av Harju Maakohus (F\u00f6rstainstansdomstolen i Harju) i Tallinn.<\/p>\n<p>&nbsp;<\/p>\n","protected":false},"excerpt":{"rendered":"<p>Meddelande om kakpolicy och integritetspolicy Detta meddelande om kakpolicyn och<\/p>\n","protected":false},"author":1,"featured_media":0,"parent":0,"menu_order":0,"comment_status":"closed","ping_status":"closed","template":"","meta":{"footnotes":""},"class_list":["post-4474","page","type-page","status-publish","hentry"],"yoast_head":"<!-- This site is optimized with the Yoast SEO plugin v27.3 - https:\/\/yoast.com\/product\/yoast-seo-wordpress\/ -->\n<title>Dataskyddsvillkor - Betotrade<\/title>\n<meta name=\"robots\" content=\"index, follow, max-snippet:-1, max-image-preview:large, max-video-preview:-1\" \/>\n<link rel=\"canonical\" href=\"https:\/\/betotrade.ee\/sv\/dataskyddsvillkor\/\" \/>\n<meta property=\"og:locale\" content=\"sv_SE\" \/>\n<meta property=\"og:type\" content=\"article\" \/>\n<meta property=\"og:title\" content=\"Dataskyddsvillkor - Betotrade\" \/>\n<meta property=\"og:description\" content=\"Meddelande om kakpolicy och integritetspolicy Detta meddelande om kakpolicyn och\" \/>\n<meta property=\"og:url\" content=\"https:\/\/betotrade.ee\/sv\/dataskyddsvillkor\/\" \/>\n<meta property=\"og:site_name\" content=\"Betotrade\" \/>\n<meta property=\"article:modified_time\" content=\"2022-05-31T06:57:24+00:00\" \/>\n<meta name=\"twitter:card\" content=\"summary_large_image\" \/>\n<meta name=\"twitter:label1\" content=\"Ber\u00e4knad l\u00e4stid\" \/>\n\t<meta name=\"twitter:data1\" content=\"9 minuter\" \/>\n<script type=\"application\/ld+json\" class=\"yoast-schema-graph\">{\"@context\":\"https:\\\/\\\/schema.org\",\"@graph\":[{\"@type\":\"WebPage\",\"@id\":\"https:\\\/\\\/betotrade.ee\\\/sv\\\/dataskyddsvillkor\\\/\",\"url\":\"https:\\\/\\\/betotrade.ee\\\/sv\\\/dataskyddsvillkor\\\/\",\"name\":\"Dataskyddsvillkor - Betotrade\",\"isPartOf\":{\"@id\":\"https:\\\/\\\/betotrade.ee\\\/sv\\\/#website\"},\"datePublished\":\"2022-02-03T06:05:14+00:00\",\"dateModified\":\"2022-05-31T06:57:24+00:00\",\"breadcrumb\":{\"@id\":\"https:\\\/\\\/betotrade.ee\\\/sv\\\/dataskyddsvillkor\\\/#breadcrumb\"},\"inLanguage\":\"sv-SE\",\"potentialAction\":[{\"@type\":\"ReadAction\",\"target\":[\"https:\\\/\\\/betotrade.ee\\\/sv\\\/dataskyddsvillkor\\\/\"]}]},{\"@type\":\"BreadcrumbList\",\"@id\":\"https:\\\/\\\/betotrade.ee\\\/sv\\\/dataskyddsvillkor\\\/#breadcrumb\",\"itemListElement\":[{\"@type\":\"ListItem\",\"position\":1,\"name\":\"Home\",\"item\":\"https:\\\/\\\/betotrade.ee\\\/sv\\\/\"},{\"@type\":\"ListItem\",\"position\":2,\"name\":\"Dataskyddsvillkor\"}]},{\"@type\":\"WebSite\",\"@id\":\"https:\\\/\\\/betotrade.ee\\\/sv\\\/#website\",\"url\":\"https:\\\/\\\/betotrade.ee\\\/sv\\\/\",\"name\":\"Betotrade\",\"description\":\"Betotrade betooni lahendused\",\"potentialAction\":[{\"@type\":\"SearchAction\",\"target\":{\"@type\":\"EntryPoint\",\"urlTemplate\":\"https:\\\/\\\/betotrade.ee\\\/sv\\\/?s={search_term_string}\"},\"query-input\":{\"@type\":\"PropertyValueSpecification\",\"valueRequired\":true,\"valueName\":\"search_term_string\"}}],\"inLanguage\":\"sv-SE\"}]}<\/script>\n<!-- \/ Yoast SEO plugin. -->","yoast_head_json":{"title":"Dataskyddsvillkor - Betotrade","robots":{"index":"index","follow":"follow","max-snippet":"max-snippet:-1","max-image-preview":"max-image-preview:large","max-video-preview":"max-video-preview:-1"},"canonical":"https:\/\/betotrade.ee\/sv\/dataskyddsvillkor\/","og_locale":"sv_SE","og_type":"article","og_title":"Dataskyddsvillkor - Betotrade","og_description":"Meddelande om kakpolicy och integritetspolicy Detta meddelande om kakpolicyn och","og_url":"https:\/\/betotrade.ee\/sv\/dataskyddsvillkor\/","og_site_name":"Betotrade","article_modified_time":"2022-05-31T06:57:24+00:00","twitter_card":"summary_large_image","twitter_misc":{"Ber\u00e4knad l\u00e4stid":"9 minuter"},"schema":{"@context":"https:\/\/schema.org","@graph":[{"@type":"WebPage","@id":"https:\/\/betotrade.ee\/sv\/dataskyddsvillkor\/","url":"https:\/\/betotrade.ee\/sv\/dataskyddsvillkor\/","name":"Dataskyddsvillkor - Betotrade","isPartOf":{"@id":"https:\/\/betotrade.ee\/sv\/#website"},"datePublished":"2022-02-03T06:05:14+00:00","dateModified":"2022-05-31T06:57:24+00:00","breadcrumb":{"@id":"https:\/\/betotrade.ee\/sv\/dataskyddsvillkor\/#breadcrumb"},"inLanguage":"sv-SE","potentialAction":[{"@type":"ReadAction","target":["https:\/\/betotrade.ee\/sv\/dataskyddsvillkor\/"]}]},{"@type":"BreadcrumbList","@id":"https:\/\/betotrade.ee\/sv\/dataskyddsvillkor\/#breadcrumb","itemListElement":[{"@type":"ListItem","position":1,"name":"Home","item":"https:\/\/betotrade.ee\/sv\/"},{"@type":"ListItem","position":2,"name":"Dataskyddsvillkor"}]},{"@type":"WebSite","@id":"https:\/\/betotrade.ee\/sv\/#website","url":"https:\/\/betotrade.ee\/sv\/","name":"Betotrade","description":"Betotrade betooni lahendused","potentialAction":[{"@type":"SearchAction","target":{"@type":"EntryPoint","urlTemplate":"https:\/\/betotrade.ee\/sv\/?s={search_term_string}"},"query-input":{"@type":"PropertyValueSpecification","valueRequired":true,"valueName":"search_term_string"}}],"inLanguage":"sv-SE"}]}},"_links":{"self":[{"href":"https:\/\/betotrade.ee\/sv\/wp-json\/wp\/v2\/pages\/4474","targetHints":{"allow":["GET"]}}],"collection":[{"href":"https:\/\/betotrade.ee\/sv\/wp-json\/wp\/v2\/pages"}],"about":[{"href":"https:\/\/betotrade.ee\/sv\/wp-json\/wp\/v2\/types\/page"}],"author":[{"embeddable":true,"href":"https:\/\/betotrade.ee\/sv\/wp-json\/wp\/v2\/users\/1"}],"replies":[{"embeddable":true,"href":"https:\/\/betotrade.ee\/sv\/wp-json\/wp\/v2\/comments?post=4474"}],"version-history":[{"count":3,"href":"https:\/\/betotrade.ee\/sv\/wp-json\/wp\/v2\/pages\/4474\/revisions"}],"predecessor-version":[{"id":5565,"href":"https:\/\/betotrade.ee\/sv\/wp-json\/wp\/v2\/pages\/4474\/revisions\/5565"}],"wp:attachment":[{"href":"https:\/\/betotrade.ee\/sv\/wp-json\/wp\/v2\/media?parent=4474"}],"curies":[{"name":"wp","href":"https:\/\/api.w.org\/{rel}","templated":true}]}}