{"id":5665,"date":"2021-01-22T10:56:38","date_gmt":"2021-01-22T07:56:38","guid":{"rendered":"https:\/\/betotrade.ee\/produkter\/"},"modified":"2022-05-31T14:46:26","modified_gmt":"2022-05-31T11:46:26","slug":"produkter","status":"publish","type":"page","link":"https:\/\/betotrade.ee\/sv\/produkter\/","title":{"rendered":"Produkter"},"content":{"rendered":"<div class=\"fusion-fullwidth fullwidth-box fusion-builder-row-1 fusion-flex-container nonhundred-percent-fullwidth non-hundred-percent-height-scrolling\" style=\"--awb-border-radius-top-left:0px;--awb-border-radius-top-right:0px;--awb-border-radius-bottom-right:0px;--awb-border-radius-bottom-left:0px;--awb-padding-top:0px;--awb-margin-top:0px;--awb-flex-wrap:wrap;\" ><div class=\"fusion-builder-row fusion-row fusion-flex-align-items-flex-start fusion-flex-content-wrap\" style=\"max-width:calc( 1200px + 80px );margin-left: calc(-80px \/ 2 );margin-right: calc(-80px \/ 2 );\"><div class=\"fusion-layout-column fusion_builder_column fusion-builder-column-0 fusion_builder_column_1_4 1_4 fusion-flex-column\" style=\"--awb-bg-size:cover;--awb-width-large:25%;--awb-margin-top-large:0px;--awb-spacing-right-large:40px;--awb-margin-bottom-large:20px;--awb-spacing-left-large:40px;--awb-width-medium:25%;--awb-order-medium:0;--awb-spacing-right-medium:40px;--awb-spacing-left-medium:40px;--awb-width-small:100%;--awb-order-small:0;--awb-spacing-right-small:40px;--awb-spacing-left-small:40px;\"><div class=\"fusion-column-wrapper fusion-column-has-shadow fusion-flex-justify-content-flex-start fusion-content-layout-column\"><nav class=\"awb-menu awb-menu_column awb-menu_em-hover mobile-mode-collapse-to-button awb-menu_icons-left awb-menu_dc-yes mobile-trigger-fullwidth-off awb-menu_mobile-toggle awb-menu_indent-left mobile-size-full-absolute loading mega-menu-loading awb-menu_desktop awb-menu_dropdown awb-menu_expand-right awb-menu_transition-fade\" style=\"--awb-main-justify-content:flex-start;--awb-mobile-justify:flex-start;--awb-mobile-caret-left:auto;--awb-mobile-caret-right:0;--awb-fusion-font-family-typography:inherit;--awb-fusion-font-style-typography:normal;--awb-fusion-font-weight-typography:400;--awb-fusion-font-family-submenu-typography:inherit;--awb-fusion-font-style-submenu-typography:normal;--awb-fusion-font-weight-submenu-typography:400;--awb-fusion-font-family-mobile-typography:inherit;--awb-fusion-font-style-mobile-typography:normal;--awb-fusion-font-weight-mobile-typography:400;\" aria-label=\"Tooted\" data-breakpoint=\"1024\" data-count=\"0\" data-transition-type=\"fade\" data-transition-time=\"300\" data-expand=\"right\"><button type=\"button\" class=\"awb-menu__m-toggle awb-menu__m-toggle_no-text\" aria-expanded=\"false\" aria-controls=\"menu-tooted\"><span class=\"awb-menu__m-toggle-inner\"><span class=\"collapsed-nav-text\"><span class=\"screen-reader-text\">Toggle Navigation<\/span><\/span><span class=\"awb-menu__m-collapse-icon awb-menu__m-collapse-icon_no-text\"><span class=\"awb-menu__m-collapse-icon-open awb-menu__m-collapse-icon-open_no-text fa-bars fas\"><\/span><span class=\"awb-menu__m-collapse-icon-close awb-menu__m-collapse-icon-close_no-text fa-times fas\"><\/span><\/span><\/span><\/button><ul id=\"menu-tooted-swedish\" class=\"fusion-menu awb-menu__main-ul awb-menu__main-ul_column\"><li  id=\"menu-item-5674\"  class=\"menu-item menu-item-type-post_type menu-item-object-page menu-item-5674 awb-menu__li awb-menu__main-li awb-menu__main-li_regular\"  data-item-id=\"5674\"><span class=\"awb-menu__main-background-default awb-menu__main-background-default_fade\"><\/span><span class=\"awb-menu__main-background-active awb-menu__main-background-active_fade\"><\/span><a  href=\"https:\/\/betotrade.ee\/sv\/produkter\/\" class=\"awb-menu__main-a awb-menu__main-a_regular\"><span class=\"menu-text\">Produkter<\/span><\/a><\/li><li  id=\"menu-item-4957\"  class=\"menu-item menu-item-type-post_type menu-item-object-page menu-item-4957 awb-menu__li awb-menu__main-li awb-menu__main-li_regular\"  data-item-id=\"4957\"><span class=\"awb-menu__main-background-default awb-menu__main-background-default_fade\"><\/span><span class=\"awb-menu__main-background-active awb-menu__main-background-active_fade\"><\/span><a  href=\"https:\/\/betotrade.ee\/sv\/stalfibrer\/\" class=\"awb-menu__main-a awb-menu__main-a_regular\"><span class=\"menu-text\">St\u00e5lfibrer<\/span><\/a><\/li><li  id=\"menu-item-4958\"  class=\"menu-item menu-item-type-post_type menu-item-object-page menu-item-4958 awb-menu__li awb-menu__main-li awb-menu__main-li_regular\"  data-item-id=\"4958\"><span class=\"awb-menu__main-background-default awb-menu__main-background-default_fade\"><\/span><span class=\"awb-menu__main-background-active awb-menu__main-background-active_fade\"><\/span><a  href=\"https:\/\/betotrade.ee\/sv\/makrofibrer\/\" class=\"awb-menu__main-a awb-menu__main-a_regular\"><span class=\"menu-text\">Makrofibrer<\/span><\/a><\/li><li  id=\"menu-item-5658\"  class=\"menu-item menu-item-type-post_type menu-item-object-page menu-item-has-children menu-item-5658 awb-menu__li awb-menu__main-li awb-menu__main-li_regular\"  data-item-id=\"5658\"><span class=\"awb-menu__main-background-default awb-menu__main-background-default_fade\"><\/span><span class=\"awb-menu__main-background-active awb-menu__main-background-active_fade\"><\/span><a  href=\"https:\/\/betotrade.ee\/sv\/ythardare\/\" class=\"awb-menu__main-a awb-menu__main-a_regular\"><span class=\"menu-text\">Yth\u00e4rdare<\/span><span class=\"awb-menu__open-nav-submenu-hover\"><\/span><\/a><button type=\"button\" aria-label=\"Open submenu of Yth\u00e4rdare\" aria-expanded=\"false\" class=\"awb-menu__open-nav-submenu_mobile awb-menu__open-nav-submenu_main\"><\/button><ul class=\"awb-menu__sub-ul awb-menu__sub-ul_main\"><li  id=\"menu-item-5659\"  class=\"menu-item menu-item-type-post_type menu-item-object-page menu-item-5659 awb-menu__li awb-menu__sub-li\" ><a  href=\"https:\/\/betotrade.ee\/sv\/for-nytt-golv\/\" class=\"awb-menu__sub-a\"><span>F\u00f6r nytt golv<\/span><\/a><\/li><li  id=\"menu-item-5660\"  class=\"menu-item menu-item-type-post_type menu-item-object-page menu-item-5660 awb-menu__li awb-menu__sub-li\" ><a  href=\"https:\/\/betotrade.ee\/sv\/snabbt-hardande-reparationsblandningar\/\" class=\"awb-menu__sub-a\"><span>Snabbt h\u00e4rdande reparationsblandningar<\/span><\/a><\/li><\/ul><\/li><li  id=\"menu-item-5661\"  class=\"menu-item menu-item-type-post_type menu-item-object-page menu-item-has-children menu-item-5661 awb-menu__li awb-menu__main-li awb-menu__main-li_regular\"  data-item-id=\"5661\"><span class=\"awb-menu__main-background-default awb-menu__main-background-default_fade\"><\/span><span class=\"awb-menu__main-background-active awb-menu__main-background-active_fade\"><\/span><a  href=\"https:\/\/betotrade.ee\/sv\/betongkemi\/\" class=\"awb-menu__main-a awb-menu__main-a_regular\"><span class=\"menu-text\">Betongkemi<\/span><span class=\"awb-menu__open-nav-submenu-hover\"><\/span><\/a><button type=\"button\" aria-label=\"Open submenu of Betongkemi\" aria-expanded=\"false\" class=\"awb-menu__open-nav-submenu_mobile awb-menu__open-nav-submenu_main\"><\/button><ul class=\"awb-menu__sub-ul awb-menu__sub-ul_main\"><li  id=\"menu-item-5662\"  class=\"menu-item menu-item-type-post_type menu-item-object-page menu-item-5662 awb-menu__li awb-menu__sub-li\" ><a  href=\"https:\/\/betotrade.ee\/sv\/efterbehandlingsmedel\/\" class=\"awb-menu__sub-a\"><span>Efterbehandlingsmedel<\/span><\/a><\/li><li  id=\"menu-item-5663\"  class=\"menu-item menu-item-type-post_type menu-item-object-page menu-item-5663 awb-menu__li awb-menu__sub-li\" ><a  href=\"https:\/\/betotrade.ee\/sv\/impregneringsmedel\/\" class=\"awb-menu__sub-a\"><span>Impregneringsmedel<\/span><\/a><\/li><li  id=\"menu-item-4959\"  class=\"menu-item menu-item-type-post_type menu-item-object-page menu-item-4959 awb-menu__li awb-menu__sub-li\" ><a  href=\"https:\/\/betotrade.ee\/sv\/tillsatsmedel-som-kompenserar-betongens-krympning\/\" class=\"awb-menu__sub-a\"><span>Tillsatsmedel som kompenserar betongens krympning<\/span><\/a><\/li><\/ul><\/li><li  id=\"menu-item-9590\"  class=\"menu-item menu-item-type-post_type menu-item-object-page menu-item-9590 awb-menu__li awb-menu__main-li awb-menu__main-li_regular\"  data-item-id=\"9590\"><span class=\"awb-menu__main-background-default awb-menu__main-background-default_fade\"><\/span><span class=\"awb-menu__main-background-active awb-menu__main-background-active_fade\"><\/span><a  href=\"https:\/\/betotrade.ee\/sv\/pepi-pad\/\" class=\"awb-menu__main-a awb-menu__main-a_regular\"><span class=\"menu-text\">Pepi Pad<\/span><\/a><\/li><\/ul><\/nav><\/div><\/div><div class=\"fusion-layout-column fusion_builder_column fusion-builder-column-1 fusion_builder_column_3_4 3_4 fusion-flex-column\" style=\"--awb-bg-size:cover;--awb-width-large:75%;--awb-margin-top-large:0px;--awb-spacing-right-large:40px;--awb-margin-bottom-large:20px;--awb-spacing-left-large:40px;--awb-width-medium:75%;--awb-order-medium:0;--awb-spacing-right-medium:40px;--awb-spacing-left-medium:40px;--awb-width-small:100%;--awb-order-small:0;--awb-spacing-right-small:40px;--awb-spacing-left-small:40px;\"><div class=\"fusion-column-wrapper fusion-column-has-shadow fusion-flex-justify-content-flex-start fusion-content-layout-column\"><div class=\"fusion-content-boxes content-boxes columns row fusion-columns-4 fusion-columns-total-4 fusion-content-boxes-1 content-boxes-icon-on-top content-left\" style=\"--awb-hover-accent-color:var(--awb-color4);--awb-circle-hover-accent-color:var(--awb-color4);\" data-animationOffset=\"top-into-view\"><div style=\"--awb-backgroundcolor:rgba(255,255,255,0);\" class=\"fusion-column content-box-column content-box-column content-box-column-1 col-lg-3 col-md-3 col-sm-3 fusion-content-box-hover content-box-column-first-in-row\"><div class=\"col content-box-wrapper content-wrapper link-area-link-icon link-type-text content-icon-wrapper-yes icon-hover-animation-fade\" data-animationOffset=\"top-into-view\"><div class=\"heading heading-with-icon icon-left\"><a class=\"heading-link\" href=\"https:\/\/betotrade.ee\/sv\/stalfibrer\/\" target=\"_self\"><div aria-hidden=\"true\" class=\"image\"><img decoding=\"async\" class=\"lazyload\" src=\"data:image\/svg+xml,%3Csvg%20xmlns%3D%27http%3A%2F%2Fwww.w3.org%2F2000%2Fsvg%27%20width%3D%27430%27%20height%3D%27430%27%20viewBox%3D%270%200%20430%20430%27%3E%3Crect%20width%3D%27430%27%20height%3D%27430%27%20fill-opacity%3D%220%22%2F%3E%3C%2Fsvg%3E\" data-orig-src=\"https:\/\/betotrade.ee\/wp-content\/uploads\/2022\/02\/teraskiud.png\" width=\"150\" height=\"150\" alt=\"\" \/><\/div><h3 class=\"content-box-heading\" style=\"--h3_typography-font-size:18px;line-height:23px;\">St\u00e5lfibrer<\/h3><\/a><\/div><\/div><\/div><div style=\"--awb-backgroundcolor:rgba(255,255,255,0);\" class=\"fusion-column content-box-column content-box-column content-box-column-2 col-lg-3 col-md-3 col-sm-3 fusion-content-box-hover \"><div class=\"col content-box-wrapper content-wrapper link-area-link-icon link-type-text content-icon-wrapper-yes icon-hover-animation-fade\" data-animationOffset=\"top-into-view\"><div class=\"heading heading-with-icon icon-left\"><a class=\"heading-link\" href=\"https:\/\/betotrade.ee\/sv\/makrofibrer\/\" target=\"_self\"><div aria-hidden=\"true\" class=\"image\"><img decoding=\"async\" class=\"lazyload\" src=\"data:image\/svg+xml,%3Csvg%20xmlns%3D%27http%3A%2F%2Fwww.w3.org%2F2000%2Fsvg%27%20width%3D%27430%27%20height%3D%27430%27%20viewBox%3D%270%200%20430%20430%27%3E%3Crect%20width%3D%27430%27%20height%3D%27430%27%20fill-opacity%3D%220%22%2F%3E%3C%2Fsvg%3E\" data-orig-src=\"https:\/\/betotrade.ee\/wp-content\/uploads\/2022\/02\/image001-300x300.png\" width=\"150\" height=\"150\" alt=\"\" \/><\/div><h3 class=\"content-box-heading\" style=\"--h3_typography-font-size:18px;line-height:23px;\">Makrofibrer<\/h3><\/a><\/div><\/div><\/div><div style=\"--awb-backgroundcolor:rgba(255,255,255,0);\" class=\"fusion-column content-box-column content-box-column content-box-column-3 col-lg-3 col-md-3 col-sm-3 fusion-content-box-hover \"><div class=\"col content-box-wrapper content-wrapper link-area-link-icon link-type-text content-icon-wrapper-yes icon-hover-animation-fade\" data-animationOffset=\"top-into-view\"><div class=\"heading heading-with-icon icon-left\"><a class=\"heading-link\" href=\"https:\/\/betotrade.ee\/sv\/ythardare\/\" target=\"_self\"><div aria-hidden=\"true\" class=\"image\"><img decoding=\"async\" class=\"lazyload\" src=\"data:image\/svg+xml,%3Csvg%20xmlns%3D%27http%3A%2F%2Fwww.w3.org%2F2000%2Fsvg%27%20width%3D%27431%27%20height%3D%27430%27%20viewBox%3D%270%200%20431%20430%27%3E%3Crect%20width%3D%27431%27%20height%3D%27430%27%20fill-opacity%3D%220%22%2F%3E%3C%2Fsvg%3E\" data-orig-src=\"https:\/\/betotrade.ee\/wp-content\/uploads\/2022\/03\/Uus_porand-300x300.png\" width=\"150\" height=\"150\" alt=\"Pinnak\u00f5vendi uuele p\u00f5randale\" \/><\/div><h3 class=\"content-box-heading\" style=\"--h3_typography-font-size:18px;line-height:23px;\">Yth\u00e4rdare<\/h3><\/a><\/div><\/div><\/div><div style=\"--awb-backgroundcolor:rgba(255,255,255,0);\" class=\"fusion-column content-box-column content-box-column content-box-column-4 col-lg-3 col-md-3 col-sm-3 fusion-content-box-hover content-box-column-last content-box-column-last-in-row\"><div class=\"col content-box-wrapper content-wrapper link-area-link-icon link-type-text content-icon-wrapper-yes icon-hover-animation-fade\" data-animationOffset=\"top-into-view\"><div class=\"heading heading-with-icon icon-left\"><a class=\"heading-link\" href=\"https:\/\/betotrade.ee\/sv\/betongkemi\/\" target=\"_self\"><div aria-hidden=\"true\" class=\"image\"><img decoding=\"async\" class=\"lazyload\" src=\"data:image\/svg+xml,%3Csvg%20xmlns%3D%27http%3A%2F%2Fwww.w3.org%2F2000%2Fsvg%27%20width%3D%27430%27%20height%3D%27430%27%20viewBox%3D%270%200%20430%20430%27%3E%3Crect%20width%3D%27430%27%20height%3D%27430%27%20fill-opacity%3D%220%22%2F%3E%3C%2Fsvg%3E\" data-orig-src=\"https:\/\/betotrade.ee\/wp-content\/uploads\/2022\/02\/betoonikeemia-sisse-.png\" width=\"150\" height=\"150\" alt=\"\" \/><\/div><h3 class=\"content-box-heading\" style=\"--h3_typography-font-size:18px;line-height:23px;\">Betongkemi<\/h3><\/a><\/div><\/div><\/div><div class=\"fusion-clearfix\"><\/div><\/div><\/div><\/div><\/div><\/div>\n","protected":false},"excerpt":{"rendered":"","protected":false},"author":1,"featured_media":0,"parent":0,"menu_order":0,"comment_status":"closed","ping_status":"closed","template":"100-width.php","meta":{"footnotes":""},"class_list":["post-5665","page","type-page","status-publish","hentry"],"yoast_head":"<!-- This site is optimized with the Yoast SEO plugin v27.1.1 - https:\/\/yoast.com\/product\/yoast-seo-wordpress\/ -->\n<title>Produkter - Betotrade<\/title>\n<meta name=\"description\" content=\"Betotrades utbud omfattar ett brett utbud av yth\u00e4rdare, verktyg, betongkemi, st\u00e5l och makrofibrer, fogprofiler, hj\u00e4lpmaterial mm.\" \/>\n<meta name=\"robots\" content=\"index, follow, max-snippet:-1, max-image-preview:large, max-video-preview:-1\" \/>\n<link rel=\"canonical\" href=\"https:\/\/betotrade.ee\/sv\/produkter\/\" \/>\n<meta property=\"og:locale\" content=\"sv_SE\" \/>\n<meta property=\"og:type\" content=\"article\" \/>\n<meta property=\"og:title\" content=\"Produkter - Betotrade\" \/>\n<meta property=\"og:description\" content=\"Betotrades utbud omfattar ett brett utbud av yth\u00e4rdare, verktyg, betongkemi, st\u00e5l och makrofibrer, fogprofiler, hj\u00e4lpmaterial mm.\" \/>\n<meta property=\"og:url\" content=\"https:\/\/betotrade.ee\/sv\/produkter\/\" \/>\n<meta property=\"og:site_name\" content=\"Betotrade\" \/>\n<meta property=\"article:modified_time\" content=\"2022-05-31T11:46:26+00:00\" \/>\n<meta name=\"twitter:card\" content=\"summary_large_image\" \/>\n<meta name=\"twitter:label1\" content=\"Ber\u00e4knad l\u00e4stid\" \/>\n\t<meta name=\"twitter:data1\" content=\"4 minuter\" \/>\n<script type=\"application\/ld+json\" class=\"yoast-schema-graph\">{\"@context\":\"https:\/\/schema.org\",\"@graph\":[{\"@type\":\"WebPage\",\"@id\":\"https:\/\/betotrade.ee\/sv\/produkter\/\",\"url\":\"https:\/\/betotrade.ee\/sv\/produkter\/\",\"name\":\"Produkter - Betotrade\",\"isPartOf\":{\"@id\":\"https:\/\/betotrade.ee\/sv\/#website\"},\"datePublished\":\"2021-01-22T07:56:38+00:00\",\"dateModified\":\"2022-05-31T11:46:26+00:00\",\"description\":\"Betotrades utbud omfattar ett brett utbud av yth\u00e4rdare, verktyg, betongkemi, st\u00e5l och makrofibrer, fogprofiler, hj\u00e4lpmaterial mm.\",\"breadcrumb\":{\"@id\":\"https:\/\/betotrade.ee\/sv\/produkter\/#breadcrumb\"},\"inLanguage\":\"sv-SE\",\"potentialAction\":[{\"@type\":\"ReadAction\",\"target\":[\"https:\/\/betotrade.ee\/sv\/produkter\/\"]}]},{\"@type\":\"BreadcrumbList\",\"@id\":\"https:\/\/betotrade.ee\/sv\/produkter\/#breadcrumb\",\"itemListElement\":[{\"@type\":\"ListItem\",\"position\":1,\"name\":\"Home\",\"item\":\"https:\/\/betotrade.ee\/sv\/\"},{\"@type\":\"ListItem\",\"position\":2,\"name\":\"Produkter\"}]},{\"@type\":\"WebSite\",\"@id\":\"https:\/\/betotrade.ee\/sv\/#website\",\"url\":\"https:\/\/betotrade.ee\/sv\/\",\"name\":\"Betotrade\",\"description\":\"Betotrade betooni lahendused\",\"potentialAction\":[{\"@type\":\"SearchAction\",\"target\":{\"@type\":\"EntryPoint\",\"urlTemplate\":\"https:\/\/betotrade.ee\/sv\/?s={search_term_string}\"},\"query-input\":{\"@type\":\"PropertyValueSpecification\",\"valueRequired\":true,\"valueName\":\"search_term_string\"}}],\"inLanguage\":\"sv-SE\"}]}<\/script>\n<!-- \/ Yoast SEO plugin. -->","yoast_head_json":{"title":"Produkter - Betotrade","description":"Betotrades utbud omfattar ett brett utbud av yth\u00e4rdare, verktyg, betongkemi, st\u00e5l och makrofibrer, fogprofiler, hj\u00e4lpmaterial mm.","robots":{"index":"index","follow":"follow","max-snippet":"max-snippet:-1","max-image-preview":"max-image-preview:large","max-video-preview":"max-video-preview:-1"},"canonical":"https:\/\/betotrade.ee\/sv\/produkter\/","og_locale":"sv_SE","og_type":"article","og_title":"Produkter - Betotrade","og_description":"Betotrades utbud omfattar ett brett utbud av yth\u00e4rdare, verktyg, betongkemi, st\u00e5l och makrofibrer, fogprofiler, hj\u00e4lpmaterial mm.","og_url":"https:\/\/betotrade.ee\/sv\/produkter\/","og_site_name":"Betotrade","article_modified_time":"2022-05-31T11:46:26+00:00","twitter_card":"summary_large_image","twitter_misc":{"Ber\u00e4knad l\u00e4stid":"4 minuter"},"schema":{"@context":"https:\/\/schema.org","@graph":[{"@type":"WebPage","@id":"https:\/\/betotrade.ee\/sv\/produkter\/","url":"https:\/\/betotrade.ee\/sv\/produkter\/","name":"Produkter - Betotrade","isPartOf":{"@id":"https:\/\/betotrade.ee\/sv\/#website"},"datePublished":"2021-01-22T07:56:38+00:00","dateModified":"2022-05-31T11:46:26+00:00","description":"Betotrades utbud omfattar ett brett utbud av yth\u00e4rdare, verktyg, betongkemi, st\u00e5l och makrofibrer, fogprofiler, hj\u00e4lpmaterial mm.","breadcrumb":{"@id":"https:\/\/betotrade.ee\/sv\/produkter\/#breadcrumb"},"inLanguage":"sv-SE","potentialAction":[{"@type":"ReadAction","target":["https:\/\/betotrade.ee\/sv\/produkter\/"]}]},{"@type":"BreadcrumbList","@id":"https:\/\/betotrade.ee\/sv\/produkter\/#breadcrumb","itemListElement":[{"@type":"ListItem","position":1,"name":"Home","item":"https:\/\/betotrade.ee\/sv\/"},{"@type":"ListItem","position":2,"name":"Produkter"}]},{"@type":"WebSite","@id":"https:\/\/betotrade.ee\/sv\/#website","url":"https:\/\/betotrade.ee\/sv\/","name":"Betotrade","description":"Betotrade betooni lahendused","potentialAction":[{"@type":"SearchAction","target":{"@type":"EntryPoint","urlTemplate":"https:\/\/betotrade.ee\/sv\/?s={search_term_string}"},"query-input":{"@type":"PropertyValueSpecification","valueRequired":true,"valueName":"search_term_string"}}],"inLanguage":"sv-SE"}]}},"_links":{"self":[{"href":"https:\/\/betotrade.ee\/sv\/wp-json\/wp\/v2\/pages\/5665","targetHints":{"allow":["GET"]}}],"collection":[{"href":"https:\/\/betotrade.ee\/sv\/wp-json\/wp\/v2\/pages"}],"about":[{"href":"https:\/\/betotrade.ee\/sv\/wp-json\/wp\/v2\/types\/page"}],"author":[{"embeddable":true,"href":"https:\/\/betotrade.ee\/sv\/wp-json\/wp\/v2\/users\/1"}],"replies":[{"embeddable":true,"href":"https:\/\/betotrade.ee\/sv\/wp-json\/wp\/v2\/comments?post=5665"}],"version-history":[{"count":6,"href":"https:\/\/betotrade.ee\/sv\/wp-json\/wp\/v2\/pages\/5665\/revisions"}],"predecessor-version":[{"id":5678,"href":"https:\/\/betotrade.ee\/sv\/wp-json\/wp\/v2\/pages\/5665\/revisions\/5678"}],"wp:attachment":[{"href":"https:\/\/betotrade.ee\/sv\/wp-json\/wp\/v2\/media?parent=5665"}],"curies":[{"name":"wp","href":"https:\/\/api.w.org\/{rel}","templated":true}]}}